{"id":1303,"date":"2022-01-26T10:57:55","date_gmt":"2022-01-26T10:57:55","guid":{"rendered":"https:\/\/hydroandme.com\/nutzungsbedingungen\/"},"modified":"2022-01-26T10:58:47","modified_gmt":"2022-01-26T10:58:47","slug":"nutzungsbedingungen","status":"publish","type":"page","link":"https:\/\/hydroandme.com\/de\/nutzungsbedingungen\/","title":{"rendered":"Nutzungsbedingungen"},"content":{"rendered":"[vc_row type=&#8220;full_width_background&#8220; full_screen_row_position=&#8220;middle&#8220; column_margin=&#8220;default&#8220; column_direction=&#8220;default&#8220; column_direction_tablet=&#8220;default&#8220; column_direction_phone=&#8220;default&#8220; scene_position=&#8220;center&#8220; text_color=&#8220;light&#8220; text_align=&#8220;left&#8220; row_border_radius=&#8220;none&#8220; row_border_radius_applies=&#8220;bg&#8220; enable_gradient=&#8220;true&#8220; color_overlay=&#8220;#ffd937&#8243; color_overlay_2=&#8220;rgba(255,217,55,0.18)&#8220; overlay_strength=&#8220;0.95&#8243; gradient_direction=&#8220;left_to_right&#8220; enable_shape_divider=&#8220;true&#8220; shape_divider_position=&#8220;bottom&#8220; shape_divider_height=&#8220;100&#8243; bg_image_animation=&#8220;none&#8220; shape_type=&#8220;curve&#8220;][vc_column column_padding=&#8220;padding-14-percent&#8220; column_padding_tablet=&#8220;inherit&#8220; column_padding_phone=&#8220;inherit&#8220; column_padding_position=&#8220;all&#8220; column_element_spacing=&#8220;default&#8220; background_color_opacity=&#8220;1&#8243; background_hover_color_opacity=&#8220;1&#8243; column_shadow=&#8220;none&#8220; column_border_radius=&#8220;none&#8220; column_link_target=&#8220;_self&#8220; gradient_direction=&#8220;left_to_right&#8220; overlay_strength=&#8220;0.3&#8243; width=&#8220;1\/1&#8243; tablet_width_inherit=&#8220;default&#8220; tablet_text_alignment=&#8220;default&#8220; phone_text_alignment=&#8220;default&#8220; bg_image_animation=&#8220;none&#8220; border_type=&#8220;simple&#8220; column_border_width=&#8220;none&#8220; column_border_style=&#8220;solid&#8220;][vc_column_text]\n<h1>Nutzungsbedingungen<\/h1>\n[\/vc_column_text][\/vc_column][\/vc_row][vc_row type=&#8220;in_container&#8220; full_screen_row_position=&#8220;middle&#8220; column_margin=&#8220;default&#8220; column_direction=&#8220;default&#8220; column_direction_tablet=&#8220;default&#8220; column_direction_phone=&#8220;default&#8220; scene_position=&#8220;center&#8220; text_color=&#8220;dark&#8220; text_align=&#8220;left&#8220; row_border_radius=&#8220;none&#8220; row_border_radius_applies=&#8220;bg&#8220; overlay_strength=&#8220;0.3&#8243; gradient_direction=&#8220;left_to_right&#8220; shape_divider_position=&#8220;bottom&#8220; bg_image_animation=&#8220;none&#8220;][vc_column column_padding=&#8220;no-extra-padding&#8220; column_padding_tablet=&#8220;inherit&#8220; column_padding_phone=&#8220;inherit&#8220; column_padding_position=&#8220;all&#8220; column_element_spacing=&#8220;default&#8220; background_color_opacity=&#8220;1&#8243; background_hover_color_opacity=&#8220;1&#8243; column_shadow=&#8220;none&#8220; column_border_radius=&#8220;none&#8220; column_link_target=&#8220;_self&#8220; gradient_direction=&#8220;left_to_right&#8220; overlay_strength=&#8220;0.3&#8243; width=&#8220;1\/1&#8243; tablet_width_inherit=&#8220;default&#8220; tablet_text_alignment=&#8220;default&#8220; phone_text_alignment=&#8220;default&#8220; bg_image_animation=&#8220;none&#8220; border_type=&#8220;simple&#8220; column_border_width=&#8220;none&#8220; column_border_style=&#8220;solid&#8220;][vc_column_text]<strong>Zielgruppe der Website<\/strong><\/p>\n<p><i>Diese Website ist nicht f\u00fcr Personen unter 18 Jahren bestimmt.<\/i><\/p>\n<p>Sie sind derzeit mit der Integra-Website f\u00fcr die Regionen Europa, Naher Osten und Afrika verbunden.<br \/>\n<strong>DIE AUF DIESER WEBSITE ENTHALTENEN INFORMATIONEN SIND NUR F\u00dcR B\u00dcRGER AUS EUROPA (au\u00dfer Frankreich und Italien), DEM NAHEN OSTEN UND AFRIKA BESTIMMT.<\/strong><\/p>\n<p><strong>Herausgeber:<\/strong><br \/>\nIntegra LifeSciences Services (France)<br \/>\nSoci\u00e9t\u00e9 par Actions simplifi\u00e9es au capital de 4.717.887,08 \u20ac<\/p>\n<p><b>Anschrift<\/b><strong>:<\/strong><br \/>\nImmeuble S\u00e9quoia 2<br \/>\n97 All\u00e9e Alexandre Borodine<br \/>\nParc Technologique de la Porte des Alpes<br \/>\n69800 Saint Priest (Frankreich)<br \/>\nTelefon:\u00a0+33 (0)4 37 47 59 00 \u2013 Fax:\u00a0+33 (0)4 37 47 59 99<br \/>\nRCS Lyon 492\u00a0534\u00a0466<\/p>\n<p><strong>Publikationsdirektor:<\/strong><br \/>\n<span lang=\"FR\">Integra LifeSciences Services (Frankreich)<\/span><\/p>\n<p><strong>Webmaster:<\/strong><br \/>\n<span lang=\"FR\">Integra LifeSciences Services (Frankreich)<\/span><\/p>\n<p><strong>Websitebetreiber:<\/strong><br \/>\nSAS OVH<br \/>\n2 rue Kellermann<br \/>\n59100 Roubaix (Frankreich)<\/p>\n<p>Der gesamte Inhalt dieser Internet-Seite ist Eigentum der Integra LifeSciences Corporation oder ihrer Tochtergesellschaften und ist durch weltweite Urheberrechtsgesetze gesch\u00fctzt. Sie d\u00fcrfen die Inhalte nur f\u00fcr Ihren pers\u00f6nlichen Gebrauch zu nicht-kommerziellen Zwecken herunterladen. Eine \u00c4nderung oder weitere Reproduktion des Inhalts ist jedoch nicht gestattet.<br \/>\nDer Inhalt darf zu keinen anderen Zwecken kopiert oder verwendet werden.<\/p>\n<p>DIE INFORMATIONEN, EINSCHLIESSLICH JEGLICHER EMPFEHLUNGEN AUF DER WEBSITE, SIND AUSSCHLIESSLICH ZUR ALLGEMEINEN AUFKL\u00c4RUNG BESTIMMT. SIE SIND NICHT ALS MEDIZINISCHE ODER GESUNDHEITLICHE EMPFEHLUNGEN ODER ZUR VERWENDUNG F\u00dcR EINE MEDIZINISCHE DIAGNOSE ODER BEHANDLUNG IN EINER INDIVIDUELLEN SITUATION BESTIMMT. SIE SIND AUCH NICHT ALS ERSATZ F\u00dcR EINE PROFESSIONELLE BERATUNG UND DIE DIENSTLEISTUNGEN DURCH EINEN QUALIFIZIERTEN GESUNDHEITSDIENSTLEISTER BESTIMMT. LASSEN SIE SICH STETS VON IHREM ARZT ODER EINEM ANDEREN QUALIFIZIERTEN GESUNDHEITSDIENSTLEISTER BERATEN, BEVOR SIE EINE NEUE BEHANDLUNG BEGINNEN. DIE NUTZUNG DER WEBSITE UNTERLIEGT DEN ZUS\u00c4TZLICHEN HAFTUNGSAUSSCHL\u00dcSSEN UND WARNHINWEISEN, DIE AUF DER WEBSITE ERSCHEINEN K\u00d6NNEN.<\/p>\n<p>DAR\u00dcBER HINAUS KANN DIE VERF\u00dcGBARKEIT DER AUF DIESER WEBSITE DARGESTELLTEN PRODUKTE JE NACH LAND ODER REGION ABWEICHEN, WAS AUF DIE SPEZIFISCHEN LOKALEN BEH\u00d6RDLICHEN GENEHMIGUNGS- ODER FREIGABEANFORDERUNGEN F\u00dcR DEN VERKAUF IN DIESEM LAND ODER DIESER REGION ZUR\u00dcCKZUF\u00dcHREN IST.<\/p>\n<p>Die Eigent\u00fcmer dieser Website bem\u00fchen sich in angemessener Weise um die Aufnahme aktueller und genauer Informationen in diese Website, geben jedoch keine Zusicherungen, Garantien oder Gew\u00e4hrleistungen in Bezug auf die Genauigkeit, Aktualit\u00e4t oder Vollst\u00e4ndigkeit der bereitgestellten Informationen. Die Eigent\u00fcmer dieser Website haften nicht f\u00fcr Sch\u00e4den oder Verletzungen, die sich aus dem Zugriff auf diese Website oder der Unm\u00f6glichkeit des Zugriffs auf diese Website oder aus dem Vertrauen auf die auf dieser Website bereitgestellten Informationen ergeben.<\/p>\n<p>Diese Website kann Links oder Verweise auf andere Websites enthalten. Die Eigent\u00fcmer dieser Website \u00fcbernehmen jedoch keine Verantwortung f\u00fcr den Inhalt dieser anderen Websites und haften nicht f\u00fcr Sch\u00e4den oder Verletzungen, die aus diesem Inhalt entstehen. Jegliche Links zu anderen Websites werden lediglich als Annehmlichkeit f\u00fcr die Nutzer dieser Website bereitgestellt.<\/p>\n<p>Die Marken, Dienstleistungsmarken, Handelsnamen, Handelsaufmachungen und Produkte auf dieser Website sind in den Vereinigten Staaten und international gesch\u00fctzt. Sie d\u00fcrfen ohne vorherige schriftliche Genehmigung der Eigent\u00fcmer dieser Website nicht verwendet werden, es sei denn, sie dienen der Identifizierung der Produkte oder Dienstleistungen des Unternehmens.<\/p>\n<p>Alle personenbezogenen Daten in elektronischen Mitteilungen an diese Website unterliegen der <a href=\"https:\/\/www.integralife.com\/privacy\">Datenschutzrichtlinie<\/a> dieser Website. Den Eigent\u00fcmern dieser Website steht es frei, alle anderen Informationen in solchen Mitteilungen, einschlie\u00dflich aller darin offengelegten Ideen, Erfindungen, Konzepte, Techniken oder Fachkenntnisse, f\u00fcr beliebige Zwecke zu verwenden oder zu kopieren. Solche Zwecke k\u00f6nnen die Offenlegung an Dritte und\/oder die Entwicklung, Herstellung und\/oder Vermarktung von Waren oder Dienstleistungen umfassen.<\/p>\n<p>Der Absender von Mitteilungen an diese Internet-Seite oder an die Eigent\u00fcmer dieser Website ist f\u00fcr den Inhalt und die darin enthaltenen Informationen, einschlie\u00dflich deren Wahrheitsgehalt und Genauigkeit, verantwortlich.[\/vc_column_text][\/vc_column][\/vc_row]\n","protected":false},"excerpt":{"rendered":"<p>[vc_row type=&#8220;full_width_background&#8220; full_screen_row_position=&#8220;middle&#8220; column_margin=&#8220;default&#8220; column_direction=&#8220;default&#8220; column_direction_tablet=&#8220;default&#8220; column_direction_phone=&#8220;default&#8220; scene_position=&#8220;center&#8220; text_color=&#8220;light&#8220; text_align=&#8220;left&#8220; row_border_radius=&#8220;none&#8220; row_border_radius_applies=&#8220;bg&#8220; enable_gradient=&#8220;true&#8220; color_overlay=&#8220;#ffd937&#8243; color_overlay_2=&#8220;rgba(255,217,55,0.18)&#8220; overlay_strength=&#8220;0.95&#8243; gradient_direction=&#8220;left_to_right&#8220; enable_shape_divider=&#8220;true&#8220; shape_divider_position=&#8220;bottom&#8220; shape_divider_height=&#8220;100&#8243; bg_image_animation=&#8220;none&#8220; shape_type=&#8220;curve&#8220;][vc_column column_padding=&#8220;padding-14-percent&#8220; column_padding_tablet=&#8220;inherit&#8220; column_padding_phone=&#8220;inherit&#8220; column_padding_position=&#8220;all&#8220; column_element_spacing=&#8220;default&#8220; background_color_opacity=&#8220;1&#8243; background_hover_color_opacity=&#8220;1&#8243; column_shadow=&#8220;none&#8220;&#8230;<\/p>\n","protected":false},"author":1,"featured_media":0,"parent":0,"menu_order":0,"comment_status":"closed","ping_status":"closed","template":"","meta":{"content-type":"","inline_featured_image":false,"footnotes":""},"class_list":["post-1303","page","type-page","status-publish"],"yoast_head":"<!-- This site is optimized with the Yoast SEO plugin v27.4 - https:\/\/yoast.com\/product\/yoast-seo-wordpress\/ -->\n<title>Nutzungsbedingungen - hydroandme<\/title>\n<meta name=\"robots\" content=\"index, follow, max-snippet:-1, max-image-preview:large, max-video-preview:-1\" \/>\n<link rel=\"canonical\" href=\"https:\/\/hydroandme.com\/de\/nutzungsbedingungen\/\" \/>\n<meta property=\"og:locale\" content=\"de_DE\" \/>\n<meta property=\"og:type\" content=\"article\" \/>\n<meta property=\"og:title\" content=\"Nutzungsbedingungen - hydroandme\" \/>\n<meta property=\"og:description\" content=\"[vc_row type=&#8220;full_width_background&#8220; full_screen_row_position=&#8220;middle&#8220; column_margin=&#8220;default&#8220; column_direction=&#8220;default&#8220; column_direction_tablet=&#8220;default&#8220; column_direction_phone=&#8220;default&#8220; scene_position=&#8220;center&#8220; text_color=&#8220;light&#8220; text_align=&#8220;left&#8220; row_border_radius=&#8220;none&#8220; row_border_radius_applies=&#8220;bg&#8220; enable_gradient=&#8220;true&#8220; color_overlay=&#8220;#ffd937&#8243; color_overlay_2=&#8220;rgba(255,217,55,0.18)&#8220; overlay_strength=&#8220;0.95&#8243; gradient_direction=&#8220;left_to_right&#8220; enable_shape_divider=&#8220;true&#8220; shape_divider_position=&#8220;bottom&#8220; shape_divider_height=&#8220;100&#8243; bg_image_animation=&#8220;none&#8220; shape_type=&#8220;curve&#8220;][vc_column column_padding=&#8220;padding-14-percent&#8220; column_padding_tablet=&#8220;inherit&#8220; column_padding_phone=&#8220;inherit&#8220; column_padding_position=&#8220;all&#8220; column_element_spacing=&#8220;default&#8220; background_color_opacity=&#8220;1&#8243; background_hover_color_opacity=&#8220;1&#8243; column_shadow=&#8220;none&#8220;...\" \/>\n<meta property=\"og:url\" content=\"https:\/\/hydroandme.com\/de\/nutzungsbedingungen\/\" \/>\n<meta property=\"og:site_name\" content=\"hydroandme\" \/>\n<meta property=\"article:modified_time\" content=\"2022-01-26T10:58:47+00:00\" \/>\n<meta name=\"twitter:card\" content=\"summary_large_image\" \/>\n<meta name=\"twitter:label1\" content=\"Gesch\u00e4tzte Lesezeit\" \/>\n\t<meta name=\"twitter:data1\" content=\"4\u00a0Minuten\" \/>\n<script type=\"application\/ld+json\" class=\"yoast-schema-graph\">{\"@context\":\"https:\\\/\\\/schema.org\",\"@graph\":[{\"@type\":\"WebPage\",\"@id\":\"https:\\\/\\\/hydroandme.com\\\/de\\\/nutzungsbedingungen\\\/\",\"url\":\"https:\\\/\\\/hydroandme.com\\\/de\\\/nutzungsbedingungen\\\/\",\"name\":\"Nutzungsbedingungen - hydroandme\",\"isPartOf\":{\"@id\":\"https:\\\/\\\/hydroandme.com\\\/de\\\/#website\"},\"datePublished\":\"2022-01-26T10:57:55+00:00\",\"dateModified\":\"2022-01-26T10:58:47+00:00\",\"breadcrumb\":{\"@id\":\"https:\\\/\\\/hydroandme.com\\\/de\\\/nutzungsbedingungen\\\/#breadcrumb\"},\"inLanguage\":\"de\",\"potentialAction\":[{\"@type\":\"ReadAction\",\"target\":[\"https:\\\/\\\/hydroandme.com\\\/de\\\/nutzungsbedingungen\\\/\"]}]},{\"@type\":\"BreadcrumbList\",\"@id\":\"https:\\\/\\\/hydroandme.com\\\/de\\\/nutzungsbedingungen\\\/#breadcrumb\",\"itemListElement\":[{\"@type\":\"ListItem\",\"position\":1,\"name\":\"Home\",\"item\":\"https:\\\/\\\/hydroandme.com\\\/de\\\/\"},{\"@type\":\"ListItem\",\"position\":2,\"name\":\"Nutzungsbedingungen\"}]},{\"@type\":\"WebSite\",\"@id\":\"https:\\\/\\\/hydroandme.com\\\/de\\\/#website\",\"url\":\"https:\\\/\\\/hydroandme.com\\\/de\\\/\",\"name\":\"hydroandme\",\"description\":\"General information on hydrocephalus\",\"potentialAction\":[{\"@type\":\"SearchAction\",\"target\":{\"@type\":\"EntryPoint\",\"urlTemplate\":\"https:\\\/\\\/hydroandme.com\\\/de\\\/?s={search_term_string}\"},\"query-input\":{\"@type\":\"PropertyValueSpecification\",\"valueRequired\":true,\"valueName\":\"search_term_string\"}}],\"inLanguage\":\"de\"}]}<\/script>\n<!-- \/ Yoast SEO plugin. -->","yoast_head_json":{"title":"Nutzungsbedingungen - hydroandme","robots":{"index":"index","follow":"follow","max-snippet":"max-snippet:-1","max-image-preview":"max-image-preview:large","max-video-preview":"max-video-preview:-1"},"canonical":"https:\/\/hydroandme.com\/de\/nutzungsbedingungen\/","og_locale":"de_DE","og_type":"article","og_title":"Nutzungsbedingungen - hydroandme","og_description":"[vc_row type=&#8220;full_width_background&#8220; full_screen_row_position=&#8220;middle&#8220; column_margin=&#8220;default&#8220; column_direction=&#8220;default&#8220; column_direction_tablet=&#8220;default&#8220; column_direction_phone=&#8220;default&#8220; scene_position=&#8220;center&#8220; text_color=&#8220;light&#8220; text_align=&#8220;left&#8220; row_border_radius=&#8220;none&#8220; row_border_radius_applies=&#8220;bg&#8220; enable_gradient=&#8220;true&#8220; color_overlay=&#8220;#ffd937&#8243; color_overlay_2=&#8220;rgba(255,217,55,0.18)&#8220; overlay_strength=&#8220;0.95&#8243; gradient_direction=&#8220;left_to_right&#8220; enable_shape_divider=&#8220;true&#8220; shape_divider_position=&#8220;bottom&#8220; shape_divider_height=&#8220;100&#8243; bg_image_animation=&#8220;none&#8220; shape_type=&#8220;curve&#8220;][vc_column column_padding=&#8220;padding-14-percent&#8220; column_padding_tablet=&#8220;inherit&#8220; column_padding_phone=&#8220;inherit&#8220; column_padding_position=&#8220;all&#8220; column_element_spacing=&#8220;default&#8220; background_color_opacity=&#8220;1&#8243; background_hover_color_opacity=&#8220;1&#8243; column_shadow=&#8220;none&#8220;...","og_url":"https:\/\/hydroandme.com\/de\/nutzungsbedingungen\/","og_site_name":"hydroandme","article_modified_time":"2022-01-26T10:58:47+00:00","twitter_card":"summary_large_image","twitter_misc":{"Gesch\u00e4tzte Lesezeit":"4\u00a0Minuten"},"schema":{"@context":"https:\/\/schema.org","@graph":[{"@type":"WebPage","@id":"https:\/\/hydroandme.com\/de\/nutzungsbedingungen\/","url":"https:\/\/hydroandme.com\/de\/nutzungsbedingungen\/","name":"Nutzungsbedingungen - hydroandme","isPartOf":{"@id":"https:\/\/hydroandme.com\/de\/#website"},"datePublished":"2022-01-26T10:57:55+00:00","dateModified":"2022-01-26T10:58:47+00:00","breadcrumb":{"@id":"https:\/\/hydroandme.com\/de\/nutzungsbedingungen\/#breadcrumb"},"inLanguage":"de","potentialAction":[{"@type":"ReadAction","target":["https:\/\/hydroandme.com\/de\/nutzungsbedingungen\/"]}]},{"@type":"BreadcrumbList","@id":"https:\/\/hydroandme.com\/de\/nutzungsbedingungen\/#breadcrumb","itemListElement":[{"@type":"ListItem","position":1,"name":"Home","item":"https:\/\/hydroandme.com\/de\/"},{"@type":"ListItem","position":2,"name":"Nutzungsbedingungen"}]},{"@type":"WebSite","@id":"https:\/\/hydroandme.com\/de\/#website","url":"https:\/\/hydroandme.com\/de\/","name":"hydroandme","description":"General information on hydrocephalus","potentialAction":[{"@type":"SearchAction","target":{"@type":"EntryPoint","urlTemplate":"https:\/\/hydroandme.com\/de\/?s={search_term_string}"},"query-input":{"@type":"PropertyValueSpecification","valueRequired":true,"valueName":"search_term_string"}}],"inLanguage":"de"}]}},"jetpack_sharing_enabled":true,"_links":{"self":[{"href":"https:\/\/hydroandme.com\/de\/wp-json\/wp\/v2\/pages\/1303","targetHints":{"allow":["GET"]}}],"collection":[{"href":"https:\/\/hydroandme.com\/de\/wp-json\/wp\/v2\/pages"}],"about":[{"href":"https:\/\/hydroandme.com\/de\/wp-json\/wp\/v2\/types\/page"}],"author":[{"embeddable":true,"href":"https:\/\/hydroandme.com\/de\/wp-json\/wp\/v2\/users\/1"}],"replies":[{"embeddable":true,"href":"https:\/\/hydroandme.com\/de\/wp-json\/wp\/v2\/comments?post=1303"}],"version-history":[{"count":1,"href":"https:\/\/hydroandme.com\/de\/wp-json\/wp\/v2\/pages\/1303\/revisions"}],"predecessor-version":[{"id":1306,"href":"https:\/\/hydroandme.com\/de\/wp-json\/wp\/v2\/pages\/1303\/revisions\/1306"}],"wp:attachment":[{"href":"https:\/\/hydroandme.com\/de\/wp-json\/wp\/v2\/media?parent=1303"}],"curies":[{"name":"wp","href":"https:\/\/api.w.org\/{rel}","templated":true}]}}