{"id":1342,"date":"2022-01-26T10:58:03","date_gmt":"2022-01-26T10:58:03","guid":{"rendered":"https:\/\/hydroandme.com\/beispielseite\/"},"modified":"2022-01-26T10:58:03","modified_gmt":"2022-01-26T10:58:03","slug":"beispielseite","status":"publish","type":"page","link":"https:\/\/hydroandme.com\/de\/beispielseite\/","title":{"rendered":"Beispielseite"},"content":{"rendered":"<p>Dies ist eine Beispielseite. Sie unterscheidet sich von einem Blogeintrag, weil sie an einem Ort verbleibt und in der Navigation Ihrer Website angezeigt wird (bei den meisten Themen). Die meisten Leute beginnen mit einer Info-Seite, die sie potenziellen Besuchern der Website vorstellt. Sie k\u00f6nnte in etwa so lauten:<\/p>\n<blockquote><p>Hallo! Tags\u00fcber bin ich Fahrradkurier, nachts aufstrebender Schauspieler, und dies ist meine Website. Ich lebe in Los Angeles, habe einen tollen Hund namens Jack und mag Pi\u00f1a Colada. (Und von einem Regenschauer \u00fcberrascht zu werden.)<\/p><\/blockquote>\n<p>&#8230;oder so:<\/p>\n<blockquote><p>Das Unternehmen XYZ wurde 1971 gegr\u00fcndet und bietet seitdem hochwertige Produkte an. XYZ hat seinen Sitz in Gotham City und besch\u00e4ftigt \u00fcber 2000 Mitarbeiter, die alle m\u00f6glichen tollen Dinge f\u00fcr die Gemeinde Gotham tun.<\/p><\/blockquote>\n<p>Als neuer WordPress-Nutzer sollten Sie <a href=\"https:\/\/hydroandme.com\/wp-admin\/\">Ihr Dashboard<\/a> aufrufen, um diese Seite zu l\u00f6schen und neue Seiten zum Inhalt zu erstellen. Viel Spa\u00df!<\/p>\n","protected":false},"excerpt":{"rendered":"<p>Dies ist eine Beispielseite. Sie unterscheidet sich von einem Blogeintrag, weil sie an einem Ort verbleibt und in der Navigation Ihrer Website angezeigt wird (bei den meisten Themen). Die meisten&#8230;<\/p>\n","protected":false},"author":1,"featured_media":0,"parent":0,"menu_order":0,"comment_status":"closed","ping_status":"closed","template":"","meta":{"content-type":"","inline_featured_image":false,"footnotes":""},"class_list":["post-1342","page","type-page","status-publish"],"yoast_head":"<!-- This site is optimized with the Yoast SEO plugin v27.5 - https:\/\/yoast.com\/product\/yoast-seo-wordpress\/ -->\n<title>Beispielseite - hydroandme<\/title>\n<meta name=\"robots\" content=\"index, follow, max-snippet:-1, max-image-preview:large, max-video-preview:-1\" \/>\n<link rel=\"canonical\" href=\"https:\/\/hydroandme.com\/de\/beispielseite\/\" \/>\n<meta property=\"og:locale\" content=\"de_DE\" \/>\n<meta property=\"og:type\" content=\"article\" \/>\n<meta property=\"og:title\" content=\"Beispielseite - hydroandme\" \/>\n<meta property=\"og:description\" content=\"Dies ist eine Beispielseite. Sie unterscheidet sich von einem Blogeintrag, weil sie an einem Ort verbleibt und in der Navigation Ihrer Website angezeigt wird (bei den meisten Themen). Die meisten...\" \/>\n<meta property=\"og:url\" content=\"https:\/\/hydroandme.com\/de\/beispielseite\/\" \/>\n<meta property=\"og:site_name\" content=\"hydroandme\" \/>\n<meta name=\"twitter:card\" content=\"summary_large_image\" \/>\n<meta name=\"twitter:label1\" content=\"Gesch\u00e4tzte Lesezeit\" \/>\n\t<meta name=\"twitter:data1\" content=\"1\u00a0Minute\" \/>\n<script type=\"application\/ld+json\" class=\"yoast-schema-graph\">{\"@context\":\"https:\\\/\\\/schema.org\",\"@graph\":[{\"@type\":\"WebPage\",\"@id\":\"https:\\\/\\\/hydroandme.com\\\/de\\\/beispielseite\\\/\",\"url\":\"https:\\\/\\\/hydroandme.com\\\/de\\\/beispielseite\\\/\",\"name\":\"Beispielseite - hydroandme\",\"isPartOf\":{\"@id\":\"https:\\\/\\\/hydroandme.com\\\/de\\\/#website\"},\"datePublished\":\"2022-01-26T10:58:03+00:00\",\"breadcrumb\":{\"@id\":\"https:\\\/\\\/hydroandme.com\\\/de\\\/beispielseite\\\/#breadcrumb\"},\"inLanguage\":\"de\",\"potentialAction\":[{\"@type\":\"ReadAction\",\"target\":[\"https:\\\/\\\/hydroandme.com\\\/de\\\/beispielseite\\\/\"]}]},{\"@type\":\"BreadcrumbList\",\"@id\":\"https:\\\/\\\/hydroandme.com\\\/de\\\/beispielseite\\\/#breadcrumb\",\"itemListElement\":[{\"@type\":\"ListItem\",\"position\":1,\"name\":\"Home\",\"item\":\"https:\\\/\\\/hydroandme.com\\\/de\\\/\"},{\"@type\":\"ListItem\",\"position\":2,\"name\":\"Beispielseite\"}]},{\"@type\":\"WebSite\",\"@id\":\"https:\\\/\\\/hydroandme.com\\\/de\\\/#website\",\"url\":\"https:\\\/\\\/hydroandme.com\\\/de\\\/\",\"name\":\"hydroandme\",\"description\":\"General information on hydrocephalus\",\"potentialAction\":[{\"@type\":\"SearchAction\",\"target\":{\"@type\":\"EntryPoint\",\"urlTemplate\":\"https:\\\/\\\/hydroandme.com\\\/de\\\/?s={search_term_string}\"},\"query-input\":{\"@type\":\"PropertyValueSpecification\",\"valueRequired\":true,\"valueName\":\"search_term_string\"}}],\"inLanguage\":\"de\"}]}<\/script>\n<!-- \/ Yoast SEO plugin. -->","yoast_head_json":{"title":"Beispielseite - hydroandme","robots":{"index":"index","follow":"follow","max-snippet":"max-snippet:-1","max-image-preview":"max-image-preview:large","max-video-preview":"max-video-preview:-1"},"canonical":"https:\/\/hydroandme.com\/de\/beispielseite\/","og_locale":"de_DE","og_type":"article","og_title":"Beispielseite - hydroandme","og_description":"Dies ist eine Beispielseite. Sie unterscheidet sich von einem Blogeintrag, weil sie an einem Ort verbleibt und in der Navigation Ihrer Website angezeigt wird (bei den meisten Themen). Die meisten...","og_url":"https:\/\/hydroandme.com\/de\/beispielseite\/","og_site_name":"hydroandme","twitter_card":"summary_large_image","twitter_misc":{"Gesch\u00e4tzte Lesezeit":"1\u00a0Minute"},"schema":{"@context":"https:\/\/schema.org","@graph":[{"@type":"WebPage","@id":"https:\/\/hydroandme.com\/de\/beispielseite\/","url":"https:\/\/hydroandme.com\/de\/beispielseite\/","name":"Beispielseite - hydroandme","isPartOf":{"@id":"https:\/\/hydroandme.com\/de\/#website"},"datePublished":"2022-01-26T10:58:03+00:00","breadcrumb":{"@id":"https:\/\/hydroandme.com\/de\/beispielseite\/#breadcrumb"},"inLanguage":"de","potentialAction":[{"@type":"ReadAction","target":["https:\/\/hydroandme.com\/de\/beispielseite\/"]}]},{"@type":"BreadcrumbList","@id":"https:\/\/hydroandme.com\/de\/beispielseite\/#breadcrumb","itemListElement":[{"@type":"ListItem","position":1,"name":"Home","item":"https:\/\/hydroandme.com\/de\/"},{"@type":"ListItem","position":2,"name":"Beispielseite"}]},{"@type":"WebSite","@id":"https:\/\/hydroandme.com\/de\/#website","url":"https:\/\/hydroandme.com\/de\/","name":"hydroandme","description":"General information on hydrocephalus","potentialAction":[{"@type":"SearchAction","target":{"@type":"EntryPoint","urlTemplate":"https:\/\/hydroandme.com\/de\/?s={search_term_string}"},"query-input":{"@type":"PropertyValueSpecification","valueRequired":true,"valueName":"search_term_string"}}],"inLanguage":"de"}]}},"jetpack_sharing_enabled":true,"_links":{"self":[{"href":"https:\/\/hydroandme.com\/de\/wp-json\/wp\/v2\/pages\/1342","targetHints":{"allow":["GET"]}}],"collection":[{"href":"https:\/\/hydroandme.com\/de\/wp-json\/wp\/v2\/pages"}],"about":[{"href":"https:\/\/hydroandme.com\/de\/wp-json\/wp\/v2\/types\/page"}],"author":[{"embeddable":true,"href":"https:\/\/hydroandme.com\/de\/wp-json\/wp\/v2\/users\/1"}],"replies":[{"embeddable":true,"href":"https:\/\/hydroandme.com\/de\/wp-json\/wp\/v2\/comments?post=1342"}],"version-history":[{"count":0,"href":"https:\/\/hydroandme.com\/de\/wp-json\/wp\/v2\/pages\/1342\/revisions"}],"wp:attachment":[{"href":"https:\/\/hydroandme.com\/de\/wp-json\/wp\/v2\/media?parent=1342"}],"curies":[{"name":"wp","href":"https:\/\/api.w.org\/{rel}","templated":true}]}}