{"id":1360,"date":"2022-01-26T10:58:09","date_gmt":"2022-01-26T10:58:09","guid":{"rendered":"https:\/\/hydroandme.com\/datenschutzrichtlinie\/"},"modified":"2023-08-29T16:14:27","modified_gmt":"2023-08-29T16:14:27","slug":"datenschutzrichtlinie","status":"publish","type":"page","link":"https:\/\/hydroandme.com\/de\/datenschutzrichtlinie\/","title":{"rendered":"Datenschutzrichtlinie"},"content":{"rendered":"[vc_row type=&#8220;full_width_background&#8220; full_screen_row_position=&#8220;middle&#8220; column_margin=&#8220;default&#8220; column_direction=&#8220;default&#8220; column_direction_tablet=&#8220;default&#8220; column_direction_phone=&#8220;default&#8220; scene_position=&#8220;center&#8220; text_color=&#8220;light&#8220; text_align=&#8220;left&#8220; row_border_radius=&#8220;none&#8220; row_border_radius_applies=&#8220;bg&#8220; enable_gradient=&#8220;true&#8220; color_overlay=&#8220;#ffd937&#8243; color_overlay_2=&#8220;rgba(255,217,55,0.18)&#8220; overlay_strength=&#8220;0.95&#8243; gradient_direction=&#8220;left_to_right&#8220; enable_shape_divider=&#8220;true&#8220; shape_divider_position=&#8220;bottom&#8220; shape_divider_height=&#8220;100&#8243; bg_image_animation=&#8220;none&#8220; shape_type=&#8220;curve&#8220;][vc_column column_padding=&#8220;padding-14-percent&#8220; column_padding_tablet=&#8220;inherit&#8220; column_padding_phone=&#8220;inherit&#8220; column_padding_position=&#8220;all&#8220; column_element_spacing=&#8220;default&#8220; background_color_opacity=&#8220;1&#8243; background_hover_color_opacity=&#8220;1&#8243; column_shadow=&#8220;none&#8220; column_border_radius=&#8220;none&#8220; column_link_target=&#8220;_self&#8220; gradient_direction=&#8220;left_to_right&#8220; overlay_strength=&#8220;0.3&#8243; width=&#8220;1\/1&#8243; tablet_width_inherit=&#8220;default&#8220; tablet_text_alignment=&#8220;default&#8220; phone_text_alignment=&#8220;default&#8220; bg_image_animation=&#8220;none&#8220; border_type=&#8220;simple&#8220; column_border_width=&#8220;none&#8220; column_border_style=&#8220;solid&#8220;][vc_column_text]\n<h1>Datenschutzrichtlinie<\/h1>\n[\/vc_column_text][\/vc_column][\/vc_row][vc_row type=&#8220;in_container&#8220; full_screen_row_position=&#8220;middle&#8220; column_margin=&#8220;default&#8220; column_direction=&#8220;default&#8220; column_direction_tablet=&#8220;default&#8220; column_direction_phone=&#8220;default&#8220; scene_position=&#8220;center&#8220; text_color=&#8220;dark&#8220; text_align=&#8220;left&#8220; row_border_radius=&#8220;none&#8220; row_border_radius_applies=&#8220;bg&#8220; overlay_strength=&#8220;0.3&#8243; gradient_direction=&#8220;left_to_right&#8220; shape_divider_position=&#8220;bottom&#8220; bg_image_animation=&#8220;none&#8220;][vc_column column_padding=&#8220;no-extra-padding&#8220; column_padding_tablet=&#8220;inherit&#8220; column_padding_phone=&#8220;inherit&#8220; column_padding_position=&#8220;all&#8220; column_element_spacing=&#8220;default&#8220; background_color_opacity=&#8220;1&#8243; background_hover_color_opacity=&#8220;1&#8243; column_shadow=&#8220;none&#8220; column_border_radius=&#8220;none&#8220; column_link_target=&#8220;_self&#8220; gradient_direction=&#8220;left_to_right&#8220; overlay_strength=&#8220;0.3&#8243; width=&#8220;1\/1&#8243; tablet_width_inherit=&#8220;default&#8220; tablet_text_alignment=&#8220;default&#8220; phone_text_alignment=&#8220;default&#8220; bg_image_animation=&#8220;none&#8220; border_type=&#8220;simple&#8220; column_border_width=&#8220;none&#8220; column_border_style=&#8220;solid&#8220;][vc_column_text]<strong>Willkommen<\/strong><br \/>\nWillkommen bei hydroandme.com. Diese Website ist Eigentum der Integra LifeSciences Corporation. Diese Datenschutzrichtlinie soll Sie \u00fcber unsere Praktiken in Bezug auf die Erfassung, Verwendung und Offenlegung von Daten informieren, die Sie m\u00f6glicherweise an diese Website \u00fcbermitteln. Bitte lesen Sie diese Datenschutzrichtlinie vollst\u00e4ndig durch, bevor Sie diese Website nutzen oder Informationen an diese Website \u00fcbermitteln. Diese Website ist f\u00fcr die Nutzung durch B\u00fcrger der Vereinigten Staaten bestimmt.<\/p>\n<p><strong>Ihre Einwilligung<\/strong><br \/>\nDurch die Nutzung dieser Website stimmen Sie den Bedingungen dieser Datenschutzrichtlinie zu. Immer wenn Sie Daten an diese Website \u00fcbermitteln, stimmen Sie der Erfassung, Verwendung und Weitergabe dieser Daten gem\u00e4\u00df dieser Datenschutzrichtlinie zu.<\/p>\n<p><strong>Kinder<\/strong><br \/>\nDiese Website ist nicht f\u00fcr Kinder unter 16 Jahren bestimmt. Wir sammeln wissentlich keine Daten von Website-Besuchern dieser Altersgruppe. Wir empfehlen Eltern dringend, mit ihren Kindern \u00fcber die Nutzung des Internets und \u00fcber die Daten zu sprechen, die sie auf Websites preisgeben.<\/p>\n<p><strong>Aktive Datenerfassung<\/strong><br \/>\nWie viele andere Websites erfasst auch diese Website aktiv Informationen von den Besuchern, indem sie Ihnen spezifische Fragen stellt und Ihnen erm\u00f6glicht, direkt per E-Mail und\/oder Feedback-Formularen mit uns zu kommunizieren. Einige der von Ihnen \u00fcbermittelten Informationen k\u00f6nnen personenbezogene Daten sein (d. h. Daten, anhand derer Sie eindeutig identifiziert werden k\u00f6nnen, wie z. B. Ihr vollst\u00e4ndiger Name, Ihre Anschrift, Ihre E-Mail-Adresse, Ihre Telefonnummer usw.). In einigen Bereichen dieser Website m\u00fcssen Sie m\u00f6glicherweise Daten \u00fcbermitteln, damit Sie die angegebenen Funktionen nutzen (z. B. Newsletter-Abonnements, Tipps\/Hinweise, Auftragsabwicklung) oder an einer bestimmten Aktivit\u00e4t (wie z. B. Gewinnspielen oder anderen Werbeaktionen) teilnehmen k\u00f6nnen. Sie werden an jedem Datenbeschaffungspunkt informiert, welche Informationen unbedingt erforderlich sind und welche optional bereitgestellt werden k\u00f6nnen.<\/p>\n<p><strong>Erg\u00e4nzung der Benutzerdaten<\/strong><br \/>\nWir k\u00f6nnen Informationen \u00fcber Sie aus anderen Quellen erhalten, einschlie\u00dflich \u00f6ffentlich zug\u00e4nglichen Datenbanken oder von Dritten, von denen wir Daten erworben haben, und wir k\u00f6nnen diese Daten mit Informationen kombinieren, die wir bereits \u00fcber Sie erhalten haben. Dies hilft uns, unsere Aufzeichnungen zu aktualisieren, zu erg\u00e4nzen und zu analysieren, neue Kunden zu identifizieren und Produkte und Dienstleistungen anzubieten, die f\u00fcr Sie von Interesse sein k\u00f6nnten. Wenn Sie uns personenbezogene Daten \u00fcber andere zur Verf\u00fcgung stellen oder uns Daten \u00fcber Sie von anderen zur Verf\u00fcgung gestellt werden, verwenden wir diese Daten nur f\u00fcr den spezifischen Grund, zu dem sie uns zur Verf\u00fcgung gestellt wurden.<\/p>\n<p>Hier einige Beispiele f\u00fcr Arten von personenbezogenen Daten, die aus \u00f6ffentlichen Quellen bezogen oder von Dritten erworben und mit Informationen kombiniert werden k\u00f6nnen, die wir bereits \u00fcber Sie erhalten haben:<\/p>\n<ul>\n<li>Adressinformationen \u00fcber Sie aus Drittquellen, wie dem U.S. Postal Service, um Ihre Adresse \u00fcberpr\u00fcfen zu k\u00f6nnen, damit wir Ihren Auftrag ordnungsgem\u00e4\u00df an Sie versenden und Betrug verhindern k\u00f6nnen; und\/oder<\/li>\n<li>von Dritten erworbene Marketingdaten \u00fcber unsere Kunden, die mit Informationen kombiniert werden, die wir bereits \u00fcber Sie erhalten haben, um ma\u00dfgeschneiderte Werbung und Produkte entwickeln zu k\u00f6nnen.<\/li>\n<\/ul>\n<p><strong>Passive Datenerfassung<\/strong><br \/>\nWie die meisten Websites sammeln wir bestimmte Informationen automatisch. Diese Informationen k\u00f6nnen Internetprotokoll-(IP)-Adressen, Browsertypen, Internetdienstanbieter (ISP), Einstiegs-\/Ausstiegsseiten, die auf unserer Website angesehenen Dateien (z. B. HTML-Seiten, Grafiken usw.), Betriebssysteme, Datums-\/Zeitstempel und\/oder Clickstream-Daten umfassen, damit wir Trends in ihrer Gesamtheit analysieren k\u00f6nnen. Wir verwenden Ihre IP-Adresse, um Probleme mit unserem Server zu diagnostizieren, aggregierte Informationen zu berichten, die schnellste Zugriffsroute von Ihrem Computer auf unsere Website zu ermitteln und die Website zu verwalten und zu verbessern.<\/p>\n<p><strong>Tracking-Technologien<br \/>\n<\/strong>Integra LifeSciences und seine Partner verwenden Cookies oder \u00e4hnliche Technologien, um Trends zu analysieren, die Navigation auf unserer Website zu verbessern und aggregierte statistische Informationen zu sammeln, die Website zu verwalten, die Bewegungen der Benutzer auf der Website nachzuverfolgen und demografische Daten zu unserer Benutzerbasis insgesamt zu sammeln. Sie k\u00f6nnen die Verwendung von Cookies auf der einzelnen Browserebene steuern. Wenn Sie Cookies jedoch deaktivieren, kann dies Ihre Nutzung bestimmter Leistungsmerkmale oder Funktionen unserer Website oder Services einschr\u00e4nken.<\/p>\n<p><strong>Verwendung der Daten<\/strong><br \/>\nSofern nicht anders angegeben, k\u00f6nnen wir Ihre Daten verwenden, um den Inhalt unserer Website zu verbessern, die Website an Ihre Pr\u00e4ferenzen anzupassen, Ihnen Informationen zu \u00fcbermitteln (falls Sie diese angefordert haben), f\u00fcr unsere Marketing- und Forschungszwecke und f\u00fcr die in dieser Datenschutzrichtlinie angegeben Zwecke.<\/p>\n<p>Wenn Sie personenbezogene Daten an diese Website \u00fcbermitteln, k\u00f6nnen wir diese Daten mit anderen aktiv erfassten Daten kombinieren, sofern wir zum Zeitpunkt der Erfassung nichts anderes angeben. Wir werden angemessene Ma\u00dfnahmen ergreifen, um zu verhindern, dass personenbezogene Daten mit passiv erfassten Daten kombiniert werden, es sei denn, Sie erkl\u00e4ren sich damit einverstanden.<\/p>\n<p><strong>Weitergabe Ihrer Daten<br \/>\n<\/strong>Wir k\u00f6nnen Ihre personenbezogenen Daten weltweit an andere mit Integra verbundene Unternehmen weitergeben, sofern diese sich einverstanden erkl\u00e4ren, die Daten gem\u00e4\u00df dieser Datenschutzrichtlinie zu behandeln. Dar\u00fcber hinaus k\u00f6nnen wir Ihre personenbezogenen Daten an Dritte in den Vereinigten Staaten und\/oder in einem anderen Land weitergeben, jedoch nur<br \/>\ni. an Auftragnehmer, die wir zur Unterst\u00fctzung unserer Gesch\u00e4ftst\u00e4tigkeit beauftragen (z. B. Erf\u00fcllungsdienstleistungen, technische Unterst\u00fctzung, Lieferdienste und Finanzinstitute). In diesem Fall verlangen wir von diesen Dritten, dass sie sich damit einverstanden erkl\u00e4ren, die Daten in \u00dcbereinstimmung mit dieser Datenschutzrichtlinie zu behandeln;<br \/>\nii. im Zusammenhang mit dem Verkauf, der Abtretung oder einer anderen \u00dcbertragung des Gesch\u00e4fts dieser Website, auf die sich die Daten beziehen. In diesem Fall werden wir von jedem K\u00e4ufer verlangen, dass er sich damit einverstanden erkl\u00e4rt, die Daten in \u00dcbereinstimmung mit dieser Datenschutzrichtlinie zu behandeln; oder<br \/>\niii. wenn dies von geltenden Gesetzen, Gerichtsbeschl\u00fcssen, Verordnungen oder Richtlinien gefordert wird. Dar\u00fcber hinaus werden wir alle \u00fcber diese Website erfassten Daten, die keine pers\u00f6nliche Identifikation zulassen, vollst\u00e4ndig nutzen.<\/p>\n<p><strong>Zugang und Korrektur\u00a0<\/strong><br \/>\nAuf Anfrage teilt Ihnen Integra LifeSciences mit, ob wir Ihre personenbezogenen Daten speichern. Sie k\u00f6nnen auf Ihre personenbezogenen Daten zugreifen, diese korrigieren lassen oder deren L\u00f6schung beantragen, indem Sie uns unter <a href=\"mailto:privacy@integralife.com\">privacy@integralife.com<\/a> kontaktieren. Wir werden Ihre Anfrage innerhalb eines angemessenen Zeitrahmens beantworten. Unter bestimmten Umst\u00e4nden k\u00f6nnen wir gesetzlich dazu verpflichtet sein, Ihre personenbezogenen Daten zu speichern bzw. wir m\u00fcssen Ihre personenbezogenen Daten m\u00f6glicherweise speichern, um weiterhin einen Dienst erbringen zu k\u00f6nnen.<\/p>\n<p><strong>Sicherheit<\/strong><br \/>\nDie Sicherheit Ihrer personenbezogenen Daten ist uns wichtig. Wir befolgen allgemein anerkannte Standards, um die uns \u00fcbermittelten personenbezogenen Daten sowohl w\u00e4hrend der \u00dcbertragung als auch nach dem Erhalt zu sch\u00fctzen. Bei Fragen zur Sicherheit Ihrer personenbezogenen Daten k\u00f6nnen Sie uns unter der unten angegebenen E-Mail-Adresse kontaktieren.<\/p>\n<p><strong>Links zu anderen Websites<\/strong><br \/>\nDiese Website kann Links oder Verweise auf andere Websites enthalten. Bitte beachten Sie, dass wir andere Websites nicht kontrollieren und dass diese Datenschutzrichtlinie in keinem Fall f\u00fcr diese Websites gilt. Wir empfehlen Ihnen, die Datenschutzrichtlinien jeder von Ihnen besuchten Website zu lesen.<\/p>\n<p><strong>Sonstige Bedingungen\u00a0<\/strong><br \/>\nIhre Nutzung dieser Website unterliegt den <a href=\"https:\/\/hydroandme.com\/de\/nutzungsbedingungen\/\">Nutzungsbedingungen<\/a>.<\/p>\n<p><strong>So erreichen Sie uns\u00a0<\/strong><br \/>\nWenn Sie Fragen, Anmerkungen oder Bedenken zu dieser Datenschutzrichtlinie oder den Informationspraktiken dieser Website haben, kontaktieren Sie uns bitte wie folgt:<br \/>\n<a href=\"privacy@integralife.com\">privacy@integralife.com<\/a><br \/>\nIntegra LifeSciences Corporation<br \/>\n311 Enterprise Drive<br \/>\nPlainsboro, NJ 08536<br \/>\n1-609-936-2263<\/p>\n<p><strong>\u00c4nderungen an dieser Datenschutzrichtlinie<\/strong><br \/>\nWir k\u00f6nnen diese Datenschutzrichtlinie aktualisieren, um \u00c4nderungen unserer Informationspraktiken darzulegen. Wenn wir wesentliche \u00c4nderungen vornehmen, werden wir Sie vor Inkrafttreten der \u00c4nderung per E-Mail (an die in Ihrem Konto angegebene E-Mail-Adresse) oder durch einen Hinweis auf dieser Website benachrichtigen. Wir empfehlen Ihnen, diese Website regelm\u00e4\u00dfig auf die neuesten Informationen zu unseren Datenschutzpraktiken hin zu \u00fcberpr\u00fcfen. Diese Datenschutzrichtlinie wurde zuletzt im September 2016 aktualisiert.<\/p>\n<p><strong>EU-US Privacy Shield (Datenschutzschild)<\/strong><br \/>\nDie Integra LifeSciences Corporation hat ihren Beitritt und die Einhaltung des EU-US Privacy Shield-Rechtsrahmens bescheinigt. Integra verpflichtet sich, bei allen personenbezogenen Daten, die von Mitgliedsl\u00e4ndern der Europ\u00e4ischen Union (EU) erhalten werden, im Vertrauen auf den Privacy Shield-Rechtsrahmen, die geltenden Grunds\u00e4tze dieses Rechtsrahmens einzuhalten. Weitere Informationen zum Privacy Shield-Rechtsrahmen finden Sie in der <a href=\"https:\/\/www.privacyshield.gov\/list\">Privacy Shield-Liste<\/a> des US-Handelsministeriums.<\/p>\n<p>Integra ist f\u00fcr die Verarbeitung personenbezogener Daten verantwortlich, die es nach dem Privacy Shield-Rechtsrahmen erh\u00e4lt und anschlie\u00dfend an einen Dritten \u00fcbermittelt, der im Namen von Integra als Bevollm\u00e4chtigter handelt. Integra h\u00e4lt sich bei allen Weiter\u00fcbermittlungen personenbezogener Daten aus der EU an die Privacy Shield-Grunds\u00e4tze, einschlie\u00dflich der Bestimmungen zur Haftung f\u00fcr die Weiterleitung.<\/p>\n<p>In Bezug auf personenbezogene Daten, die gem\u00e4\u00df dem Privacy Shield-Rechtsrahmen empfangen oder \u00fcbertragen werden, unterliegt Integra den aufsichtsrechtlichen Durchsetzungsbefugnissen der US-Federal Trade Commission. In bestimmten Situationen kann Integra verpflichtet sein, personenbezogene Daten als Antwort auf rechtm\u00e4\u00dfige Anfragen von Beh\u00f6rden offenzulegen, einschlie\u00dflich zur Erf\u00fcllung nationaler Sicherheits- oder Durchsetzungsanforderungen.<\/p>\n<p>Dar\u00fcber hinaus erkl\u00e4rt sich Integra damit einverstanden, mit den europ\u00e4ischen Datenschutzbeh\u00f6rden zusammenzuarbeiten, um ungel\u00f6ste Beschwerden in Bezug auf personenbezogene Daten beizulegen. Betroffene Personen (Mitarbeiter) k\u00f6nnen ihre lokale Datenschutz- und\/oder Arbeitsbeh\u00f6rde bez\u00fcglich der Einhaltung der Grunds\u00e4tze einschalten, und das Unternehmen wird diesen Beh\u00f6rden in Bezug auf Untersuchungen und die Beilegung von Beschwerden direkt antworten.<\/p>\n<p>Wenn Sie ein ungel\u00f6stes Datenschutz- oder Datennutzungsproblem haben, auf das wir nicht zufriedenstellend reagiert haben, wenden Sie sich bitte (kostenlos) an unsere in den USA ans\u00e4ssige unabh\u00e4ngige Einrichtung f\u00fcr Streitbeilegung unter\u00a0<a href=\"https:\/\/feedback-form.truste.com\/watchdog\/request\">https:\/\/feedback-form.truste.com\/watchdog\/request<\/a>.<\/p>\n<p>Unter bestimmten Bedingungen, die auf der\u00a0<a href=\"https:\/\/www.privacyshield.gov\/article?id=How-to-Submit-a-Complaint\">Privacy Shield-Website<\/a> ausf\u00fchrlicher beschrieben sind, sind Sie m\u00f6glicherweise berechtigt, ein verbindliches Schiedsverfahren anzurufen, wenn andere Streitbeilegungsverfahren ausgesch\u00f6pft sind.[\/vc_column_text][\/vc_column][\/vc_row]\n","protected":false},"excerpt":{"rendered":"<p>[vc_row type=&#8220;full_width_background&#8220; full_screen_row_position=&#8220;middle&#8220; column_margin=&#8220;default&#8220; column_direction=&#8220;default&#8220; column_direction_tablet=&#8220;default&#8220; column_direction_phone=&#8220;default&#8220; scene_position=&#8220;center&#8220; text_color=&#8220;light&#8220; text_align=&#8220;left&#8220; row_border_radius=&#8220;none&#8220; row_border_radius_applies=&#8220;bg&#8220; enable_gradient=&#8220;true&#8220; color_overlay=&#8220;#ffd937&#8243; color_overlay_2=&#8220;rgba(255,217,55,0.18)&#8220; overlay_strength=&#8220;0.95&#8243; gradient_direction=&#8220;left_to_right&#8220; enable_shape_divider=&#8220;true&#8220; shape_divider_position=&#8220;bottom&#8220; shape_divider_height=&#8220;100&#8243; bg_image_animation=&#8220;none&#8220; shape_type=&#8220;curve&#8220;][vc_column column_padding=&#8220;padding-14-percent&#8220; column_padding_tablet=&#8220;inherit&#8220; column_padding_phone=&#8220;inherit&#8220; column_padding_position=&#8220;all&#8220; column_element_spacing=&#8220;default&#8220; background_color_opacity=&#8220;1&#8243; background_hover_color_opacity=&#8220;1&#8243; column_shadow=&#8220;none&#8220;&#8230;<\/p>\n","protected":false},"author":4,"featured_media":0,"parent":0,"menu_order":0,"comment_status":"closed","ping_status":"closed","template":"","meta":{"content-type":"","inline_featured_image":false,"footnotes":""},"class_list":["post-1360","page","type-page","status-publish"],"yoast_head":"<!-- This site is optimized with the Yoast SEO plugin v27.4 - https:\/\/yoast.com\/product\/yoast-seo-wordpress\/ -->\n<title>Datenschutzrichtlinie - hydroandme<\/title>\n<meta name=\"robots\" content=\"index, follow, max-snippet:-1, max-image-preview:large, max-video-preview:-1\" \/>\n<link rel=\"canonical\" href=\"https:\/\/hydroandme.com\/de\/datenschutzrichtlinie\/\" \/>\n<meta property=\"og:locale\" content=\"de_DE\" \/>\n<meta property=\"og:type\" content=\"article\" \/>\n<meta property=\"og:title\" content=\"Datenschutzrichtlinie - hydroandme\" \/>\n<meta property=\"og:description\" content=\"[vc_row type=&#8220;full_width_background&#8220; full_screen_row_position=&#8220;middle&#8220; column_margin=&#8220;default&#8220; column_direction=&#8220;default&#8220; column_direction_tablet=&#8220;default&#8220; column_direction_phone=&#8220;default&#8220; scene_position=&#8220;center&#8220; text_color=&#8220;light&#8220; text_align=&#8220;left&#8220; row_border_radius=&#8220;none&#8220; row_border_radius_applies=&#8220;bg&#8220; enable_gradient=&#8220;true&#8220; color_overlay=&#8220;#ffd937&#8243; color_overlay_2=&#8220;rgba(255,217,55,0.18)&#8220; overlay_strength=&#8220;0.95&#8243; gradient_direction=&#8220;left_to_right&#8220; enable_shape_divider=&#8220;true&#8220; shape_divider_position=&#8220;bottom&#8220; shape_divider_height=&#8220;100&#8243; bg_image_animation=&#8220;none&#8220; shape_type=&#8220;curve&#8220;][vc_column column_padding=&#8220;padding-14-percent&#8220; column_padding_tablet=&#8220;inherit&#8220; column_padding_phone=&#8220;inherit&#8220; column_padding_position=&#8220;all&#8220; column_element_spacing=&#8220;default&#8220; background_color_opacity=&#8220;1&#8243; background_hover_color_opacity=&#8220;1&#8243; column_shadow=&#8220;none&#8220;...\" \/>\n<meta property=\"og:url\" content=\"https:\/\/hydroandme.com\/de\/datenschutzrichtlinie\/\" \/>\n<meta property=\"og:site_name\" content=\"hydroandme\" \/>\n<meta property=\"article:modified_time\" content=\"2023-08-29T16:14:27+00:00\" \/>\n<meta name=\"twitter:card\" content=\"summary_large_image\" \/>\n<meta name=\"twitter:label1\" content=\"Gesch\u00e4tzte Lesezeit\" \/>\n\t<meta name=\"twitter:data1\" content=\"7\u00a0Minuten\" \/>\n<script type=\"application\/ld+json\" class=\"yoast-schema-graph\">{\"@context\":\"https:\\\/\\\/schema.org\",\"@graph\":[{\"@type\":\"WebPage\",\"@id\":\"https:\\\/\\\/hydroandme.com\\\/de\\\/datenschutzrichtlinie\\\/\",\"url\":\"https:\\\/\\\/hydroandme.com\\\/de\\\/datenschutzrichtlinie\\\/\",\"name\":\"Datenschutzrichtlinie - hydroandme\",\"isPartOf\":{\"@id\":\"https:\\\/\\\/hydroandme.com\\\/de\\\/#website\"},\"datePublished\":\"2022-01-26T10:58:09+00:00\",\"dateModified\":\"2023-08-29T16:14:27+00:00\",\"breadcrumb\":{\"@id\":\"https:\\\/\\\/hydroandme.com\\\/de\\\/datenschutzrichtlinie\\\/#breadcrumb\"},\"inLanguage\":\"de\",\"potentialAction\":[{\"@type\":\"ReadAction\",\"target\":[\"https:\\\/\\\/hydroandme.com\\\/de\\\/datenschutzrichtlinie\\\/\"]}]},{\"@type\":\"BreadcrumbList\",\"@id\":\"https:\\\/\\\/hydroandme.com\\\/de\\\/datenschutzrichtlinie\\\/#breadcrumb\",\"itemListElement\":[{\"@type\":\"ListItem\",\"position\":1,\"name\":\"Home\",\"item\":\"https:\\\/\\\/hydroandme.com\\\/de\\\/\"},{\"@type\":\"ListItem\",\"position\":2,\"name\":\"Datenschutzrichtlinie\"}]},{\"@type\":\"WebSite\",\"@id\":\"https:\\\/\\\/hydroandme.com\\\/de\\\/#website\",\"url\":\"https:\\\/\\\/hydroandme.com\\\/de\\\/\",\"name\":\"hydroandme\",\"description\":\"General information on hydrocephalus\",\"potentialAction\":[{\"@type\":\"SearchAction\",\"target\":{\"@type\":\"EntryPoint\",\"urlTemplate\":\"https:\\\/\\\/hydroandme.com\\\/de\\\/?s={search_term_string}\"},\"query-input\":{\"@type\":\"PropertyValueSpecification\",\"valueRequired\":true,\"valueName\":\"search_term_string\"}}],\"inLanguage\":\"de\"}]}<\/script>\n<!-- \/ Yoast SEO plugin. -->","yoast_head_json":{"title":"Datenschutzrichtlinie - hydroandme","robots":{"index":"index","follow":"follow","max-snippet":"max-snippet:-1","max-image-preview":"max-image-preview:large","max-video-preview":"max-video-preview:-1"},"canonical":"https:\/\/hydroandme.com\/de\/datenschutzrichtlinie\/","og_locale":"de_DE","og_type":"article","og_title":"Datenschutzrichtlinie - hydroandme","og_description":"[vc_row type=&#8220;full_width_background&#8220; full_screen_row_position=&#8220;middle&#8220; column_margin=&#8220;default&#8220; column_direction=&#8220;default&#8220; column_direction_tablet=&#8220;default&#8220; column_direction_phone=&#8220;default&#8220; scene_position=&#8220;center&#8220; text_color=&#8220;light&#8220; text_align=&#8220;left&#8220; row_border_radius=&#8220;none&#8220; row_border_radius_applies=&#8220;bg&#8220; enable_gradient=&#8220;true&#8220; color_overlay=&#8220;#ffd937&#8243; color_overlay_2=&#8220;rgba(255,217,55,0.18)&#8220; overlay_strength=&#8220;0.95&#8243; gradient_direction=&#8220;left_to_right&#8220; enable_shape_divider=&#8220;true&#8220; shape_divider_position=&#8220;bottom&#8220; shape_divider_height=&#8220;100&#8243; bg_image_animation=&#8220;none&#8220; shape_type=&#8220;curve&#8220;][vc_column column_padding=&#8220;padding-14-percent&#8220; column_padding_tablet=&#8220;inherit&#8220; column_padding_phone=&#8220;inherit&#8220; column_padding_position=&#8220;all&#8220; column_element_spacing=&#8220;default&#8220; background_color_opacity=&#8220;1&#8243; background_hover_color_opacity=&#8220;1&#8243; column_shadow=&#8220;none&#8220;...","og_url":"https:\/\/hydroandme.com\/de\/datenschutzrichtlinie\/","og_site_name":"hydroandme","article_modified_time":"2023-08-29T16:14:27+00:00","twitter_card":"summary_large_image","twitter_misc":{"Gesch\u00e4tzte Lesezeit":"7\u00a0Minuten"},"schema":{"@context":"https:\/\/schema.org","@graph":[{"@type":"WebPage","@id":"https:\/\/hydroandme.com\/de\/datenschutzrichtlinie\/","url":"https:\/\/hydroandme.com\/de\/datenschutzrichtlinie\/","name":"Datenschutzrichtlinie - hydroandme","isPartOf":{"@id":"https:\/\/hydroandme.com\/de\/#website"},"datePublished":"2022-01-26T10:58:09+00:00","dateModified":"2023-08-29T16:14:27+00:00","breadcrumb":{"@id":"https:\/\/hydroandme.com\/de\/datenschutzrichtlinie\/#breadcrumb"},"inLanguage":"de","potentialAction":[{"@type":"ReadAction","target":["https:\/\/hydroandme.com\/de\/datenschutzrichtlinie\/"]}]},{"@type":"BreadcrumbList","@id":"https:\/\/hydroandme.com\/de\/datenschutzrichtlinie\/#breadcrumb","itemListElement":[{"@type":"ListItem","position":1,"name":"Home","item":"https:\/\/hydroandme.com\/de\/"},{"@type":"ListItem","position":2,"name":"Datenschutzrichtlinie"}]},{"@type":"WebSite","@id":"https:\/\/hydroandme.com\/de\/#website","url":"https:\/\/hydroandme.com\/de\/","name":"hydroandme","description":"General information on hydrocephalus","potentialAction":[{"@type":"SearchAction","target":{"@type":"EntryPoint","urlTemplate":"https:\/\/hydroandme.com\/de\/?s={search_term_string}"},"query-input":{"@type":"PropertyValueSpecification","valueRequired":true,"valueName":"search_term_string"}}],"inLanguage":"de"}]}},"jetpack_sharing_enabled":true,"_links":{"self":[{"href":"https:\/\/hydroandme.com\/de\/wp-json\/wp\/v2\/pages\/1360","targetHints":{"allow":["GET"]}}],"collection":[{"href":"https:\/\/hydroandme.com\/de\/wp-json\/wp\/v2\/pages"}],"about":[{"href":"https:\/\/hydroandme.com\/de\/wp-json\/wp\/v2\/types\/page"}],"author":[{"embeddable":true,"href":"https:\/\/hydroandme.com\/de\/wp-json\/wp\/v2\/users\/4"}],"replies":[{"embeddable":true,"href":"https:\/\/hydroandme.com\/de\/wp-json\/wp\/v2\/comments?post=1360"}],"version-history":[{"count":2,"href":"https:\/\/hydroandme.com\/de\/wp-json\/wp\/v2\/pages\/1360\/revisions"}],"predecessor-version":[{"id":3705,"href":"https:\/\/hydroandme.com\/de\/wp-json\/wp\/v2\/pages\/1360\/revisions\/3705"}],"wp:attachment":[{"href":"https:\/\/hydroandme.com\/de\/wp-json\/wp\/v2\/media?parent=1360"}],"curies":[{"name":"wp","href":"https:\/\/api.w.org\/{rel}","templated":true}]}}