{"id":1364,"date":"2022-01-26T10:58:11","date_gmt":"2022-01-26T10:58:11","guid":{"rendered":"https:\/\/hydroandme.com\/patientenausweise\/"},"modified":"2022-10-06T15:36:53","modified_gmt":"2022-10-06T15:36:53","slug":"patientenausweise","status":"publish","type":"page","link":"https:\/\/hydroandme.com\/de\/patienten-support\/patientenausweise\/","title":{"rendered":"Patientenausweise"},"content":{"rendered":"[vc_row type=&#8220;full_width_background&#8220; full_screen_row_position=&#8220;middle&#8220; column_margin=&#8220;default&#8220; column_direction=&#8220;default&#8220; column_direction_tablet=&#8220;default&#8220; column_direction_phone=&#8220;default&#8220; bg_image=&#8220;479&#8243; bg_position=&#8220;center center&#8220; background_image_loading=&#8220;default&#8220; bg_repeat=&#8220;no-repeat&#8220; scene_position=&#8220;center&#8220; text_color=&#8220;light&#8220; text_align=&#8220;left&#8220; row_border_radius=&#8220;none&#8220; row_border_radius_applies=&#8220;bg&#8220; enable_gradient=&#8220;true&#8220; color_overlay=&#8220;#ffd937&#8243; color_overlay_2=&#8220;rgba(255,217,55,0.18)&#8220; overlay_strength=&#8220;0.95&#8243; gradient_direction=&#8220;left_to_right&#8220; enable_shape_divider=&#8220;true&#8220; shape_divider_position=&#8220;bottom&#8220; shape_divider_height=&#8220;100&#8243; bg_image_animation=&#8220;none&#8220; shape_type=&#8220;curve&#8220;][vc_column column_padding=&#8220;padding-14-percent&#8220; column_padding_tablet=&#8220;inherit&#8220; column_padding_phone=&#8220;inherit&#8220; column_padding_position=&#8220;all&#8220; column_element_spacing=&#8220;default&#8220; background_color_opacity=&#8220;1&#8243; background_hover_color_opacity=&#8220;1&#8243; column_shadow=&#8220;none&#8220; column_border_radius=&#8220;none&#8220; column_link_target=&#8220;_self&#8220; gradient_direction=&#8220;left_to_right&#8220; overlay_strength=&#8220;0.3&#8243; width=&#8220;1\/1&#8243; tablet_width_inherit=&#8220;default&#8220; tablet_text_alignment=&#8220;default&#8220; phone_text_alignment=&#8220;default&#8220; bg_image_animation=&#8220;none&#8220; border_type=&#8220;simple&#8220; column_border_width=&#8220;none&#8220; column_border_style=&#8220;solid&#8220;][vc_column_text]\n<h1><span class=\"TextRun MacChromeBold SCXW266454678 BCX8\" lang=\"EN-GB\" xml:lang=\"EN-GB\" data-contrast=\"auto\"><span class=\"NormalTextRun SCXW266454678 BCX8\">Shunt-Pass \/ Patientenausweis<\/span><\/span><\/h1>\n[\/vc_column_text][\/vc_column][\/vc_row][vc_row type=&#8220;in_container&#8220; full_screen_row_position=&#8220;middle&#8220; column_margin=&#8220;default&#8220; column_direction=&#8220;default&#8220; column_direction_tablet=&#8220;default&#8220; column_direction_phone=&#8220;default&#8220; scene_position=&#8220;center&#8220; text_color=&#8220;dark&#8220; text_align=&#8220;left&#8220; row_border_radius=&#8220;none&#8220; row_border_radius_applies=&#8220;bg&#8220; overlay_strength=&#8220;0.3&#8243; gradient_direction=&#8220;left_to_right&#8220; shape_divider_position=&#8220;bottom&#8220; bg_image_animation=&#8220;none&#8220;][vc_column column_padding=&#8220;no-extra-padding&#8220; column_padding_tablet=&#8220;inherit&#8220; column_padding_phone=&#8220;inherit&#8220; column_padding_position=&#8220;all&#8220; column_element_spacing=&#8220;default&#8220; background_color_opacity=&#8220;1&#8243; background_hover_color_opacity=&#8220;1&#8243; column_shadow=&#8220;none&#8220; column_border_radius=&#8220;none&#8220; column_link_target=&#8220;_self&#8220; gradient_direction=&#8220;left_to_right&#8220; overlay_strength=&#8220;0.3&#8243; width=&#8220;1\/6&#8243; tablet_width_inherit=&#8220;default&#8220; tablet_text_alignment=&#8220;default&#8220; phone_text_alignment=&#8220;default&#8220; bg_image_animation=&#8220;none&#8220; border_type=&#8220;simple&#8220; column_border_width=&#8220;none&#8220; column_border_style=&#8220;solid&#8220;][\/vc_column][vc_column column_padding=&#8220;no-extra-padding&#8220; column_padding_tablet=&#8220;inherit&#8220; column_padding_phone=&#8220;inherit&#8220; column_padding_position=&#8220;all&#8220; column_element_spacing=&#8220;default&#8220; background_color_opacity=&#8220;1&#8243; background_hover_color_opacity=&#8220;1&#8243; column_shadow=&#8220;none&#8220; column_border_radius=&#8220;none&#8220; column_link_target=&#8220;_self&#8220; gradient_direction=&#8220;left_to_right&#8220; overlay_strength=&#8220;0.3&#8243; width=&#8220;2\/3&#8243; tablet_width_inherit=&#8220;default&#8220; tablet_text_alignment=&#8220;default&#8220; phone_text_alignment=&#8220;default&#8220; bg_image_animation=&#8220;none&#8220; border_type=&#8220;simple&#8220; column_border_width=&#8220;none&#8220; column_border_style=&#8220;solid&#8220;][vc_column_text]<strong><span class=\"TextRun MacChromeBold SCXW214698265 BCX8\" lang=\"EN-GB\" xml:lang=\"EN-GB\" data-contrast=\"auto\"><span class=\"NormalTextRun SCXW214698265 BCX8\">Wenn Sie eine<\/span><span class=\"NormalTextRun SCXW214698265 BCX8\">\u00a0medizinische Behandlung ben\u00f6tigen, w<\/span><span class=\"NormalTextRun SCXW214698265 BCX8\">\u00e4hrend Sie\u00a0<\/span><span class=\"NormalTextRun SCXW214698265 BCX8\">auf Reisen oder nicht in Reichweite\u00a0<\/span><span class=\"NormalTextRun SCXW214698265 BCX8\">Ihres regul\u00e4ren Zentrums sind, ist es hilfreich,\u00a0<\/span><span class=\"NormalTextRun SCXW214698265 BCX8\">wenn Sie\u00a0<\/span><span class=\"NormalTextRun SCXW214698265 BCX8\">einen\u00a0<\/span><span class=\"NormalTextRun SCXW214698265 BCX8\">S<\/span><span class=\"NormalTextRun SCXW214698265 BCX8\">hunt-<\/span><span class=\"NormalTextRun SCXW214698265 BCX8\">P<\/span><span class=\"NormalTextRun SCXW214698265 BCX8\">ass\u00a0<\/span><span class=\"NormalTextRun SCXW214698265 BCX8\">oder einen Patientenausweis mit sich f\u00fchren, <\/span><span class=\"NormalTextRun SCXW214698265 BCX8\">der <\/span><span class=\"NormalTextRun SCXW214698265 BCX8\">Ihren <\/span><span class=\"NormalTextRun SCXW214698265 BCX8\">s<\/span><span class=\"NormalTextRun SCXW214698265 BCX8\">pezifischen\u00a0<\/span><span class=\"NormalTextRun AdvancedProofingIssueV2 SCXW214698265 BCX8\">Implantattyp\u00a0<\/span><span class=\"NormalTextRun AdvancedProofingIssueV2 SCXW214698265 BCX8\">und<\/span><span class=\"NormalTextRun SCXW214698265 BCX8\">\u00a0dessen Einstellungen angibt,\u00a0<\/span><span class=\"NormalTextRun SCXW214698265 BCX8\">damit die \u00c4rzte <\/span><span class=\"NormalTextRun SCXW214698265 BCX8\">Sie wirksam behandeln k\u00f6nnen.\u00a0<\/span><\/span><span class=\"EOP SCXW214698265 BCX8\" data-ccp-props=\"{}\">\u00a0<\/span><\/strong><\/p>\n<p><span data-contrast=\"auto\">Dieses Dokument bezieht sich spezifisch auf Sie und Ihr Implantat und ist daher nicht austauschbar. Es enth\u00e4lt in der Regel Ihre \u00fcblichen Patientendaten, Informationen \u00fcber das implantierte\u00a0<\/span><span data-contrast=\"auto\">System, einschlie\u00dflich<\/span><span data-contrast=\"auto\">\u00a0Modell, Hersteller und Einstellungen, Datum und Ort des Eingriffs sowie Angaben zum behandelnden Arzt.<\/span><span data-ccp-props=\"{}\">\u00a0<\/span><\/p>\n<p><span data-contrast=\"auto\">Wir empfehlen allen Hydrozephalus-Patienten bzw. den sie begleitenden Betreuungspersonen, einen Shunt-Pass\/Patientenausweis f\u00fcr Notf\u00e4lle mit sich zu f\u00fchren. Ihr Arzt hat Ihnen diesen sicherlich nach der Implantation oder der letzten Ventileinstellung ausgestellt. Vergewissern Sie sich, dass Ihr Patientenausweis auf dem neuesten Stand ist.<\/span><span data-ccp-props=\"{}\">\u00a0<\/span><\/p>\n<p><span data-contrast=\"auto\">Wenn Sie ein einstellbares Codman Hakim Medos- oder Certas Plus Ventil implantiert haben, aber Ihr Shunt-Pass\/Patientenausweis nicht aktuell ist, k\u00f6nnen Sie einen der nachstehenden Blanko-Ausweise herunterladen und von Ihrem Arzt ausf\u00fcllen lassen. F\u00fcr andere Ventil<\/span><span data-contrast=\"auto\">typen<\/span><span data-contrast=\"auto\"> bitten Sie Ihren behandelnden Arzt um einen aktualisierten Patientenausweis.\u00a0<\/span><\/p>\n<p><strong>Die Patientenausweise (auch Implantationsausweise genannt) sind implantatspezifisch. Die auf dieser Seite dargestellten Patientenausweise gelten spezifisch f\u00fcr das einstellbare Codman Certas Plus-Ventil und das einstellbare Codman Hakim-Ventil (stellenweise auch Medos Hakim-Ventil genannt).<\/strong>[\/vc_column_text][vc_row_inner equal_height=&#8220;yes&#8220; column_margin=&#8220;default&#8220; column_direction=&#8220;default&#8220; column_direction_tablet=&#8220;default&#8220; column_direction_phone=&#8220;default&#8220; top_padding=&#8220;3%&#8220; text_align=&#8220;left&#8220;][vc_column_inner column_padding=&#8220;no-extra-padding&#8220; column_padding_tablet=&#8220;inherit&#8220; column_padding_phone=&#8220;inherit&#8220; column_padding_position=&#8220;all&#8220; column_element_spacing=&#8220;default&#8220; background_color_opacity=&#8220;1&#8243; background_hover_color_opacity=&#8220;1&#8243; column_shadow=&#8220;none&#8220; column_border_radius=&#8220;none&#8220; column_link_target=&#8220;_self&#8220; gradient_direction=&#8220;left_to_right&#8220; overlay_strength=&#8220;0.3&#8243; width=&#8220;1\/2&#8243; tablet_width_inherit=&#8220;default&#8220; bg_image_animation=&#8220;none&#8220; border_type=&#8220;simple&#8220; column_border_width=&#8220;none&#8220; column_border_style=&#8220;solid&#8220;][image_with_animation image_url=&#8220;253&#8243; animation=&#8220;Fade In&#8220; hover_animation=&#8220;color-overlay&#8220; hover_overlay_color=&#8220;#ffd937&#8243; alignment=&#8220;center&#8220; img_link_target=&#8220;_blank&#8220; border_radius=&#8220;5px&#8220; box_shadow=&#8220;small_depth&#8220; image_loading=&#8220;default&#8220; max_width=&#8220;50%&#8220; max_width_mobile=&#8220;default&#8220; img_link=&#8220;https:\/\/app.sales.integralife.com\/csf-management\/programmable-valves\/certas\/certas-plus-patient-id-card-de.pdf&#8220;][\/vc_column_inner][vc_column_inner column_padding=&#8220;no-extra-padding&#8220; column_padding_tablet=&#8220;inherit&#8220; column_padding_phone=&#8220;inherit&#8220; column_padding_position=&#8220;all&#8220; column_element_spacing=&#8220;default&#8220; background_color_opacity=&#8220;1&#8243; background_hover_color_opacity=&#8220;1&#8243; column_shadow=&#8220;none&#8220; column_border_radius=&#8220;none&#8220; column_link_target=&#8220;_self&#8220; gradient_direction=&#8220;left_to_right&#8220; overlay_strength=&#8220;0.3&#8243; width=&#8220;1\/2&#8243; tablet_width_inherit=&#8220;default&#8220; bg_image_animation=&#8220;none&#8220; border_type=&#8220;simple&#8220; column_border_width=&#8220;none&#8220; column_border_style=&#8220;solid&#8220;][image_with_animation image_url=&#8220;252&#8243; animation=&#8220;Fade In&#8220; hover_animation=&#8220;color-overlay&#8220; hover_overlay_color=&#8220;#ffd937&#8243; alignment=&#8220;center&#8220; img_link_target=&#8220;_blank&#8220; border_radius=&#8220;5px&#8220; box_shadow=&#8220;small_depth&#8220; image_loading=&#8220;default&#8220; max_width=&#8220;50%&#8220; max_width_mobile=&#8220;default&#8220; img_link=&#8220;https:\/\/app.sales.integralife.com\/csf-management\/programmable-valves\/chpv\/hakim-patient-id-card-de.pdf&#8220;][\/vc_column_inner][\/vc_row_inner][vc_column_text]Diese PDF-Dateien k\u00f6nnen heruntergeladen und ausgedruckt werden. Wenn Sie das entsprechende Implantat tragen und Ihren alten Ausweis verloren oder gar keinen erhalten haben, k\u00f6nnen Sie ein Exemplar herunterladen und ausdrucken und Ihren Arzt bitten, die entsprechenden Informationen einzutragen.[\/vc_column_text][\/vc_column][vc_column column_padding=&#8220;no-extra-padding&#8220; column_padding_tablet=&#8220;inherit&#8220; column_padding_phone=&#8220;inherit&#8220; column_padding_position=&#8220;all&#8220; column_element_spacing=&#8220;default&#8220; background_color_opacity=&#8220;1&#8243; background_hover_color_opacity=&#8220;1&#8243; column_shadow=&#8220;none&#8220; column_border_radius=&#8220;none&#8220; column_link_target=&#8220;_self&#8220; gradient_direction=&#8220;left_to_right&#8220; overlay_strength=&#8220;0.3&#8243; width=&#8220;1\/6&#8243; tablet_width_inherit=&#8220;default&#8220; tablet_text_alignment=&#8220;default&#8220; phone_text_alignment=&#8220;default&#8220; bg_image_animation=&#8220;none&#8220; border_type=&#8220;simple&#8220; column_border_width=&#8220;none&#8220; column_border_style=&#8220;solid&#8220;][\/vc_column][\/vc_row][vc_row type=&#8220;full_width_background&#8220; full_screen_row_position=&#8220;middle&#8220; column_margin=&#8220;default&#8220; column_direction=&#8220;default&#8220; column_direction_tablet=&#8220;default&#8220; column_direction_phone=&#8220;default&#8220; bg_image=&#8220;59&#8243; bg_position=&#8220;right center&#8220; background_image_loading=&#8220;default&#8220; bg_repeat=&#8220;no-repeat&#8220; scene_position=&#8220;center&#8220; text_color=&#8220;light&#8220; text_align=&#8220;left&#8220; row_border_radius=&#8220;none&#8220; row_border_radius_applies=&#8220;bg&#8220; overlay_strength=&#8220;0.3&#8243; gradient_direction=&#8220;left_to_right&#8220; shape_divider_position=&#8220;bottom&#8220; bg_image_animation=&#8220;none&#8220; shape_type=&#8220;&#8220;][vc_column column_padding=&#8220;padding-10-percent&#8220; column_padding_tablet=&#8220;inherit&#8220; column_padding_phone=&#8220;inherit&#8220; column_padding_position=&#8220;all&#8220; column_element_spacing=&#8220;default&#8220; centered_text=&#8220;true&#8220; background_color_opacity=&#8220;1&#8243; background_hover_color_opacity=&#8220;1&#8243; column_shadow=&#8220;none&#8220; column_border_radius=&#8220;none&#8220; column_link_target=&#8220;_self&#8220; gradient_direction=&#8220;left_to_right&#8220; overlay_strength=&#8220;0.3&#8243; width=&#8220;1\/1&#8243; tablet_width_inherit=&#8220;default&#8220; tablet_text_alignment=&#8220;default&#8220; phone_text_alignment=&#8220;default&#8220; bg_image_animation=&#8220;none&#8220; border_type=&#8220;simple&#8220; column_border_width=&#8220;none&#8220; column_border_style=&#8220;solid&#8220;][nectar_btn size=&#8220;large&#8220; button_style=&#8220;see-through&#8220; button_color_2=&#8220;Accent-Color&#8220; color_override=&#8220;#ffffff&#8220; icon_family=&#8220;none&#8220; text=&#8220;Kontaktieren Sie einen Spezialisten in Ihrer N\u00e4he&#8220; url=&#8220;\/de\/zentrumssuche\/&#8220;][\/vc_column][\/vc_row][vc_row type=&#8220;in_container&#8220; full_screen_row_position=&#8220;middle&#8220; column_margin=&#8220;default&#8220; column_direction=&#8220;default&#8220; column_direction_tablet=&#8220;default&#8220; column_direction_phone=&#8220;default&#8220; scene_position=&#8220;center&#8220; text_color=&#8220;dark&#8220; text_align=&#8220;left&#8220; row_border_radius=&#8220;none&#8220; row_border_radius_applies=&#8220;bg&#8220; overlay_strength=&#8220;0.3&#8243; gradient_direction=&#8220;left_to_right&#8220; shape_divider_position=&#8220;bottom&#8220; bg_image_animation=&#8220;none&#8220;][vc_column column_padding=&#8220;no-extra-padding&#8220; column_padding_tablet=&#8220;inherit&#8220; column_padding_phone=&#8220;inherit&#8220; column_padding_position=&#8220;all&#8220; column_element_spacing=&#8220;default&#8220; background_color_opacity=&#8220;1&#8243; background_hover_color_opacity=&#8220;1&#8243; column_shadow=&#8220;none&#8220; column_border_radius=&#8220;none&#8220; column_link_target=&#8220;_self&#8220; gradient_direction=&#8220;left_to_right&#8220; overlay_strength=&#8220;0.3&#8243; width=&#8220;1\/1&#8243; tablet_width_inherit=&#8220;default&#8220; tablet_text_alignment=&#8220;default&#8220; phone_text_alignment=&#8220;default&#8220; bg_image_animation=&#8220;none&#8220; border_type=&#8220;simple&#8220; column_border_width=&#8220;none&#8220; column_border_style=&#8220;solid&#8220;][nectar_global_section id=&#8220;96&#8243;][\/vc_column][\/vc_row]\n","protected":false},"excerpt":{"rendered":"<p>[vc_row type=&#8220;full_width_background&#8220; full_screen_row_position=&#8220;middle&#8220; column_margin=&#8220;default&#8220; column_direction=&#8220;default&#8220; column_direction_tablet=&#8220;default&#8220; column_direction_phone=&#8220;default&#8220; bg_image=&#8220;479&#8243; bg_position=&#8220;center center&#8220; background_image_loading=&#8220;default&#8220; bg_repeat=&#8220;no-repeat&#8220; scene_position=&#8220;center&#8220; text_color=&#8220;light&#8220; text_align=&#8220;left&#8220; row_border_radius=&#8220;none&#8220; row_border_radius_applies=&#8220;bg&#8220; enable_gradient=&#8220;true&#8220; color_overlay=&#8220;#ffd937&#8243; color_overlay_2=&#8220;rgba(255,217,55,0.18)&#8220; overlay_strength=&#8220;0.95&#8243; gradient_direction=&#8220;left_to_right&#8220; enable_shape_divider=&#8220;true&#8220; shape_divider_position=&#8220;bottom&#8220; shape_divider_height=&#8220;100&#8243; bg_image_animation=&#8220;none&#8220; shape_type=&#8220;curve&#8220;][vc_column column_padding=&#8220;padding-14-percent&#8220; column_padding_tablet=&#8220;inherit&#8220; column_padding_phone=&#8220;inherit&#8220;&#8230;<\/p>\n","protected":false},"author":1,"featured_media":0,"parent":1618,"menu_order":0,"comment_status":"closed","ping_status":"closed","template":"","meta":{"content-type":"","inline_featured_image":false,"footnotes":""},"class_list":["post-1364","page","type-page","status-publish"],"yoast_head":"<!-- This site is optimized with the Yoast SEO plugin v27.4 - https:\/\/yoast.com\/product\/yoast-seo-wordpress\/ -->\n<title>Patientenausweise - hydroandme<\/title>\n<meta name=\"robots\" content=\"index, follow, max-snippet:-1, max-image-preview:large, max-video-preview:-1\" \/>\n<link rel=\"canonical\" href=\"https:\/\/hydroandme.com\/de\/patienten-support\/patientenausweise\/\" \/>\n<meta property=\"og:locale\" content=\"de_DE\" \/>\n<meta property=\"og:type\" content=\"article\" \/>\n<meta property=\"og:title\" content=\"Patientenausweise - hydroandme\" \/>\n<meta property=\"og:description\" content=\"[vc_row type=&#8220;full_width_background&#8220; full_screen_row_position=&#8220;middle&#8220; column_margin=&#8220;default&#8220; column_direction=&#8220;default&#8220; column_direction_tablet=&#8220;default&#8220; column_direction_phone=&#8220;default&#8220; bg_image=&#8220;479&#8243; bg_position=&#8220;center center&#8220; background_image_loading=&#8220;default&#8220; bg_repeat=&#8220;no-repeat&#8220; scene_position=&#8220;center&#8220; text_color=&#8220;light&#8220; text_align=&#8220;left&#8220; row_border_radius=&#8220;none&#8220; row_border_radius_applies=&#8220;bg&#8220; enable_gradient=&#8220;true&#8220; color_overlay=&#8220;#ffd937&#8243; color_overlay_2=&#8220;rgba(255,217,55,0.18)&#8220; overlay_strength=&#8220;0.95&#8243; gradient_direction=&#8220;left_to_right&#8220; enable_shape_divider=&#8220;true&#8220; shape_divider_position=&#8220;bottom&#8220; shape_divider_height=&#8220;100&#8243; bg_image_animation=&#8220;none&#8220; shape_type=&#8220;curve&#8220;][vc_column column_padding=&#8220;padding-14-percent&#8220; column_padding_tablet=&#8220;inherit&#8220; column_padding_phone=&#8220;inherit&#8220;...\" \/>\n<meta property=\"og:url\" content=\"https:\/\/hydroandme.com\/de\/patienten-support\/patientenausweise\/\" \/>\n<meta property=\"og:site_name\" content=\"hydroandme\" \/>\n<meta property=\"article:modified_time\" content=\"2022-10-06T15:36:53+00:00\" \/>\n<meta name=\"twitter:card\" content=\"summary_large_image\" \/>\n<meta name=\"twitter:label1\" content=\"Gesch\u00e4tzte Lesezeit\" \/>\n\t<meta name=\"twitter:data1\" content=\"3\u00a0Minuten\" \/>\n<script type=\"application\/ld+json\" class=\"yoast-schema-graph\">{\"@context\":\"https:\\\/\\\/schema.org\",\"@graph\":[{\"@type\":\"WebPage\",\"@id\":\"https:\\\/\\\/hydroandme.com\\\/de\\\/patienten-support\\\/patientenausweise\\\/\",\"url\":\"https:\\\/\\\/hydroandme.com\\\/de\\\/patienten-support\\\/patientenausweise\\\/\",\"name\":\"Patientenausweise - hydroandme\",\"isPartOf\":{\"@id\":\"https:\\\/\\\/hydroandme.com\\\/de\\\/#website\"},\"datePublished\":\"2022-01-26T10:58:11+00:00\",\"dateModified\":\"2022-10-06T15:36:53+00:00\",\"breadcrumb\":{\"@id\":\"https:\\\/\\\/hydroandme.com\\\/de\\\/patienten-support\\\/patientenausweise\\\/#breadcrumb\"},\"inLanguage\":\"de\",\"potentialAction\":[{\"@type\":\"ReadAction\",\"target\":[\"https:\\\/\\\/hydroandme.com\\\/de\\\/patienten-support\\\/patientenausweise\\\/\"]}]},{\"@type\":\"BreadcrumbList\",\"@id\":\"https:\\\/\\\/hydroandme.com\\\/de\\\/patienten-support\\\/patientenausweise\\\/#breadcrumb\",\"itemListElement\":[{\"@type\":\"ListItem\",\"position\":1,\"name\":\"Home\",\"item\":\"https:\\\/\\\/hydroandme.com\\\/de\\\/\"},{\"@type\":\"ListItem\",\"position\":2,\"name\":\"Patienten-Support\",\"item\":\"https:\\\/\\\/hydroandme.com\\\/de\\\/patienten-support\\\/\"},{\"@type\":\"ListItem\",\"position\":3,\"name\":\"Patientenausweise\"}]},{\"@type\":\"WebSite\",\"@id\":\"https:\\\/\\\/hydroandme.com\\\/de\\\/#website\",\"url\":\"https:\\\/\\\/hydroandme.com\\\/de\\\/\",\"name\":\"hydroandme\",\"description\":\"General information on hydrocephalus\",\"potentialAction\":[{\"@type\":\"SearchAction\",\"target\":{\"@type\":\"EntryPoint\",\"urlTemplate\":\"https:\\\/\\\/hydroandme.com\\\/de\\\/?s={search_term_string}\"},\"query-input\":{\"@type\":\"PropertyValueSpecification\",\"valueRequired\":true,\"valueName\":\"search_term_string\"}}],\"inLanguage\":\"de\"}]}<\/script>\n<!-- \/ Yoast SEO plugin. -->","yoast_head_json":{"title":"Patientenausweise - hydroandme","robots":{"index":"index","follow":"follow","max-snippet":"max-snippet:-1","max-image-preview":"max-image-preview:large","max-video-preview":"max-video-preview:-1"},"canonical":"https:\/\/hydroandme.com\/de\/patienten-support\/patientenausweise\/","og_locale":"de_DE","og_type":"article","og_title":"Patientenausweise - hydroandme","og_description":"[vc_row type=&#8220;full_width_background&#8220; full_screen_row_position=&#8220;middle&#8220; column_margin=&#8220;default&#8220; column_direction=&#8220;default&#8220; column_direction_tablet=&#8220;default&#8220; column_direction_phone=&#8220;default&#8220; bg_image=&#8220;479&#8243; bg_position=&#8220;center center&#8220; background_image_loading=&#8220;default&#8220; bg_repeat=&#8220;no-repeat&#8220; scene_position=&#8220;center&#8220; text_color=&#8220;light&#8220; text_align=&#8220;left&#8220; row_border_radius=&#8220;none&#8220; row_border_radius_applies=&#8220;bg&#8220; enable_gradient=&#8220;true&#8220; color_overlay=&#8220;#ffd937&#8243; color_overlay_2=&#8220;rgba(255,217,55,0.18)&#8220; overlay_strength=&#8220;0.95&#8243; gradient_direction=&#8220;left_to_right&#8220; enable_shape_divider=&#8220;true&#8220; shape_divider_position=&#8220;bottom&#8220; shape_divider_height=&#8220;100&#8243; bg_image_animation=&#8220;none&#8220; shape_type=&#8220;curve&#8220;][vc_column column_padding=&#8220;padding-14-percent&#8220; column_padding_tablet=&#8220;inherit&#8220; column_padding_phone=&#8220;inherit&#8220;...","og_url":"https:\/\/hydroandme.com\/de\/patienten-support\/patientenausweise\/","og_site_name":"hydroandme","article_modified_time":"2022-10-06T15:36:53+00:00","twitter_card":"summary_large_image","twitter_misc":{"Gesch\u00e4tzte Lesezeit":"3\u00a0Minuten"},"schema":{"@context":"https:\/\/schema.org","@graph":[{"@type":"WebPage","@id":"https:\/\/hydroandme.com\/de\/patienten-support\/patientenausweise\/","url":"https:\/\/hydroandme.com\/de\/patienten-support\/patientenausweise\/","name":"Patientenausweise - hydroandme","isPartOf":{"@id":"https:\/\/hydroandme.com\/de\/#website"},"datePublished":"2022-01-26T10:58:11+00:00","dateModified":"2022-10-06T15:36:53+00:00","breadcrumb":{"@id":"https:\/\/hydroandme.com\/de\/patienten-support\/patientenausweise\/#breadcrumb"},"inLanguage":"de","potentialAction":[{"@type":"ReadAction","target":["https:\/\/hydroandme.com\/de\/patienten-support\/patientenausweise\/"]}]},{"@type":"BreadcrumbList","@id":"https:\/\/hydroandme.com\/de\/patienten-support\/patientenausweise\/#breadcrumb","itemListElement":[{"@type":"ListItem","position":1,"name":"Home","item":"https:\/\/hydroandme.com\/de\/"},{"@type":"ListItem","position":2,"name":"Patienten-Support","item":"https:\/\/hydroandme.com\/de\/patienten-support\/"},{"@type":"ListItem","position":3,"name":"Patientenausweise"}]},{"@type":"WebSite","@id":"https:\/\/hydroandme.com\/de\/#website","url":"https:\/\/hydroandme.com\/de\/","name":"hydroandme","description":"General information on hydrocephalus","potentialAction":[{"@type":"SearchAction","target":{"@type":"EntryPoint","urlTemplate":"https:\/\/hydroandme.com\/de\/?s={search_term_string}"},"query-input":{"@type":"PropertyValueSpecification","valueRequired":true,"valueName":"search_term_string"}}],"inLanguage":"de"}]}},"jetpack_sharing_enabled":true,"_links":{"self":[{"href":"https:\/\/hydroandme.com\/de\/wp-json\/wp\/v2\/pages\/1364","targetHints":{"allow":["GET"]}}],"collection":[{"href":"https:\/\/hydroandme.com\/de\/wp-json\/wp\/v2\/pages"}],"about":[{"href":"https:\/\/hydroandme.com\/de\/wp-json\/wp\/v2\/types\/page"}],"author":[{"embeddable":true,"href":"https:\/\/hydroandme.com\/de\/wp-json\/wp\/v2\/users\/1"}],"replies":[{"embeddable":true,"href":"https:\/\/hydroandme.com\/de\/wp-json\/wp\/v2\/comments?post=1364"}],"version-history":[{"count":6,"href":"https:\/\/hydroandme.com\/de\/wp-json\/wp\/v2\/pages\/1364\/revisions"}],"predecessor-version":[{"id":3675,"href":"https:\/\/hydroandme.com\/de\/wp-json\/wp\/v2\/pages\/1364\/revisions\/3675"}],"up":[{"embeddable":true,"href":"https:\/\/hydroandme.com\/de\/wp-json\/wp\/v2\/pages\/1618"}],"wp:attachment":[{"href":"https:\/\/hydroandme.com\/de\/wp-json\/wp\/v2\/media?parent=1364"}],"curies":[{"name":"wp","href":"https:\/\/api.w.org\/{rel}","templated":true}]}}