{"id":1490,"date":"2022-01-26T11:03:24","date_gmt":"2022-01-26T11:03:24","guid":{"rendered":"https:\/\/hydroandme.com\/arten-von-hydrozephalus\/"},"modified":"2022-09-09T14:45:43","modified_gmt":"2022-09-09T14:45:43","slug":"arten-von-hydrozephalus","status":"publish","type":"page","link":"https:\/\/hydroandme.com\/de\/arten-von-hydrozephalus\/","title":{"rendered":"Arten von Hydrozephalus"},"content":{"rendered":"[vc_row type=&#8220;full_width_background&#8220; full_screen_row_position=&#8220;middle&#8220; column_margin=&#8220;default&#8220; column_direction=&#8220;default&#8220; column_direction_tablet=&#8220;default&#8220; column_direction_phone=&#8220;default&#8220; bg_image=&#8220;501&#8243; bg_position=&#8220;center center&#8220; background_image_loading=&#8220;default&#8220; bg_repeat=&#8220;no-repeat&#8220; scene_position=&#8220;center&#8220; text_color=&#8220;light&#8220; text_align=&#8220;left&#8220; row_border_radius=&#8220;none&#8220; row_border_radius_applies=&#8220;bg&#8220; enable_gradient=&#8220;true&#8220; color_overlay=&#8220;#ffd937&#8243; color_overlay_2=&#8220;rgba(255,217,55,0.18)&#8220; overlay_strength=&#8220;0.95&#8243; gradient_direction=&#8220;left_to_right&#8220; enable_shape_divider=&#8220;true&#8220; shape_divider_position=&#8220;bottom&#8220; shape_divider_height=&#8220;100&#8243; bg_image_animation=&#8220;none&#8220; shape_type=&#8220;curve&#8220;][vc_column column_padding=&#8220;padding-14-percent&#8220; column_padding_tablet=&#8220;inherit&#8220; column_padding_phone=&#8220;inherit&#8220; column_padding_position=&#8220;all&#8220; column_element_spacing=&#8220;default&#8220; background_color_opacity=&#8220;1&#8243; background_hover_color_opacity=&#8220;1&#8243; column_shadow=&#8220;none&#8220; column_border_radius=&#8220;none&#8220; column_link_target=&#8220;_self&#8220; gradient_direction=&#8220;left_to_right&#8220; overlay_strength=&#8220;0.3&#8243; width=&#8220;1\/1&#8243; tablet_width_inherit=&#8220;default&#8220; tablet_text_alignment=&#8220;default&#8220; phone_text_alignment=&#8220;default&#8220; bg_image_animation=&#8220;none&#8220; border_type=&#8220;simple&#8220; column_border_width=&#8220;none&#8220; column_border_style=&#8220;solid&#8220;][vc_column_text]\n<h1>Arten von<br \/>\n<strong>Hydrozephalus<\/strong><\/h1>\n[\/vc_column_text][\/vc_column][\/vc_row][vc_row type=&#8220;in_container&#8220; full_screen_row_position=&#8220;middle&#8220; column_margin=&#8220;default&#8220; column_direction=&#8220;default&#8220; column_direction_tablet=&#8220;default&#8220; column_direction_phone=&#8220;default&#8220; scene_position=&#8220;center&#8220; text_color=&#8220;dark&#8220; text_align=&#8220;left&#8220; row_border_radius=&#8220;none&#8220; row_border_radius_applies=&#8220;bg&#8220; overlay_strength=&#8220;0.3&#8243; gradient_direction=&#8220;left_to_right&#8220; shape_divider_position=&#8220;bottom&#8220; bg_image_animation=&#8220;none&#8220;][vc_column column_padding=&#8220;no-extra-padding&#8220; column_padding_tablet=&#8220;inherit&#8220; column_padding_phone=&#8220;inherit&#8220; column_padding_position=&#8220;all&#8220; column_element_spacing=&#8220;default&#8220; background_color_opacity=&#8220;1&#8243; background_hover_color_opacity=&#8220;1&#8243; column_shadow=&#8220;none&#8220; column_border_radius=&#8220;none&#8220; column_link_target=&#8220;_self&#8220; gradient_direction=&#8220;left_to_right&#8220; overlay_strength=&#8220;0.3&#8243; width=&#8220;1\/1&#8243; tablet_width_inherit=&#8220;default&#8220; tablet_text_alignment=&#8220;default&#8220; phone_text_alignment=&#8220;default&#8220; bg_image_animation=&#8220;none&#8220; border_type=&#8220;simple&#8220; column_border_width=&#8220;none&#8220; column_border_style=&#8220;solid&#8220;][nectar_global_section id=&#8220;364&#8243;][\/vc_column][\/vc_row][vc_row type=&#8220;in_container&#8220; full_screen_row_position=&#8220;middle&#8220; column_margin=&#8220;default&#8220; column_direction=&#8220;default&#8220; column_direction_tablet=&#8220;default&#8220; column_direction_phone=&#8220;default&#8220; scene_position=&#8220;center&#8220; top_padding=&#8220;4%&#8220; text_color=&#8220;dark&#8220; text_align=&#8220;left&#8220; row_border_radius=&#8220;none&#8220; row_border_radius_applies=&#8220;bg&#8220; overlay_strength=&#8220;0.3&#8243; gradient_direction=&#8220;left_to_right&#8220; shape_divider_position=&#8220;bottom&#8220; bg_image_animation=&#8220;none&#8220; shape_type=&#8220;&#8220;][vc_column column_padding=&#8220;no-extra-padding&#8220; column_padding_tablet=&#8220;inherit&#8220; column_padding_phone=&#8220;inherit&#8220; column_padding_position=&#8220;all&#8220; column_element_spacing=&#8220;default&#8220; background_color_opacity=&#8220;1&#8243; background_hover_color_opacity=&#8220;1&#8243; column_shadow=&#8220;none&#8220; column_border_radius=&#8220;none&#8220; column_link_target=&#8220;_self&#8220; gradient_direction=&#8220;left_to_right&#8220; overlay_strength=&#8220;0.3&#8243; width=&#8220;1\/3&#8243; tablet_width_inherit=&#8220;default&#8220; tablet_text_alignment=&#8220;default&#8220; phone_text_alignment=&#8220;default&#8220; bg_image_animation=&#8220;none&#8220; border_type=&#8220;simple&#8220; column_border_width=&#8220;none&#8220; column_border_style=&#8220;solid&#8220;][vc_text_separator title=&#8220;ANGEBOREN&#8220; color=&#8220;violet&#8220;][image_with_animation image_url=&#8220;213&#8243; animation=&#8220;Fade In&#8220; hover_animation=&#8220;none&#8220; alignment=&#8220;center&#8220; border_radius=&#8220;none&#8220; box_shadow=&#8220;none&#8220; image_loading=&#8220;default&#8220; max_width=&#8220;75%&#8220; max_width_mobile=&#8220;default&#8220; img_link=&#8220;\/de\/arten-von-hydrozephalus\/angeborener-hydrozephalus\/&#8220;][vc_column_text]Der angeborene Hydrozephalus wird durch Fehlbildungen des Gehirns oder durch Geburtsfehler verursacht.<br \/>\nDie h\u00e4ufigste Ursache f\u00fcr einen angeborenen Hydrozephalus ist ein Verschluss des zerebralen Aqu\u00e4dukts \u2013 des langen, schmalen Verbindungsganges zwischen dem dritten und vierten Ventrikel (den Hohlr\u00e4umen des Gehirns). Dieser Zustand kann durch eine Blockade, eine Infektion, eine Blutung, einen Tumor oder eine Arachnoidalzyste hervorgerufen werden und steht h\u00e4ufig in Zusammenhang mit einem Mangel an Fols\u00e4ure in der Schwangerschaft.<\/p>\n<p class=\"p1\"><b>Kommunizierender Hydrozephalus<\/b><span class=\"Apple-converted-space\"><br \/>\n<\/span>Tritt auf, wenn der Liquorfluss nach dem Austritt aus den Ventrikeln blockiert ist.<\/p>\n<p class=\"p1\"><b>Nicht-kommunizierender Hydrozephalus<\/b>, auch bekannt als obstruktiver Hydrozephalus, tritt auf, wenn der Liquorfluss in einem oder mehreren der engen Verbindungsg\u00e4nge zwischen den Ventrikeln blockiert ist.<\/p>\n[\/vc_column_text][\/vc_column][vc_column column_padding=&#8220;no-extra-padding&#8220; column_padding_tablet=&#8220;inherit&#8220; column_padding_phone=&#8220;inherit&#8220; column_padding_position=&#8220;all&#8220; column_element_spacing=&#8220;default&#8220; background_color_opacity=&#8220;1&#8243; background_hover_color_opacity=&#8220;1&#8243; column_shadow=&#8220;none&#8220; column_border_radius=&#8220;none&#8220; column_link_target=&#8220;_self&#8220; gradient_direction=&#8220;left_to_right&#8220; overlay_strength=&#8220;0.3&#8243; width=&#8220;1\/3&#8243; tablet_width_inherit=&#8220;default&#8220; tablet_text_alignment=&#8220;default&#8220; phone_text_alignment=&#8220;default&#8220; bg_image_animation=&#8220;none&#8220; border_type=&#8220;simple&#8220; column_border_width=&#8220;none&#8220; column_border_style=&#8220;solid&#8220;][vc_text_separator title=&#8220;ERWORBEN&#8220; color=&#8220;violet&#8220;][image_with_animation image_url=&#8220;211&#8243; animation=&#8220;Fade In&#8220; hover_animation=&#8220;none&#8220; alignment=&#8220;center&#8220; border_radius=&#8220;none&#8220; box_shadow=&#8220;none&#8220; image_loading=&#8220;default&#8220; max_width=&#8220;75%&#8220; max_width_mobile=&#8220;default&#8220; img_link=&#8220;\/de\/arten-von-hydrozephalus\/erworbener-hydrozephalus\/&#8220;][vc_column_text]<span lang=\"EN-GB\">Der erworbene Hydrozephalus tritt <\/span>in der Regel infolge einer Erkrankung oder Verletzung auf, beispielsweise nach einem Hirntumor, einem Schlaganfall oder einem Sch\u00e4del-Hirn-Trauma.<\/p>\n<p class=\"p1\"><b>Kommunizierender Hydrozephalus<\/b><span class=\"Apple-converted-space\"><br \/>\n<\/span>Tritt auf, wenn der Liquorfluss nach dem Austritt aus den Ventrikeln blockiert ist.<\/p>\n<p class=\"p1\"><b>Nicht-kommunizierender Hydrozephalus<\/b>, auch bekannt als obstruktiver Hydrozephalus, tritt auf, wenn der Liquorfluss in einem oder mehreren der engen Verbindungsg\u00e4nge zwischen den Ventrikeln blockiert ist.<\/p>\n[\/vc_column_text][\/vc_column][vc_column column_padding=&#8220;no-extra-padding&#8220; column_padding_tablet=&#8220;inherit&#8220; column_padding_phone=&#8220;inherit&#8220; column_padding_position=&#8220;all&#8220; column_element_spacing=&#8220;default&#8220; background_color_opacity=&#8220;1&#8243; background_hover_color_opacity=&#8220;1&#8243; column_shadow=&#8220;none&#8220; column_border_radius=&#8220;none&#8220; column_link_target=&#8220;_self&#8220; gradient_direction=&#8220;left_to_right&#8220; overlay_strength=&#8220;0.3&#8243; width=&#8220;1\/3&#8243; tablet_width_inherit=&#8220;default&#8220; tablet_text_alignment=&#8220;default&#8220; phone_text_alignment=&#8220;default&#8220; bg_image_animation=&#8220;none&#8220; border_type=&#8220;simple&#8220; column_border_width=&#8220;none&#8220; column_border_style=&#8220;solid&#8220;][vc_text_separator title=&#8220;NPH&#8220; color=&#8220;violet&#8220;][image_with_animation image_url=&#8220;46&#8243; animation=&#8220;Fade In&#8220; hover_animation=&#8220;none&#8220; alignment=&#8220;center&#8220; border_radius=&#8220;none&#8220; box_shadow=&#8220;none&#8220; image_loading=&#8220;default&#8220; max_width=&#8220;75%&#8220; max_width_mobile=&#8220;default&#8220; img_link=&#8220;\/de\/arten-von-hydrozephalus\/normaldruckhydrozephalus-nph\/&#8220;][vc_column_text]Normaldruckhydrozephalus (NPH), auch idiopathischer Normaldruckhydrozephalus (iNPH) genannt, bezeichnet eine Ansammlung von Liquor (Hirnwasser), die zu einer Vergr\u00f6\u00dferung der Hirnkammern (Ventrikel) f\u00fchrt und stellenweise mit nur einem geringen oder gar keinem Anstieg des Hirndrucks (intrakranieller Druck, ICP) verbunden ist.[\/vc_column_text][\/vc_column][\/vc_row][vc_row type=&#8220;in_container&#8220; full_screen_row_position=&#8220;middle&#8220; column_margin=&#8220;default&#8220; column_direction=&#8220;default&#8220; column_direction_tablet=&#8220;default&#8220; column_direction_phone=&#8220;default&#8220; scene_position=&#8220;center&#8220; text_color=&#8220;dark&#8220; text_align=&#8220;left&#8220; row_border_radius=&#8220;none&#8220; row_border_radius_applies=&#8220;bg&#8220; overlay_strength=&#8220;0.3&#8243; gradient_direction=&#8220;left_to_right&#8220; shape_divider_position=&#8220;bottom&#8220; bg_image_animation=&#8220;none&#8220;][vc_column column_padding=&#8220;no-extra-padding&#8220; column_padding_tablet=&#8220;inherit&#8220; column_padding_phone=&#8220;inherit&#8220; column_padding_position=&#8220;all&#8220; column_element_spacing=&#8220;default&#8220; background_color_opacity=&#8220;1&#8243; background_hover_color_opacity=&#8220;1&#8243; column_shadow=&#8220;none&#8220; column_border_radius=&#8220;none&#8220; column_link_target=&#8220;_self&#8220; gradient_direction=&#8220;left_to_right&#8220; overlay_strength=&#8220;0.3&#8243; width=&#8220;1\/1&#8243; tablet_width_inherit=&#8220;default&#8220; tablet_text_alignment=&#8220;default&#8220; phone_text_alignment=&#8220;default&#8220; bg_image_animation=&#8220;none&#8220; border_type=&#8220;simple&#8220; column_border_width=&#8220;none&#8220; column_border_style=&#8220;solid&#8220;][nectar_global_section id=&#8220;96&#8243;][\/vc_column][\/vc_row]\n","protected":false},"excerpt":{"rendered":"<p>[vc_row type=&#8220;full_width_background&#8220; full_screen_row_position=&#8220;middle&#8220; column_margin=&#8220;default&#8220; column_direction=&#8220;default&#8220; column_direction_tablet=&#8220;default&#8220; column_direction_phone=&#8220;default&#8220; bg_image=&#8220;501&#8243; bg_position=&#8220;center center&#8220; background_image_loading=&#8220;default&#8220; bg_repeat=&#8220;no-repeat&#8220; scene_position=&#8220;center&#8220; text_color=&#8220;light&#8220; text_align=&#8220;left&#8220; row_border_radius=&#8220;none&#8220; row_border_radius_applies=&#8220;bg&#8220; enable_gradient=&#8220;true&#8220; color_overlay=&#8220;#ffd937&#8243; color_overlay_2=&#8220;rgba(255,217,55,0.18)&#8220; overlay_strength=&#8220;0.95&#8243; gradient_direction=&#8220;left_to_right&#8220; enable_shape_divider=&#8220;true&#8220; shape_divider_position=&#8220;bottom&#8220; shape_divider_height=&#8220;100&#8243; bg_image_animation=&#8220;none&#8220; shape_type=&#8220;curve&#8220;][vc_column column_padding=&#8220;padding-14-percent&#8220; column_padding_tablet=&#8220;inherit&#8220; column_padding_phone=&#8220;inherit&#8220;&#8230;<\/p>\n","protected":false},"author":1,"featured_media":0,"parent":0,"menu_order":0,"comment_status":"closed","ping_status":"closed","template":"","meta":{"content-type":"","inline_featured_image":false,"footnotes":""},"class_list":["post-1490","page","type-page","status-publish"],"yoast_head":"<!-- This site is optimized with the Yoast SEO plugin v27.4 - https:\/\/yoast.com\/product\/yoast-seo-wordpress\/ -->\n<title>Arten von Hydrozephalus - hydroandme<\/title>\n<meta name=\"robots\" content=\"index, follow, max-snippet:-1, max-image-preview:large, max-video-preview:-1\" \/>\n<link rel=\"canonical\" href=\"https:\/\/hydroandme.com\/de\/arten-von-hydrozephalus\/\" \/>\n<meta property=\"og:locale\" content=\"de_DE\" \/>\n<meta property=\"og:type\" content=\"article\" \/>\n<meta property=\"og:title\" content=\"Arten von Hydrozephalus - hydroandme\" \/>\n<meta property=\"og:description\" content=\"[vc_row type=&#8220;full_width_background&#8220; full_screen_row_position=&#8220;middle&#8220; column_margin=&#8220;default&#8220; column_direction=&#8220;default&#8220; column_direction_tablet=&#8220;default&#8220; column_direction_phone=&#8220;default&#8220; bg_image=&#8220;501&#8243; bg_position=&#8220;center center&#8220; background_image_loading=&#8220;default&#8220; bg_repeat=&#8220;no-repeat&#8220; scene_position=&#8220;center&#8220; text_color=&#8220;light&#8220; text_align=&#8220;left&#8220; row_border_radius=&#8220;none&#8220; row_border_radius_applies=&#8220;bg&#8220; enable_gradient=&#8220;true&#8220; color_overlay=&#8220;#ffd937&#8243; color_overlay_2=&#8220;rgba(255,217,55,0.18)&#8220; overlay_strength=&#8220;0.95&#8243; gradient_direction=&#8220;left_to_right&#8220; enable_shape_divider=&#8220;true&#8220; shape_divider_position=&#8220;bottom&#8220; shape_divider_height=&#8220;100&#8243; bg_image_animation=&#8220;none&#8220; shape_type=&#8220;curve&#8220;][vc_column column_padding=&#8220;padding-14-percent&#8220; column_padding_tablet=&#8220;inherit&#8220; column_padding_phone=&#8220;inherit&#8220;...\" \/>\n<meta property=\"og:url\" content=\"https:\/\/hydroandme.com\/de\/arten-von-hydrozephalus\/\" \/>\n<meta property=\"og:site_name\" content=\"hydroandme\" \/>\n<meta property=\"article:modified_time\" content=\"2022-09-09T14:45:43+00:00\" \/>\n<meta name=\"twitter:card\" content=\"summary_large_image\" \/>\n<meta name=\"twitter:label1\" content=\"Gesch\u00e4tzte Lesezeit\" \/>\n\t<meta name=\"twitter:data1\" content=\"2\u00a0Minuten\" \/>\n<script type=\"application\/ld+json\" class=\"yoast-schema-graph\">{\"@context\":\"https:\\\/\\\/schema.org\",\"@graph\":[{\"@type\":\"WebPage\",\"@id\":\"https:\\\/\\\/hydroandme.com\\\/de\\\/arten-von-hydrozephalus\\\/\",\"url\":\"https:\\\/\\\/hydroandme.com\\\/de\\\/arten-von-hydrozephalus\\\/\",\"name\":\"Arten von Hydrozephalus - hydroandme\",\"isPartOf\":{\"@id\":\"https:\\\/\\\/hydroandme.com\\\/de\\\/#website\"},\"datePublished\":\"2022-01-26T11:03:24+00:00\",\"dateModified\":\"2022-09-09T14:45:43+00:00\",\"breadcrumb\":{\"@id\":\"https:\\\/\\\/hydroandme.com\\\/de\\\/arten-von-hydrozephalus\\\/#breadcrumb\"},\"inLanguage\":\"de\",\"potentialAction\":[{\"@type\":\"ReadAction\",\"target\":[\"https:\\\/\\\/hydroandme.com\\\/de\\\/arten-von-hydrozephalus\\\/\"]}]},{\"@type\":\"BreadcrumbList\",\"@id\":\"https:\\\/\\\/hydroandme.com\\\/de\\\/arten-von-hydrozephalus\\\/#breadcrumb\",\"itemListElement\":[{\"@type\":\"ListItem\",\"position\":1,\"name\":\"Home\",\"item\":\"https:\\\/\\\/hydroandme.com\\\/de\\\/\"},{\"@type\":\"ListItem\",\"position\":2,\"name\":\"Arten von Hydrozephalus\"}]},{\"@type\":\"WebSite\",\"@id\":\"https:\\\/\\\/hydroandme.com\\\/de\\\/#website\",\"url\":\"https:\\\/\\\/hydroandme.com\\\/de\\\/\",\"name\":\"hydroandme\",\"description\":\"General information on hydrocephalus\",\"potentialAction\":[{\"@type\":\"SearchAction\",\"target\":{\"@type\":\"EntryPoint\",\"urlTemplate\":\"https:\\\/\\\/hydroandme.com\\\/de\\\/?s={search_term_string}\"},\"query-input\":{\"@type\":\"PropertyValueSpecification\",\"valueRequired\":true,\"valueName\":\"search_term_string\"}}],\"inLanguage\":\"de\"}]}<\/script>\n<!-- \/ Yoast SEO plugin. -->","yoast_head_json":{"title":"Arten von Hydrozephalus - hydroandme","robots":{"index":"index","follow":"follow","max-snippet":"max-snippet:-1","max-image-preview":"max-image-preview:large","max-video-preview":"max-video-preview:-1"},"canonical":"https:\/\/hydroandme.com\/de\/arten-von-hydrozephalus\/","og_locale":"de_DE","og_type":"article","og_title":"Arten von Hydrozephalus - hydroandme","og_description":"[vc_row type=&#8220;full_width_background&#8220; full_screen_row_position=&#8220;middle&#8220; column_margin=&#8220;default&#8220; column_direction=&#8220;default&#8220; column_direction_tablet=&#8220;default&#8220; column_direction_phone=&#8220;default&#8220; bg_image=&#8220;501&#8243; bg_position=&#8220;center center&#8220; background_image_loading=&#8220;default&#8220; bg_repeat=&#8220;no-repeat&#8220; scene_position=&#8220;center&#8220; text_color=&#8220;light&#8220; text_align=&#8220;left&#8220; row_border_radius=&#8220;none&#8220; row_border_radius_applies=&#8220;bg&#8220; enable_gradient=&#8220;true&#8220; color_overlay=&#8220;#ffd937&#8243; color_overlay_2=&#8220;rgba(255,217,55,0.18)&#8220; overlay_strength=&#8220;0.95&#8243; gradient_direction=&#8220;left_to_right&#8220; enable_shape_divider=&#8220;true&#8220; shape_divider_position=&#8220;bottom&#8220; shape_divider_height=&#8220;100&#8243; bg_image_animation=&#8220;none&#8220; shape_type=&#8220;curve&#8220;][vc_column column_padding=&#8220;padding-14-percent&#8220; column_padding_tablet=&#8220;inherit&#8220; column_padding_phone=&#8220;inherit&#8220;...","og_url":"https:\/\/hydroandme.com\/de\/arten-von-hydrozephalus\/","og_site_name":"hydroandme","article_modified_time":"2022-09-09T14:45:43+00:00","twitter_card":"summary_large_image","twitter_misc":{"Gesch\u00e4tzte Lesezeit":"2\u00a0Minuten"},"schema":{"@context":"https:\/\/schema.org","@graph":[{"@type":"WebPage","@id":"https:\/\/hydroandme.com\/de\/arten-von-hydrozephalus\/","url":"https:\/\/hydroandme.com\/de\/arten-von-hydrozephalus\/","name":"Arten von Hydrozephalus - hydroandme","isPartOf":{"@id":"https:\/\/hydroandme.com\/de\/#website"},"datePublished":"2022-01-26T11:03:24+00:00","dateModified":"2022-09-09T14:45:43+00:00","breadcrumb":{"@id":"https:\/\/hydroandme.com\/de\/arten-von-hydrozephalus\/#breadcrumb"},"inLanguage":"de","potentialAction":[{"@type":"ReadAction","target":["https:\/\/hydroandme.com\/de\/arten-von-hydrozephalus\/"]}]},{"@type":"BreadcrumbList","@id":"https:\/\/hydroandme.com\/de\/arten-von-hydrozephalus\/#breadcrumb","itemListElement":[{"@type":"ListItem","position":1,"name":"Home","item":"https:\/\/hydroandme.com\/de\/"},{"@type":"ListItem","position":2,"name":"Arten von Hydrozephalus"}]},{"@type":"WebSite","@id":"https:\/\/hydroandme.com\/de\/#website","url":"https:\/\/hydroandme.com\/de\/","name":"hydroandme","description":"General information on hydrocephalus","potentialAction":[{"@type":"SearchAction","target":{"@type":"EntryPoint","urlTemplate":"https:\/\/hydroandme.com\/de\/?s={search_term_string}"},"query-input":{"@type":"PropertyValueSpecification","valueRequired":true,"valueName":"search_term_string"}}],"inLanguage":"de"}]}},"jetpack_sharing_enabled":true,"_links":{"self":[{"href":"https:\/\/hydroandme.com\/de\/wp-json\/wp\/v2\/pages\/1490","targetHints":{"allow":["GET"]}}],"collection":[{"href":"https:\/\/hydroandme.com\/de\/wp-json\/wp\/v2\/pages"}],"about":[{"href":"https:\/\/hydroandme.com\/de\/wp-json\/wp\/v2\/types\/page"}],"author":[{"embeddable":true,"href":"https:\/\/hydroandme.com\/de\/wp-json\/wp\/v2\/users\/1"}],"replies":[{"embeddable":true,"href":"https:\/\/hydroandme.com\/de\/wp-json\/wp\/v2\/comments?post=1490"}],"version-history":[{"count":3,"href":"https:\/\/hydroandme.com\/de\/wp-json\/wp\/v2\/pages\/1490\/revisions"}],"predecessor-version":[{"id":3455,"href":"https:\/\/hydroandme.com\/de\/wp-json\/wp\/v2\/pages\/1490\/revisions\/3455"}],"wp:attachment":[{"href":"https:\/\/hydroandme.com\/de\/wp-json\/wp\/v2\/media?parent=1490"}],"curies":[{"name":"wp","href":"https:\/\/api.w.org\/{rel}","templated":true}]}}