{"id":1531,"date":"2022-01-26T11:03:30","date_gmt":"2022-01-26T11:03:30","guid":{"rendered":"https:\/\/hydroandme.com\/arten-von-hydrozephalus\/normaldruckhydrozephalus-nph\/"},"modified":"2022-01-26T11:03:48","modified_gmt":"2022-01-26T11:03:48","slug":"normaldruckhydrozephalus-nph","status":"publish","type":"page","link":"https:\/\/hydroandme.com\/de\/arten-von-hydrozephalus\/normaldruckhydrozephalus-nph\/","title":{"rendered":"Normaldruckhydrozephalus (NPH)"},"content":{"rendered":"[vc_row type=&#8220;full_width_background&#8220; full_screen_row_position=&#8220;middle&#8220; column_margin=&#8220;default&#8220; column_direction=&#8220;default&#8220; column_direction_tablet=&#8220;default&#8220; column_direction_phone=&#8220;default&#8220; bg_image=&#8220;477&#8243; bg_position=&#8220;center top&#8220; background_image_loading=&#8220;default&#8220; bg_repeat=&#8220;no-repeat&#8220; scene_position=&#8220;center&#8220; text_color=&#8220;light&#8220; text_align=&#8220;left&#8220; row_border_radius=&#8220;none&#8220; row_border_radius_applies=&#8220;bg&#8220; enable_gradient=&#8220;true&#8220; color_overlay=&#8220;#ffd937&#8243; color_overlay_2=&#8220;rgba(255,217,55,0.18)&#8220; overlay_strength=&#8220;0.95&#8243; gradient_direction=&#8220;left_to_right&#8220; enable_shape_divider=&#8220;true&#8220; shape_divider_position=&#8220;bottom&#8220; shape_divider_height=&#8220;100&#8243; bg_image_animation=&#8220;none&#8220; shape_type=&#8220;curve&#8220;][vc_column column_padding=&#8220;padding-14-percent&#8220; column_padding_tablet=&#8220;inherit&#8220; column_padding_phone=&#8220;inherit&#8220; column_padding_position=&#8220;all&#8220; column_element_spacing=&#8220;default&#8220; background_color_opacity=&#8220;1&#8243; background_hover_color_opacity=&#8220;1&#8243; column_shadow=&#8220;none&#8220; column_border_radius=&#8220;none&#8220; column_link_target=&#8220;_self&#8220; gradient_direction=&#8220;left_to_right&#8220; overlay_strength=&#8220;0.3&#8243; width=&#8220;1\/1&#8243; tablet_width_inherit=&#8220;default&#8220; tablet_text_alignment=&#8220;default&#8220; phone_text_alignment=&#8220;default&#8220; bg_image_animation=&#8220;none&#8220; border_type=&#8220;simple&#8220; column_border_width=&#8220;none&#8220; column_border_style=&#8220;solid&#8220;][vc_column_text]\n<h1>Normaldruckhydrozephalus (NPH)<\/h1>\n[\/vc_column_text][\/vc_column][\/vc_row][vc_row type=&#8220;in_container&#8220; full_screen_row_position=&#8220;middle&#8220; column_margin=&#8220;default&#8220; column_direction=&#8220;default&#8220; column_direction_tablet=&#8220;default&#8220; column_direction_phone=&#8220;default&#8220; scene_position=&#8220;center&#8220; text_color=&#8220;dark&#8220; text_align=&#8220;left&#8220; row_border_radius=&#8220;none&#8220; row_border_radius_applies=&#8220;bg&#8220; overlay_strength=&#8220;0.3&#8243; gradient_direction=&#8220;left_to_right&#8220; shape_divider_position=&#8220;bottom&#8220; bg_image_animation=&#8220;none&#8220;][vc_column column_padding=&#8220;no-extra-padding&#8220; column_padding_tablet=&#8220;inherit&#8220; column_padding_phone=&#8220;inherit&#8220; column_padding_position=&#8220;all&#8220; column_element_spacing=&#8220;default&#8220; background_color_opacity=&#8220;1&#8243; background_hover_color_opacity=&#8220;1&#8243; column_shadow=&#8220;none&#8220; column_border_radius=&#8220;none&#8220; column_link_target=&#8220;_self&#8220; gradient_direction=&#8220;left_to_right&#8220; overlay_strength=&#8220;0.3&#8243; width=&#8220;1\/1&#8243; tablet_width_inherit=&#8220;default&#8220; tablet_text_alignment=&#8220;default&#8220; phone_text_alignment=&#8220;default&#8220; bg_image_animation=&#8220;none&#8220; border_type=&#8220;simple&#8220; column_border_width=&#8220;none&#8220; column_border_style=&#8220;solid&#8220;][nectar_global_section id=&#8220;364&#8243;][\/vc_column][\/vc_row][vc_row type=&#8220;in_container&#8220; full_screen_row_position=&#8220;middle&#8220; column_margin=&#8220;default&#8220; column_direction=&#8220;default&#8220; column_direction_tablet=&#8220;default&#8220; column_direction_phone=&#8220;default&#8220; scene_position=&#8220;center&#8220; text_color=&#8220;dark&#8220; text_align=&#8220;left&#8220; row_border_radius=&#8220;none&#8220; row_border_radius_applies=&#8220;bg&#8220; overlay_strength=&#8220;0.3&#8243; gradient_direction=&#8220;left_to_right&#8220; shape_divider_position=&#8220;bottom&#8220; bg_image_animation=&#8220;none&#8220;][vc_column column_padding=&#8220;no-extra-padding&#8220; column_padding_tablet=&#8220;inherit&#8220; column_padding_phone=&#8220;inherit&#8220; column_padding_position=&#8220;all&#8220; column_element_spacing=&#8220;default&#8220; background_color_opacity=&#8220;1&#8243; background_hover_color_opacity=&#8220;1&#8243; column_shadow=&#8220;none&#8220; column_border_radius=&#8220;none&#8220; column_link_target=&#8220;_self&#8220; gradient_direction=&#8220;left_to_right&#8220; overlay_strength=&#8220;0.3&#8243; width=&#8220;1\/6&#8243; tablet_width_inherit=&#8220;default&#8220; tablet_text_alignment=&#8220;default&#8220; phone_text_alignment=&#8220;default&#8220; bg_image_animation=&#8220;none&#8220; border_type=&#8220;simple&#8220; column_border_width=&#8220;none&#8220; column_border_style=&#8220;solid&#8220;][\/vc_column][vc_column column_padding=&#8220;no-extra-padding&#8220; column_padding_tablet=&#8220;inherit&#8220; column_padding_phone=&#8220;inherit&#8220; column_padding_position=&#8220;all&#8220; column_element_spacing=&#8220;default&#8220; background_color_opacity=&#8220;1&#8243; background_hover_color_opacity=&#8220;1&#8243; column_shadow=&#8220;none&#8220; column_border_radius=&#8220;none&#8220; column_link_target=&#8220;_self&#8220; gradient_direction=&#8220;left_to_right&#8220; overlay_strength=&#8220;0.3&#8243; width=&#8220;2\/3&#8243; tablet_width_inherit=&#8220;default&#8220; tablet_text_alignment=&#8220;default&#8220; phone_text_alignment=&#8220;default&#8220; bg_image_animation=&#8220;none&#8220; border_type=&#8220;simple&#8220; column_border_width=&#8220;none&#8220; column_border_style=&#8220;solid&#8220;][heading subtitle=&#8220;Die Diagnose NPH wird m\u00f6glicherweise gestellt, wenn Sie Schwierigkeiten beim Gehen, geistige Probleme sowie Blasenprobleme haben und die Druckwerte innerhalb der Liquorr\u00e4ume h\u00f6her als gew\u00f6hnlich sind. M\u00f6glicherweise treten diese Symptome jedoch nicht alle gleichzeitig auf.&#8220;]Erstdiagnose[\/heading][vc_column_text]<strong>Ein Normaldruckhydrozephalus (NPH) kann schwer zu diagnostizieren sein, da die Symptome allm\u00e4hlich auftreten und denen \u00fcblicheren Erkrankungen \u00e4hneln, die typischerweise ebenfalls Menschen im gleichen Altersbereich (>\u00a065\u00a0Jahre) betreffen, wie z.\u00a0B. die Alzheimer-Krankheit.<\/strong><\/p>\n<p>Es ist sehr wichtig, eine korrekte (Differenzial-)Diagnose zu stellen, denn im Gegensatz zur Alzheimer-Krankheit k\u00f6nnen die Symptome des NPH operativ gelindert werden.<\/p>\n<p><strong>Ihre \u00c4rzte werden Folgendes untersuchen:<\/strong><\/p>\n<ul>\n<li>Ihr Gangbild<\/li>\n<li>Ihre geistigen F\u00e4higkeiten<\/li>\n<li>Symptome, die Ihre Blasenkontrolle beeintr\u00e4chtigen, wie z.\u00a0B. Harninkontinenz<\/li>\n<li>das Erscheinungsbild Ihres Gehirn (mit Hilfe von Scans, wie oben beschrieben)<\/li>\n<\/ul>\n<p><b>Der Normaldruckhydrozephalus (NPH) <\/b>ist eine neurologische Erkrankung, die normalerweise bei Erwachsenen ab einem Alter von 55 Jahren auftritt. Beim NPH handelt es sich um eine Ansammlung von Liquor, wodurch sich die Hirnkammern (Ventrikel) vergr\u00f6\u00dfern und das Nervengewebe des Gehirns gedehnt wird, was zu einer Triade von Symptomen f\u00fchrt.<\/p>\n<p>Es ist oft schwierig, den Unterschied zu erkennen, da die Symptome des NPH in vielerlei Hinsicht denen von Alzheimer oder Parkinson \u00e4hneln. Das Gef\u00fchl, mit den F\u00fc\u00dfen am Boden zu kleben bzw. Schwierigkeiten beim Gehen sind jedoch die ersten Symptome eines NPH. Auch gibt es beispielsweise Unterschiede zum Zittern bei Parkinson. Bei der Alzheimer-Krankheit sind Ged\u00e4chtnisverlust und Verwirrung eher fr\u00fche Symptome, w\u00e4hrend sie beim NPH erst sp\u00e4ter auftreten. Gl\u00fccklicherweise kann ein NPH nach dem Stellen der Diagnose behandelt werden.<\/p>\n<p>Dar\u00fcber hinaus k\u00f6nnen (Liquor-)Tests durchgef\u00fchrt werden, um zu entscheiden, <b><u>ob ein operativer Eingriff f\u00fcr Sie von Nutzen sein k\u00f6nnte, <\/u><\/b>wie beispielsweise:<\/p>\n<ul>\n<li>eine Lumbalpunktion<\/li>\n<li>ein Test mittels Lumbaldrainage<\/li>\n<li>ein Test mittels Lumbalinfusion<\/li>\n<\/ul>\n[\/vc_column_text][\/vc_column][vc_column column_padding=&#8220;no-extra-padding&#8220; column_padding_tablet=&#8220;inherit&#8220; column_padding_phone=&#8220;inherit&#8220; column_padding_position=&#8220;all&#8220; column_element_spacing=&#8220;default&#8220; background_color_opacity=&#8220;1&#8243; background_hover_color_opacity=&#8220;1&#8243; column_shadow=&#8220;none&#8220; column_border_radius=&#8220;none&#8220; column_link_target=&#8220;_self&#8220; gradient_direction=&#8220;left_to_right&#8220; overlay_strength=&#8220;0.3&#8243; width=&#8220;1\/6&#8243; tablet_width_inherit=&#8220;default&#8220; tablet_text_alignment=&#8220;default&#8220; phone_text_alignment=&#8220;default&#8220; bg_image_animation=&#8220;none&#8220; border_type=&#8220;simple&#8220; column_border_width=&#8220;none&#8220; column_border_style=&#8220;solid&#8220;][\/vc_column][\/vc_row][vc_row type=&#8220;in_container&#8220; full_screen_row_position=&#8220;middle&#8220; column_margin=&#8220;default&#8220; column_direction=&#8220;default&#8220; column_direction_tablet=&#8220;default&#8220; column_direction_phone=&#8220;default&#8220; scene_position=&#8220;center&#8220; text_color=&#8220;dark&#8220; text_align=&#8220;left&#8220; row_border_radius=&#8220;none&#8220; row_border_radius_applies=&#8220;bg&#8220; overlay_strength=&#8220;0.3&#8243; gradient_direction=&#8220;left_to_right&#8220; shape_divider_position=&#8220;bottom&#8220; bg_image_animation=&#8220;none&#8220;][vc_column column_padding=&#8220;no-extra-padding&#8220; column_padding_tablet=&#8220;inherit&#8220; column_padding_phone=&#8220;inherit&#8220; column_padding_position=&#8220;all&#8220; column_element_spacing=&#8220;default&#8220; background_color_opacity=&#8220;1&#8243; background_hover_color_opacity=&#8220;1&#8243; column_shadow=&#8220;none&#8220; column_border_radius=&#8220;none&#8220; column_link_target=&#8220;_self&#8220; gradient_direction=&#8220;left_to_right&#8220; overlay_strength=&#8220;0.3&#8243; width=&#8220;1\/3&#8243; tablet_width_inherit=&#8220;default&#8220; tablet_text_alignment=&#8220;default&#8220; phone_text_alignment=&#8220;default&#8220; bg_image_animation=&#8220;none&#8220; border_type=&#8220;simple&#8220; column_border_width=&#8220;none&#8220; column_border_style=&#8220;solid&#8220;][\/vc_column][vc_column column_padding=&#8220;no-extra-padding&#8220; column_padding_tablet=&#8220;inherit&#8220; column_padding_phone=&#8220;inherit&#8220; column_padding_position=&#8220;all&#8220; column_element_spacing=&#8220;default&#8220; background_color_opacity=&#8220;1&#8243; background_hover_color_opacity=&#8220;1&#8243; column_shadow=&#8220;none&#8220; column_border_radius=&#8220;none&#8220; column_link_target=&#8220;_self&#8220; gradient_direction=&#8220;left_to_right&#8220; overlay_strength=&#8220;0.3&#8243; width=&#8220;1\/3&#8243; tablet_width_inherit=&#8220;default&#8220; tablet_text_alignment=&#8220;default&#8220; phone_text_alignment=&#8220;default&#8220; bg_image_animation=&#8220;none&#8220; border_type=&#8220;simple&#8220; column_border_width=&#8220;none&#8220; column_border_style=&#8220;solid&#8220;][\/vc_column][vc_column column_padding=&#8220;no-extra-padding&#8220; column_padding_tablet=&#8220;inherit&#8220; column_padding_phone=&#8220;inherit&#8220; column_padding_position=&#8220;all&#8220; column_element_spacing=&#8220;default&#8220; background_color_opacity=&#8220;1&#8243; background_hover_color_opacity=&#8220;1&#8243; column_shadow=&#8220;none&#8220; column_border_radius=&#8220;none&#8220; column_link_target=&#8220;_self&#8220; gradient_direction=&#8220;left_to_right&#8220; overlay_strength=&#8220;0.3&#8243; width=&#8220;1\/3&#8243; tablet_width_inherit=&#8220;default&#8220; tablet_text_alignment=&#8220;default&#8220; phone_text_alignment=&#8220;default&#8220; bg_image_animation=&#8220;none&#8220; border_type=&#8220;simple&#8220; column_border_width=&#8220;none&#8220; column_border_style=&#8220;solid&#8220;][\/vc_column][\/vc_row][vc_row type=&#8220;full_width_background&#8220; full_screen_row_position=&#8220;middle&#8220; column_margin=&#8220;default&#8220; column_direction=&#8220;default&#8220; column_direction_tablet=&#8220;default&#8220; column_direction_phone=&#8220;default&#8220; bg_color=&#8220;rgba(73,41,144,0.17)&#8220; scene_position=&#8220;center&#8220; text_color=&#8220;dark&#8220; text_align=&#8220;left&#8220; row_border_radius=&#8220;none&#8220; row_border_radius_applies=&#8220;bg&#8220; overlay_strength=&#8220;0.3&#8243; gradient_direction=&#8220;left_to_right&#8220; shape_divider_position=&#8220;bottom&#8220; bg_image_animation=&#8220;none&#8220; shape_type=&#8220;&#8220;][vc_column column_padding=&#8220;no-extra-padding&#8220; column_padding_tablet=&#8220;inherit&#8220; column_padding_phone=&#8220;inherit&#8220; column_padding_position=&#8220;all&#8220; column_element_spacing=&#8220;default&#8220; background_color_opacity=&#8220;1&#8243; background_hover_color_opacity=&#8220;1&#8243; column_shadow=&#8220;none&#8220; column_border_radius=&#8220;none&#8220; column_link_target=&#8220;_self&#8220; gradient_direction=&#8220;left_to_right&#8220; overlay_strength=&#8220;0.3&#8243; width=&#8220;1\/1&#8243; tablet_width_inherit=&#8220;default&#8220; tablet_text_alignment=&#8220;default&#8220; phone_text_alignment=&#8220;default&#8220; bg_image_animation=&#8220;none&#8220; border_type=&#8220;simple&#8220; column_border_width=&#8220;none&#8220; column_border_style=&#8220;solid&#8220;][nectar_global_section id=&#8220;1055&#8243;][\/vc_column][\/vc_row][vc_row type=&#8220;in_container&#8220; full_screen_row_position=&#8220;middle&#8220; column_margin=&#8220;default&#8220; column_direction=&#8220;default&#8220; column_direction_tablet=&#8220;default&#8220; column_direction_phone=&#8220;default&#8220; scene_position=&#8220;center&#8220; text_color=&#8220;dark&#8220; text_align=&#8220;left&#8220; row_border_radius=&#8220;none&#8220; row_border_radius_applies=&#8220;bg&#8220; overlay_strength=&#8220;0.3&#8243; gradient_direction=&#8220;left_to_right&#8220; shape_divider_position=&#8220;bottom&#8220; bg_image_animation=&#8220;none&#8220;][vc_column column_padding=&#8220;no-extra-padding&#8220; column_padding_tablet=&#8220;inherit&#8220; column_padding_phone=&#8220;inherit&#8220; column_padding_position=&#8220;all&#8220; column_element_spacing=&#8220;default&#8220; background_color_opacity=&#8220;1&#8243; background_hover_color_opacity=&#8220;1&#8243; column_shadow=&#8220;none&#8220; column_border_radius=&#8220;none&#8220; column_link_target=&#8220;_self&#8220; gradient_direction=&#8220;left_to_right&#8220; overlay_strength=&#8220;0.3&#8243; width=&#8220;1\/1&#8243; tablet_width_inherit=&#8220;default&#8220; tablet_text_alignment=&#8220;default&#8220; phone_text_alignment=&#8220;default&#8220; bg_image_animation=&#8220;none&#8220; border_type=&#8220;simple&#8220; column_border_width=&#8220;none&#8220; column_border_style=&#8220;solid&#8220;][nectar_global_section id=&#8220;96&#8243;][\/vc_column][\/vc_row]\n","protected":false},"excerpt":{"rendered":"<p>[vc_row type=&#8220;full_width_background&#8220; full_screen_row_position=&#8220;middle&#8220; column_margin=&#8220;default&#8220; column_direction=&#8220;default&#8220; column_direction_tablet=&#8220;default&#8220; column_direction_phone=&#8220;default&#8220; bg_image=&#8220;477&#8243; bg_position=&#8220;center top&#8220; background_image_loading=&#8220;default&#8220; bg_repeat=&#8220;no-repeat&#8220; scene_position=&#8220;center&#8220; text_color=&#8220;light&#8220; text_align=&#8220;left&#8220; row_border_radius=&#8220;none&#8220; row_border_radius_applies=&#8220;bg&#8220; enable_gradient=&#8220;true&#8220; color_overlay=&#8220;#ffd937&#8243; color_overlay_2=&#8220;rgba(255,217,55,0.18)&#8220; overlay_strength=&#8220;0.95&#8243; gradient_direction=&#8220;left_to_right&#8220; enable_shape_divider=&#8220;true&#8220; shape_divider_position=&#8220;bottom&#8220; shape_divider_height=&#8220;100&#8243; bg_image_animation=&#8220;none&#8220; shape_type=&#8220;curve&#8220;][vc_column column_padding=&#8220;padding-14-percent&#8220; column_padding_tablet=&#8220;inherit&#8220; column_padding_phone=&#8220;inherit&#8220;&#8230;<\/p>\n","protected":false},"author":1,"featured_media":0,"parent":1490,"menu_order":0,"comment_status":"closed","ping_status":"closed","template":"","meta":{"content-type":"","inline_featured_image":false,"footnotes":""},"class_list":["post-1531","page","type-page","status-publish"],"yoast_head":"<!-- This site is optimized with the Yoast SEO plugin v27.4 - https:\/\/yoast.com\/product\/yoast-seo-wordpress\/ -->\n<title>Normaldruckhydrozephalus (NPH) - hydroandme<\/title>\n<meta name=\"robots\" content=\"index, follow, max-snippet:-1, max-image-preview:large, max-video-preview:-1\" \/>\n<link rel=\"canonical\" href=\"https:\/\/hydroandme.com\/de\/arten-von-hydrozephalus\/normaldruckhydrozephalus-nph\/\" \/>\n<meta property=\"og:locale\" content=\"de_DE\" \/>\n<meta property=\"og:type\" content=\"article\" \/>\n<meta property=\"og:title\" content=\"Normaldruckhydrozephalus (NPH) - hydroandme\" \/>\n<meta property=\"og:description\" content=\"[vc_row type=&#8220;full_width_background&#8220; full_screen_row_position=&#8220;middle&#8220; column_margin=&#8220;default&#8220; column_direction=&#8220;default&#8220; column_direction_tablet=&#8220;default&#8220; column_direction_phone=&#8220;default&#8220; bg_image=&#8220;477&#8243; bg_position=&#8220;center top&#8220; background_image_loading=&#8220;default&#8220; bg_repeat=&#8220;no-repeat&#8220; scene_position=&#8220;center&#8220; text_color=&#8220;light&#8220; text_align=&#8220;left&#8220; row_border_radius=&#8220;none&#8220; row_border_radius_applies=&#8220;bg&#8220; enable_gradient=&#8220;true&#8220; color_overlay=&#8220;#ffd937&#8243; color_overlay_2=&#8220;rgba(255,217,55,0.18)&#8220; overlay_strength=&#8220;0.95&#8243; gradient_direction=&#8220;left_to_right&#8220; enable_shape_divider=&#8220;true&#8220; shape_divider_position=&#8220;bottom&#8220; shape_divider_height=&#8220;100&#8243; bg_image_animation=&#8220;none&#8220; shape_type=&#8220;curve&#8220;][vc_column column_padding=&#8220;padding-14-percent&#8220; column_padding_tablet=&#8220;inherit&#8220; column_padding_phone=&#8220;inherit&#8220;...\" \/>\n<meta property=\"og:url\" content=\"https:\/\/hydroandme.com\/de\/arten-von-hydrozephalus\/normaldruckhydrozephalus-nph\/\" \/>\n<meta property=\"og:site_name\" content=\"hydroandme\" \/>\n<meta property=\"article:modified_time\" content=\"2022-01-26T11:03:48+00:00\" \/>\n<meta name=\"twitter:card\" content=\"summary_large_image\" \/>\n<meta name=\"twitter:label1\" content=\"Gesch\u00e4tzte Lesezeit\" \/>\n\t<meta name=\"twitter:data1\" content=\"7\u00a0Minuten\" \/>\n<script type=\"application\/ld+json\" class=\"yoast-schema-graph\">{\"@context\":\"https:\\\/\\\/schema.org\",\"@graph\":[{\"@type\":\"WebPage\",\"@id\":\"https:\\\/\\\/hydroandme.com\\\/de\\\/arten-von-hydrozephalus\\\/normaldruckhydrozephalus-nph\\\/\",\"url\":\"https:\\\/\\\/hydroandme.com\\\/de\\\/arten-von-hydrozephalus\\\/normaldruckhydrozephalus-nph\\\/\",\"name\":\"Normaldruckhydrozephalus (NPH) - hydroandme\",\"isPartOf\":{\"@id\":\"https:\\\/\\\/hydroandme.com\\\/de\\\/#website\"},\"datePublished\":\"2022-01-26T11:03:30+00:00\",\"dateModified\":\"2022-01-26T11:03:48+00:00\",\"breadcrumb\":{\"@id\":\"https:\\\/\\\/hydroandme.com\\\/de\\\/arten-von-hydrozephalus\\\/normaldruckhydrozephalus-nph\\\/#breadcrumb\"},\"inLanguage\":\"de\",\"potentialAction\":[{\"@type\":\"ReadAction\",\"target\":[\"https:\\\/\\\/hydroandme.com\\\/de\\\/arten-von-hydrozephalus\\\/normaldruckhydrozephalus-nph\\\/\"]}]},{\"@type\":\"BreadcrumbList\",\"@id\":\"https:\\\/\\\/hydroandme.com\\\/de\\\/arten-von-hydrozephalus\\\/normaldruckhydrozephalus-nph\\\/#breadcrumb\",\"itemListElement\":[{\"@type\":\"ListItem\",\"position\":1,\"name\":\"Home\",\"item\":\"https:\\\/\\\/hydroandme.com\\\/de\\\/\"},{\"@type\":\"ListItem\",\"position\":2,\"name\":\"Arten von Hydrozephalus\",\"item\":\"https:\\\/\\\/hydroandme.com\\\/de\\\/arten-von-hydrozephalus\\\/\"},{\"@type\":\"ListItem\",\"position\":3,\"name\":\"Normaldruckhydrozephalus (NPH)\"}]},{\"@type\":\"WebSite\",\"@id\":\"https:\\\/\\\/hydroandme.com\\\/de\\\/#website\",\"url\":\"https:\\\/\\\/hydroandme.com\\\/de\\\/\",\"name\":\"hydroandme\",\"description\":\"General information on hydrocephalus\",\"potentialAction\":[{\"@type\":\"SearchAction\",\"target\":{\"@type\":\"EntryPoint\",\"urlTemplate\":\"https:\\\/\\\/hydroandme.com\\\/de\\\/?s={search_term_string}\"},\"query-input\":{\"@type\":\"PropertyValueSpecification\",\"valueRequired\":true,\"valueName\":\"search_term_string\"}}],\"inLanguage\":\"de\"}]}<\/script>\n<!-- \/ Yoast SEO plugin. -->","yoast_head_json":{"title":"Normaldruckhydrozephalus (NPH) - hydroandme","robots":{"index":"index","follow":"follow","max-snippet":"max-snippet:-1","max-image-preview":"max-image-preview:large","max-video-preview":"max-video-preview:-1"},"canonical":"https:\/\/hydroandme.com\/de\/arten-von-hydrozephalus\/normaldruckhydrozephalus-nph\/","og_locale":"de_DE","og_type":"article","og_title":"Normaldruckhydrozephalus (NPH) - hydroandme","og_description":"[vc_row type=&#8220;full_width_background&#8220; full_screen_row_position=&#8220;middle&#8220; column_margin=&#8220;default&#8220; column_direction=&#8220;default&#8220; column_direction_tablet=&#8220;default&#8220; column_direction_phone=&#8220;default&#8220; bg_image=&#8220;477&#8243; bg_position=&#8220;center top&#8220; background_image_loading=&#8220;default&#8220; bg_repeat=&#8220;no-repeat&#8220; scene_position=&#8220;center&#8220; text_color=&#8220;light&#8220; text_align=&#8220;left&#8220; row_border_radius=&#8220;none&#8220; row_border_radius_applies=&#8220;bg&#8220; enable_gradient=&#8220;true&#8220; color_overlay=&#8220;#ffd937&#8243; color_overlay_2=&#8220;rgba(255,217,55,0.18)&#8220; overlay_strength=&#8220;0.95&#8243; gradient_direction=&#8220;left_to_right&#8220; enable_shape_divider=&#8220;true&#8220; shape_divider_position=&#8220;bottom&#8220; shape_divider_height=&#8220;100&#8243; bg_image_animation=&#8220;none&#8220; shape_type=&#8220;curve&#8220;][vc_column column_padding=&#8220;padding-14-percent&#8220; column_padding_tablet=&#8220;inherit&#8220; column_padding_phone=&#8220;inherit&#8220;...","og_url":"https:\/\/hydroandme.com\/de\/arten-von-hydrozephalus\/normaldruckhydrozephalus-nph\/","og_site_name":"hydroandme","article_modified_time":"2022-01-26T11:03:48+00:00","twitter_card":"summary_large_image","twitter_misc":{"Gesch\u00e4tzte Lesezeit":"7\u00a0Minuten"},"schema":{"@context":"https:\/\/schema.org","@graph":[{"@type":"WebPage","@id":"https:\/\/hydroandme.com\/de\/arten-von-hydrozephalus\/normaldruckhydrozephalus-nph\/","url":"https:\/\/hydroandme.com\/de\/arten-von-hydrozephalus\/normaldruckhydrozephalus-nph\/","name":"Normaldruckhydrozephalus (NPH) - hydroandme","isPartOf":{"@id":"https:\/\/hydroandme.com\/de\/#website"},"datePublished":"2022-01-26T11:03:30+00:00","dateModified":"2022-01-26T11:03:48+00:00","breadcrumb":{"@id":"https:\/\/hydroandme.com\/de\/arten-von-hydrozephalus\/normaldruckhydrozephalus-nph\/#breadcrumb"},"inLanguage":"de","potentialAction":[{"@type":"ReadAction","target":["https:\/\/hydroandme.com\/de\/arten-von-hydrozephalus\/normaldruckhydrozephalus-nph\/"]}]},{"@type":"BreadcrumbList","@id":"https:\/\/hydroandme.com\/de\/arten-von-hydrozephalus\/normaldruckhydrozephalus-nph\/#breadcrumb","itemListElement":[{"@type":"ListItem","position":1,"name":"Home","item":"https:\/\/hydroandme.com\/de\/"},{"@type":"ListItem","position":2,"name":"Arten von Hydrozephalus","item":"https:\/\/hydroandme.com\/de\/arten-von-hydrozephalus\/"},{"@type":"ListItem","position":3,"name":"Normaldruckhydrozephalus (NPH)"}]},{"@type":"WebSite","@id":"https:\/\/hydroandme.com\/de\/#website","url":"https:\/\/hydroandme.com\/de\/","name":"hydroandme","description":"General information on hydrocephalus","potentialAction":[{"@type":"SearchAction","target":{"@type":"EntryPoint","urlTemplate":"https:\/\/hydroandme.com\/de\/?s={search_term_string}"},"query-input":{"@type":"PropertyValueSpecification","valueRequired":true,"valueName":"search_term_string"}}],"inLanguage":"de"}]}},"jetpack_sharing_enabled":true,"_links":{"self":[{"href":"https:\/\/hydroandme.com\/de\/wp-json\/wp\/v2\/pages\/1531","targetHints":{"allow":["GET"]}}],"collection":[{"href":"https:\/\/hydroandme.com\/de\/wp-json\/wp\/v2\/pages"}],"about":[{"href":"https:\/\/hydroandme.com\/de\/wp-json\/wp\/v2\/types\/page"}],"author":[{"embeddable":true,"href":"https:\/\/hydroandme.com\/de\/wp-json\/wp\/v2\/users\/1"}],"replies":[{"embeddable":true,"href":"https:\/\/hydroandme.com\/de\/wp-json\/wp\/v2\/comments?post=1531"}],"version-history":[{"count":1,"href":"https:\/\/hydroandme.com\/de\/wp-json\/wp\/v2\/pages\/1531\/revisions"}],"predecessor-version":[{"id":1534,"href":"https:\/\/hydroandme.com\/de\/wp-json\/wp\/v2\/pages\/1531\/revisions\/1534"}],"up":[{"embeddable":true,"href":"https:\/\/hydroandme.com\/de\/wp-json\/wp\/v2\/pages\/1490"}],"wp:attachment":[{"href":"https:\/\/hydroandme.com\/de\/wp-json\/wp\/v2\/media?parent=1531"}],"curies":[{"name":"wp","href":"https:\/\/api.w.org\/{rel}","templated":true}]}}