{"id":1565,"date":"2022-01-26T11:04:46","date_gmt":"2022-01-26T11:04:46","guid":{"rendered":"https:\/\/hydroandme.com\/glossar\/"},"modified":"2022-09-09T15:12:51","modified_gmt":"2022-09-09T15:12:51","slug":"glossar","status":"publish","type":"page","link":"https:\/\/hydroandme.com\/de\/glossar\/","title":{"rendered":"Glossar"},"content":{"rendered":"[vc_row type=&#8220;full_width_background&#8220; full_screen_row_position=&#8220;middle&#8220; column_margin=&#8220;default&#8220; column_direction=&#8220;default&#8220; column_direction_tablet=&#8220;default&#8220; column_direction_phone=&#8220;default&#8220; bg_color=&#8220;#ffd937&#8243; scene_position=&#8220;center&#8220; text_color=&#8220;dark&#8220; text_align=&#8220;left&#8220; row_border_radius=&#8220;none&#8220; row_border_radius_applies=&#8220;bg&#8220; overlay_strength=&#8220;0.3&#8243; gradient_direction=&#8220;left_to_right&#8220; enable_shape_divider=&#8220;true&#8220; shape_divider_color=&#8220;#ffffff&#8220; shape_divider_position=&#8220;bottom&#8220; shape_divider_height=&#8220;100&#8243; bg_image_animation=&#8220;none&#8220; shape_type=&#8220;curve&#8220;][vc_column column_padding=&#8220;padding-10-percent&#8220; column_padding_tablet=&#8220;inherit&#8220; column_padding_phone=&#8220;inherit&#8220; column_padding_position=&#8220;all&#8220; column_element_spacing=&#8220;default&#8220; background_color_opacity=&#8220;1&#8243; background_hover_color_opacity=&#8220;1&#8243; column_shadow=&#8220;none&#8220; column_border_radius=&#8220;none&#8220; column_link_target=&#8220;_self&#8220; gradient_direction=&#8220;left_to_right&#8220; overlay_strength=&#8220;0.3&#8243; width=&#8220;1\/1&#8243; tablet_width_inherit=&#8220;default&#8220; tablet_text_alignment=&#8220;default&#8220; phone_text_alignment=&#8220;default&#8220; bg_image_animation=&#8220;none&#8220; border_type=&#8220;simple&#8220; column_border_width=&#8220;none&#8220; column_border_style=&#8220;solid&#8220;][vc_column_text]\n<h1>Glossar<\/h1>\n[\/vc_column_text][\/vc_column][\/vc_row][vc_row type=&#8220;in_container&#8220; full_screen_row_position=&#8220;middle&#8220; column_margin=&#8220;default&#8220; column_direction=&#8220;default&#8220; column_direction_tablet=&#8220;default&#8220; column_direction_phone=&#8220;default&#8220; scene_position=&#8220;center&#8220; text_color=&#8220;dark&#8220; text_align=&#8220;left&#8220; row_border_radius=&#8220;none&#8220; row_border_radius_applies=&#8220;bg&#8220; overlay_strength=&#8220;0.3&#8243; gradient_direction=&#8220;left_to_right&#8220; shape_divider_position=&#8220;bottom&#8220; bg_image_animation=&#8220;none&#8220;][vc_column column_padding=&#8220;no-extra-padding&#8220; column_padding_tablet=&#8220;inherit&#8220; column_padding_phone=&#8220;inherit&#8220; column_padding_position=&#8220;all&#8220; column_element_spacing=&#8220;default&#8220; background_color_opacity=&#8220;1&#8243; background_hover_color_opacity=&#8220;1&#8243; column_shadow=&#8220;none&#8220; column_border_radius=&#8220;none&#8220; column_link_target=&#8220;_self&#8220; gradient_direction=&#8220;left_to_right&#8220; overlay_strength=&#8220;0.3&#8243; width=&#8220;1\/1&#8243; tablet_width_inherit=&#8220;default&#8220; tablet_text_alignment=&#8220;default&#8220; phone_text_alignment=&#8220;default&#8220; bg_image_animation=&#8220;none&#8220; border_type=&#8220;simple&#8220; column_border_width=&#8220;none&#8220; column_border_style=&#8220;solid&#8220;][nectar_global_section id=&#8220;364&#8243;][\/vc_column][\/vc_row][vc_row type=&#8220;in_container&#8220; full_screen_row_position=&#8220;middle&#8220; column_margin=&#8220;default&#8220; column_direction=&#8220;default&#8220; column_direction_tablet=&#8220;default&#8220; column_direction_phone=&#8220;default&#8220; scene_position=&#8220;center&#8220; text_color=&#8220;dark&#8220; text_align=&#8220;left&#8220; row_border_radius=&#8220;none&#8220; row_border_radius_applies=&#8220;bg&#8220; overlay_strength=&#8220;0.3&#8243; gradient_direction=&#8220;left_to_right&#8220; shape_divider_position=&#8220;bottom&#8220; bg_image_animation=&#8220;none&#8220;][vc_column column_padding=&#8220;padding-3-percent&#8220; column_padding_tablet=&#8220;inherit&#8220; column_padding_phone=&#8220;inherit&#8220; column_padding_position=&#8220;all&#8220; column_element_spacing=&#8220;default&#8220; background_color_opacity=&#8220;1&#8243; background_hover_color_opacity=&#8220;1&#8243; column_shadow=&#8220;none&#8220; column_border_radius=&#8220;none&#8220; column_link_target=&#8220;_self&#8220; gradient_direction=&#8220;left_to_right&#8220; overlay_strength=&#8220;0.3&#8243; width=&#8220;1\/6&#8243; tablet_width_inherit=&#8220;default&#8220; tablet_text_alignment=&#8220;default&#8220; phone_text_alignment=&#8220;default&#8220; bg_image_animation=&#8220;none&#8220; border_type=&#8220;simple&#8220; column_border_width=&#8220;none&#8220; column_border_style=&#8220;solid&#8220;][\/vc_column][vc_column column_padding=&#8220;no-extra-padding&#8220; column_padding_tablet=&#8220;inherit&#8220; column_padding_phone=&#8220;inherit&#8220; column_padding_position=&#8220;all&#8220; column_element_spacing=&#8220;default&#8220; background_color_opacity=&#8220;1&#8243; background_hover_color_opacity=&#8220;1&#8243; column_shadow=&#8220;none&#8220; column_border_radius=&#8220;none&#8220; column_link_target=&#8220;_self&#8220; gradient_direction=&#8220;left_to_right&#8220; overlay_strength=&#8220;0.3&#8243; width=&#8220;2\/3&#8243; tablet_width_inherit=&#8220;default&#8220; tablet_text_alignment=&#8220;default&#8220; phone_text_alignment=&#8220;default&#8220; bg_image_animation=&#8220;none&#8220; border_type=&#8220;simple&#8220; column_border_width=&#8220;none&#8220; column_border_style=&#8220;solid&#8220;][vc_column_text]\n<h1>A<\/h1>\n<hr \/>\n<h4>An\u00e4sthesist<\/h4>\n<p>Der Facharzt, der vor der Operation die Narkose (An\u00e4sthesie) einleitet und diese w\u00e4hrend des Eingriffs \u00fcberwacht, damit sichergestellt ist, dass die Person, die operiert wird, w\u00e4hrend der Operation keine Schmerzen versp\u00fcrt.<\/p>\n<h4>Angeborener Hydrozephalus<\/h4>\n<p>Hydrozephalus, der durch angeborene Fehlbildungen verursacht wird.<\/p>\n<h4>Antibiotika<\/h4>\n<p>Antibiotika, auch als antibakterielle Wirkstoffe bezeichnet, sind Medikamente, die Bakterien zerst\u00f6ren oder deren Wachstum verlangsamen. Sie umfassen eine Reihe von wirksamen Medikamenten und werden zur Behandlung von Erkrankungen eingesetzt, die durch Bakterien verursacht werden. Virusinfektionen wie Erk\u00e4ltungen, Grippe und die meisten Hustenarten k\u00f6nnen nicht mit Antibiotika behandelt werden.<\/p>\n<h4>Atrium<\/h4>\n<p>Einer der beiden Vorh\u00f6fe des Herzens.<\/p>\n<h1>C<\/h1>\n<hr \/>\n<h4>Compliance des Gehirns<\/h4>\n<p>Die Compliance des Gehirns, auch zerebrale Compliance genannt, beschreibt die F\u00e4higkeit des Gehirns, eine Volumenzunahme innerhalb des Sch\u00e4dels zu kompensieren und dabei einen Anstieg des Hirndrucks, auch intrakranieller Druck (ICP) genannt, zu vermeiden sowie eine gute Sauerstoffversorgung des Gehirns zu gew\u00e4hrleisten.<\/p>\n<h4>CT-Scan<\/h4>\n<p>Computertomographische Aufnahme, bei der mit Hilfe eines Computers mehrere R\u00f6ntgenbilder miteinander kombiniert werden.<\/p>\n<h1>D<\/h1>\n<hr \/>\n<h4>Dura<\/h4>\n<p>Die Dura mater wird oft nur \u201eDura genannt. Sie ist eine der Bindegewebsschichten, aus denen die Hirnh\u00e4ute (Pia, Arachnoidea und Dura, von innen nach au\u00dfen) bestehen. Sie ist die \u00e4u\u00dferste Schicht der drei<\/p>\n<p>Hirnh\u00e4ute, die das Gehirn und das R\u00fcckenmark umgeben und sch\u00fctzen. Die Dura mater besteht aus Fibroblasten und gro\u00dfen Mengen an extrazellul\u00e4rem Kollagen.<\/p>\n<p>Die Dura mater ist eine dicke Gewebeschicht und Teil der Hirnh\u00e4ute. Sie umgibt das Gehirn und das R\u00fcckenmark, sch\u00fctzt das zentrale Nervensystem und enth\u00e4lt den Liquor.<\/p>\n<h4>Druckeinstellungen<\/h4>\n<p>Ventile, die Teil des Shunt-Systems sind, erm\u00f6glichen das Ableiten von Liquor, wenn die Liquor-Ansammlung im Zentralnervensystem gen\u00fcgend Druck aufgebaut hat, um den \u00d6ffnungsdruck des Ventils zu \u00fcberwinden, damit mit dem Ableiten der \u00fcbersch\u00fcssigen Fl\u00fcssigkeit begonnen werden kann. Dieser Druck hat verschiedene Stufen oder Einstellungen.<\/p>\n<h1>E<\/h1>\n<hr \/>\n<h4>Elektrokardiogramm (EKG)<\/h4>\n<p>Ein Ger\u00e4t zur \u00dcberwachung der Herzfrequenz eines Patienten.<\/p>\n<h4>Erworbener Hydrozephalus<\/h4>\n<p>Hydrozephalus, der nach der Geburt aufgrund einer Erkrankung oder eines Vorfalls auftritt.<\/p>\n<h4>Externe Ventrikeldrainage (EVD)<\/h4>\n<p>Ein tempor\u00e4res System, das den Abfluss von Hirn- und R\u00fcckenmarksfl\u00fcssigkeit (CSF) aus den Hirnkammern (Ventrikeln) in ein externes geschlossenes System erm\u00f6glicht.<\/p>\n<h1>G<\/h1>\n<hr \/>\n<h4>Gravitation<\/h4>\n<p>Die Gravitation, d. h. die Schwerkraft, ist in der Mechanik die universelle Anziehungskraft, die zwischen allen Materien wirkt. \u2026 Auf der Erde haben alle K\u00f6rper ein Gewicht oder eine nach unten gerichtete Schwerkraft, die proportional zu ihrer Masse ist, die die Erdmasse auf sie aus\u00fcbt. Die Schwerkraft wird durch die Beschleunigung gemessen, die sie frei fallenden Objekten verleiht.<\/p>\n<h1>H<\/h1>\n<hr \/>\n<h4>Hydrozephalus<\/h4>\n<p>Ein Zustand, bei dem eine \u00fcberm\u00e4\u00dfige Menge an Liquor in den Ventrikeln und in den Liquorwegen vorhanden ist.<\/p>\n<p>Dieser Zustand kann auftreten, wenn die Menge an produziertem Liquor die Menge, die resorbiert wird, \u00fcbersteigt oder wenn die Liquorwege blockiert sind.<\/p>\n<p>Das Ergebnis ist eine \u00fcberm\u00e4\u00dfige Fl\u00fcssigkeitsmenge und ein erh\u00f6hter Druck im Sch\u00e4del.<\/p>\n<h4>Arten von Hydrozephalus<\/h4>\n<p><strong>Angeboren:<\/strong> Hydrozephalus, der sich bei Babys vor der Geburt entwickelt<\/p>\n<p><strong>Erworben:<\/strong> Hydrozephalus, der sich nach der Geburt entwickelt und Kinder und Erwachsene betreffen kann.<\/p>\n<p><strong>Normaldruckhydrozephalus (NPH):<\/strong> Hydrozephalus, der bei \u00e4lteren Menschen auftritt, ohne dass der Druck im Sch\u00e4del ansteigt.<\/p>\n<p><strong>Kommunizierend \/ Nicht-kommunizierend:<\/strong> Kommunizierend und nicht-kommunizierend sind weitere Begriffe, die Sie m\u00f6glicherweise von einem Arzt h\u00f6ren, um einen Hydrozephalus zu beschreiben. Sie beziehen sich darauf, an welcher Stelle sich die Blockade des Liquors befindet.<\/p>\n<h1>I<\/h1>\n<hr \/>\n<h4>Intrakranieller Druck<\/h4>\n<p>Der intrakranielle Druck (ICP) ist der Druck, der von Fl\u00fcssigkeiten wie dem Liquor (Zerebrospinalfl\u00fcssigkeit, CSF) im Sch\u00e4del und auf das Hirngewebe ausge\u00fcbt wird. Der ICP wird in Millimeter Quecksilbers\u00e4ule (mmHg) gemessen und betr\u00e4gt in Ruhe bei einem Erwachsenen in R\u00fcckenlage normalerweise 7\u201315 mmHg.<\/p>\n<h1>K<\/h1>\n<hr \/>\n<h4>Katheter<\/h4>\n<p>Ein d\u00fcnner Silikonschlauch zur Umleitung und Ableitung von Hirnwasser, auch Liquor oder Zerebrospinalfl\u00fcssigkeit (CSF) genannt.<\/p>\n<h4>Kommunizierender Hydrozephalus<\/h4>\n<p>Hydrozephalus aufgrund einer \u00dcberproduktion und\/oder verminderter Resorption von Liquor, jedoch ohne Blockade der ventrikul\u00e4ren Drainage.<\/p>\n<h4>Kommunizierender Hydrozephalus<\/h4>\n<p>Tritt auf, wenn der Liquorfluss nach dem Austritt aus den Ventrikeln blockiert ist.<\/p>\n<h1>M<\/h1>\n<hr \/>\n<h4>Mechanisches Versagen<\/h4>\n<p>Ein Shunt-Versagen bezeichnet eine teilweise oder vollst\u00e4ndige Blockade (Verschluss) des Shunts, die dazu f\u00fchrt, dass er zeitweise bzw. \u00fcberhaupt nicht mehr funktioniert. Wenn eine Blockade auftritt, sammelt sich Liquor (Zerebrospinalfl\u00fcssigkeit, CSF) an und kann zu Symptomen eines unbehandelten Hydrozephalus f\u00fchren.<\/p>\n<h4>Meningitis<\/h4>\n<p>Eine Infektion der Schutzh\u00e4ute, die das R\u00fcckenmark und das Gehirn umgeben.<\/p>\n<h4>MRT (Magnetresonanztomographie)<\/h4>\n<p>MRT-Aufnahmen und entsprechende Messungen bezeichnen eine Art von Bildgebung, bei der starke Magnetfelder und Radiowellen eingesetzt werden, um detaillierte Bilder des K\u00f6rperinneren zu erstellen.<\/p>\n<h4>Myelomeningozele<\/h4>\n<p>Eine Form der Spina bifida (offener R\u00fccken), bei der ein Teil des R\u00fcckenmarks der betroffenen Person aus dem R\u00fccken herausragt.<\/p>\n<h1>N<\/h1>\n<hr \/>\n<h4>Neuprogrammierung\u200b<\/h4>\n<p>Nicht-invasive Anpassung der \u00d6ffnungsdruckeinstellung eines\u00a0implantierten Ventils. Dies geschieht mit einem Handger\u00e4t, das \u00fcber der Implantationsstelle des Shunts auf oder in die N\u00e4he\u00a0der Haut gehalten wird.<\/p>\n<p>Nicht-kommunizierender Hydrozephalus, auch bekannt als obstruktiver Hydrozephalus, tritt auf, wenn der Liquorfluss in einem oder mehreren der engen Verbindungsg\u00e4nge zwischen den Ventrikeln blockiert ist.<\/p>\n<h1>P<\/h1>\n<hr \/>\n<h4>Peritoneum (Bauchfell)<\/h4>\n<p>Eine doppelte Gewebeschicht, die die W\u00e4nde des Bauches und des Beckens auskleidet und die darin enthaltenen Organe umgibt.<\/p>\n<h4>Pulsoximeter<\/h4>\n<p>Ein Ger\u00e4t zur Messung des Sauerstoffgehalts im Blut eines Patienten.<\/p>\n<h4>Plexus choroideus<\/h4>\n<p>Hierbei handelt es sich um ein verzweigtes\u00a0 Gef\u00e4\u00dfgeflecht, das in die Hirnkammern (Ventrikel) hineinragt und den Liquor (Zerebrospinalfl\u00fcssigkeit) bildet.<\/p>\n<h1>R<\/h1>\n<hr \/>\n<h4>Revision<\/h4>\n<p>Ein absichtlich angelegter Shunt (egal, ob es sich dabei um einen zerebralen Shunt handelt), der nicht richtig funktioniert, muss ganz oder teilweise ersetzt werden. Das Ziel der Shunt-Revision ist es, den Shunt wieder zu \u00f6ffnen, damit der Liquor wieder durchflie\u00dfen kann.<\/p>\n<h1>S<\/h1>\n<hr \/>\n<h4>Shunt<\/h4>\n<p>Ein implantiertes medizinisches System, bestehend aus d\u00fcnnen Schl\u00e4uchen und einem Ventil, um die Ableitung von \u00fcbersch\u00fcssigem Liquor aus den Ventrikeln zu steuern.<\/p>\n<p>Ein Shunt besteht aus drei Hauptkomponenten:<\/p>\n<ul>\n<li>einem zuf\u00fchrenden oder proximalen Katheter, der Liquor aus den Seitenventrikeln ableitet. Dieser Schlauch verl\u00e4sst das Gehirn durch ein kleines Loch, das in den Sch\u00e4del gebohrt wird und verl\u00e4uft dann ein kurzes St\u00fcck unter der Haut.<\/li>\n<li>einem Ventilmechanismus, der den intrakraniellen Druck reguliert, indem er den Fl\u00fcssigkeitsfluss durch den Schlauch des Shunts steuert. Diese Vorrichtung wird mit dem proximalen Katheter verbunden und zwischen Haut und Sch\u00e4del implantiert, in der Regel oben am Kopf, am Hinterkopf oder direkt hinter dem Ohr. Ventile arbeiten innerhalb eines bestimmten Druckbereichs. Es gibt viele Arten von Ventilen und zahlreiche Shunt-Hersteller. Ihr Arzt wird den Ventiltyp basierend auf seiner Erfahrung, seinen Pr\u00e4ferenzen und Ihren Bed\u00fcrfnissen bestimmen.<\/li>\n<li>ein Abfluss- oder distaler Katheter, der unter der Haut verl\u00e4uft und Liquor vom Ventil in die Bauchh\u00f6hle, den Herzvorhof oder eine andere geeignete Drainagestelle leitet.<\/li>\n<\/ul>\n<h1>V<\/h1>\n<hr \/>\n<h4>Ventil<\/h4>\n<p>Ein Shunt besteht in der Regel aus zwei Kathetern und einem Einwegeventil. Das Ventil reguliert die Liquormenge, deren Flussrichtung und die Druckstufen, mit denen vorgegeben wird, wie viel Liquor aus den Ventrikeln ablaufen soll.<\/p>\n<h4>Ventrikel<\/h4>\n<p>Das Ventrikelsystem besteht aus einer Reihe von kommunizierenden Hohlr\u00e4umen im Gehirn. Diese Strukturen sind f\u00fcr die Produktion, den Transport und die Ableitung von Liquor, der das Zentralnervensystem umsp\u00fclt, verantwortlich.<\/p>\n<h4>Ventrikulostomie<\/h4>\n<p>Die Ventrikulostomie ist ein neurochirurgisches Verfahren, bei dem ein Loch (Stoma) innerhalb einer Hirnkammer zum Ableiten von Fl\u00fcssigkeit geschaffen wird. Dieser Eingriff wird am h\u00e4ufigsten bei Patienten mit Hydrozephalus durchgef\u00fchrt. Dabei wird der Sch\u00e4del chirurgisch er\u00f6ffnet, um durch Dura Mater und Gehirn hindurch Zugang zum Ventrikel zu erhalten.<\/p>\n<h1>Z<\/h1>\n<hr \/>\n<h4>Zerebrospinalfl\u00fcssigkeit (CSF)<\/h4>\n<p>Die w\u00e4ssrige Fl\u00fcssigkeit, die das Gehirn und das R\u00fcckenmark umsp\u00fclt.[\/vc_column_text][\/vc_column][vc_column column_padding=&#8220;no-extra-padding&#8220; column_padding_tablet=&#8220;inherit&#8220; column_padding_phone=&#8220;inherit&#8220; column_padding_position=&#8220;all&#8220; column_element_spacing=&#8220;default&#8220; background_color_opacity=&#8220;1&#8243; background_hover_color_opacity=&#8220;1&#8243; column_shadow=&#8220;none&#8220; column_border_radius=&#8220;none&#8220; column_link_target=&#8220;_self&#8220; gradient_direction=&#8220;left_to_right&#8220; overlay_strength=&#8220;0.3&#8243; width=&#8220;1\/6&#8243; tablet_width_inherit=&#8220;default&#8220; tablet_text_alignment=&#8220;default&#8220; phone_text_alignment=&#8220;default&#8220; bg_image_animation=&#8220;none&#8220; border_type=&#8220;simple&#8220; column_border_width=&#8220;none&#8220; column_border_style=&#8220;solid&#8220;][\/vc_column][\/vc_row]\n","protected":false},"excerpt":{"rendered":"<p>[vc_row type=&#8220;full_width_background&#8220; full_screen_row_position=&#8220;middle&#8220; column_margin=&#8220;default&#8220; column_direction=&#8220;default&#8220; column_direction_tablet=&#8220;default&#8220; column_direction_phone=&#8220;default&#8220; bg_color=&#8220;#ffd937&#8243; scene_position=&#8220;center&#8220; text_color=&#8220;dark&#8220; text_align=&#8220;left&#8220; row_border_radius=&#8220;none&#8220; row_border_radius_applies=&#8220;bg&#8220; overlay_strength=&#8220;0.3&#8243; gradient_direction=&#8220;left_to_right&#8220; enable_shape_divider=&#8220;true&#8220; shape_divider_color=&#8220;#ffffff&#8220; shape_divider_position=&#8220;bottom&#8220; shape_divider_height=&#8220;100&#8243; bg_image_animation=&#8220;none&#8220; shape_type=&#8220;curve&#8220;][vc_column column_padding=&#8220;padding-10-percent&#8220; column_padding_tablet=&#8220;inherit&#8220; column_padding_phone=&#8220;inherit&#8220; column_padding_position=&#8220;all&#8220; column_element_spacing=&#8220;default&#8220; background_color_opacity=&#8220;1&#8243; background_hover_color_opacity=&#8220;1&#8243; column_shadow=&#8220;none&#8220; column_border_radius=&#8220;none&#8220;&#8230;<\/p>\n","protected":false},"author":1,"featured_media":0,"parent":0,"menu_order":0,"comment_status":"closed","ping_status":"closed","template":"","meta":{"content-type":"","inline_featured_image":false,"footnotes":""},"class_list":["post-1565","page","type-page","status-publish"],"yoast_head":"<!-- This site is optimized with the Yoast SEO plugin v27.4 - https:\/\/yoast.com\/product\/yoast-seo-wordpress\/ -->\n<title>Glossar - hydroandme<\/title>\n<meta name=\"robots\" content=\"index, follow, max-snippet:-1, max-image-preview:large, max-video-preview:-1\" \/>\n<link rel=\"canonical\" href=\"https:\/\/hydroandme.com\/de\/glossar\/\" \/>\n<meta property=\"og:locale\" content=\"de_DE\" \/>\n<meta property=\"og:type\" content=\"article\" \/>\n<meta property=\"og:title\" content=\"Glossar - hydroandme\" \/>\n<meta property=\"og:description\" content=\"[vc_row type=&#8220;full_width_background&#8220; full_screen_row_position=&#8220;middle&#8220; column_margin=&#8220;default&#8220; column_direction=&#8220;default&#8220; column_direction_tablet=&#8220;default&#8220; column_direction_phone=&#8220;default&#8220; bg_color=&#8220;#ffd937&#8243; scene_position=&#8220;center&#8220; text_color=&#8220;dark&#8220; text_align=&#8220;left&#8220; row_border_radius=&#8220;none&#8220; row_border_radius_applies=&#8220;bg&#8220; overlay_strength=&#8220;0.3&#8243; gradient_direction=&#8220;left_to_right&#8220; enable_shape_divider=&#8220;true&#8220; shape_divider_color=&#8220;#ffffff&#8220; shape_divider_position=&#8220;bottom&#8220; shape_divider_height=&#8220;100&#8243; bg_image_animation=&#8220;none&#8220; shape_type=&#8220;curve&#8220;][vc_column column_padding=&#8220;padding-10-percent&#8220; column_padding_tablet=&#8220;inherit&#8220; column_padding_phone=&#8220;inherit&#8220; column_padding_position=&#8220;all&#8220; column_element_spacing=&#8220;default&#8220; background_color_opacity=&#8220;1&#8243; background_hover_color_opacity=&#8220;1&#8243; column_shadow=&#8220;none&#8220; column_border_radius=&#8220;none&#8220;...\" \/>\n<meta property=\"og:url\" content=\"https:\/\/hydroandme.com\/de\/glossar\/\" \/>\n<meta property=\"og:site_name\" content=\"hydroandme\" \/>\n<meta property=\"article:modified_time\" content=\"2022-09-09T15:12:51+00:00\" \/>\n<meta name=\"twitter:card\" content=\"summary_large_image\" \/>\n<meta name=\"twitter:label1\" content=\"Gesch\u00e4tzte Lesezeit\" \/>\n\t<meta name=\"twitter:data1\" content=\"6\u00a0Minuten\" \/>\n<script type=\"application\/ld+json\" class=\"yoast-schema-graph\">{\"@context\":\"https:\\\/\\\/schema.org\",\"@graph\":[{\"@type\":\"WebPage\",\"@id\":\"https:\\\/\\\/hydroandme.com\\\/de\\\/glossar\\\/\",\"url\":\"https:\\\/\\\/hydroandme.com\\\/de\\\/glossar\\\/\",\"name\":\"Glossar - hydroandme\",\"isPartOf\":{\"@id\":\"https:\\\/\\\/hydroandme.com\\\/de\\\/#website\"},\"datePublished\":\"2022-01-26T11:04:46+00:00\",\"dateModified\":\"2022-09-09T15:12:51+00:00\",\"breadcrumb\":{\"@id\":\"https:\\\/\\\/hydroandme.com\\\/de\\\/glossar\\\/#breadcrumb\"},\"inLanguage\":\"de\",\"potentialAction\":[{\"@type\":\"ReadAction\",\"target\":[\"https:\\\/\\\/hydroandme.com\\\/de\\\/glossar\\\/\"]}]},{\"@type\":\"BreadcrumbList\",\"@id\":\"https:\\\/\\\/hydroandme.com\\\/de\\\/glossar\\\/#breadcrumb\",\"itemListElement\":[{\"@type\":\"ListItem\",\"position\":1,\"name\":\"Home\",\"item\":\"https:\\\/\\\/hydroandme.com\\\/de\\\/\"},{\"@type\":\"ListItem\",\"position\":2,\"name\":\"Glossar\"}]},{\"@type\":\"WebSite\",\"@id\":\"https:\\\/\\\/hydroandme.com\\\/de\\\/#website\",\"url\":\"https:\\\/\\\/hydroandme.com\\\/de\\\/\",\"name\":\"hydroandme\",\"description\":\"General information on hydrocephalus\",\"potentialAction\":[{\"@type\":\"SearchAction\",\"target\":{\"@type\":\"EntryPoint\",\"urlTemplate\":\"https:\\\/\\\/hydroandme.com\\\/de\\\/?s={search_term_string}\"},\"query-input\":{\"@type\":\"PropertyValueSpecification\",\"valueRequired\":true,\"valueName\":\"search_term_string\"}}],\"inLanguage\":\"de\"}]}<\/script>\n<!-- \/ Yoast SEO plugin. -->","yoast_head_json":{"title":"Glossar - hydroandme","robots":{"index":"index","follow":"follow","max-snippet":"max-snippet:-1","max-image-preview":"max-image-preview:large","max-video-preview":"max-video-preview:-1"},"canonical":"https:\/\/hydroandme.com\/de\/glossar\/","og_locale":"de_DE","og_type":"article","og_title":"Glossar - hydroandme","og_description":"[vc_row type=&#8220;full_width_background&#8220; full_screen_row_position=&#8220;middle&#8220; column_margin=&#8220;default&#8220; column_direction=&#8220;default&#8220; column_direction_tablet=&#8220;default&#8220; column_direction_phone=&#8220;default&#8220; bg_color=&#8220;#ffd937&#8243; scene_position=&#8220;center&#8220; text_color=&#8220;dark&#8220; text_align=&#8220;left&#8220; row_border_radius=&#8220;none&#8220; row_border_radius_applies=&#8220;bg&#8220; overlay_strength=&#8220;0.3&#8243; gradient_direction=&#8220;left_to_right&#8220; enable_shape_divider=&#8220;true&#8220; shape_divider_color=&#8220;#ffffff&#8220; shape_divider_position=&#8220;bottom&#8220; shape_divider_height=&#8220;100&#8243; bg_image_animation=&#8220;none&#8220; shape_type=&#8220;curve&#8220;][vc_column column_padding=&#8220;padding-10-percent&#8220; column_padding_tablet=&#8220;inherit&#8220; column_padding_phone=&#8220;inherit&#8220; column_padding_position=&#8220;all&#8220; column_element_spacing=&#8220;default&#8220; background_color_opacity=&#8220;1&#8243; background_hover_color_opacity=&#8220;1&#8243; column_shadow=&#8220;none&#8220; column_border_radius=&#8220;none&#8220;...","og_url":"https:\/\/hydroandme.com\/de\/glossar\/","og_site_name":"hydroandme","article_modified_time":"2022-09-09T15:12:51+00:00","twitter_card":"summary_large_image","twitter_misc":{"Gesch\u00e4tzte Lesezeit":"6\u00a0Minuten"},"schema":{"@context":"https:\/\/schema.org","@graph":[{"@type":"WebPage","@id":"https:\/\/hydroandme.com\/de\/glossar\/","url":"https:\/\/hydroandme.com\/de\/glossar\/","name":"Glossar - hydroandme","isPartOf":{"@id":"https:\/\/hydroandme.com\/de\/#website"},"datePublished":"2022-01-26T11:04:46+00:00","dateModified":"2022-09-09T15:12:51+00:00","breadcrumb":{"@id":"https:\/\/hydroandme.com\/de\/glossar\/#breadcrumb"},"inLanguage":"de","potentialAction":[{"@type":"ReadAction","target":["https:\/\/hydroandme.com\/de\/glossar\/"]}]},{"@type":"BreadcrumbList","@id":"https:\/\/hydroandme.com\/de\/glossar\/#breadcrumb","itemListElement":[{"@type":"ListItem","position":1,"name":"Home","item":"https:\/\/hydroandme.com\/de\/"},{"@type":"ListItem","position":2,"name":"Glossar"}]},{"@type":"WebSite","@id":"https:\/\/hydroandme.com\/de\/#website","url":"https:\/\/hydroandme.com\/de\/","name":"hydroandme","description":"General information on hydrocephalus","potentialAction":[{"@type":"SearchAction","target":{"@type":"EntryPoint","urlTemplate":"https:\/\/hydroandme.com\/de\/?s={search_term_string}"},"query-input":{"@type":"PropertyValueSpecification","valueRequired":true,"valueName":"search_term_string"}}],"inLanguage":"de"}]}},"jetpack_sharing_enabled":true,"_links":{"self":[{"href":"https:\/\/hydroandme.com\/de\/wp-json\/wp\/v2\/pages\/1565","targetHints":{"allow":["GET"]}}],"collection":[{"href":"https:\/\/hydroandme.com\/de\/wp-json\/wp\/v2\/pages"}],"about":[{"href":"https:\/\/hydroandme.com\/de\/wp-json\/wp\/v2\/types\/page"}],"author":[{"embeddable":true,"href":"https:\/\/hydroandme.com\/de\/wp-json\/wp\/v2\/users\/1"}],"replies":[{"embeddable":true,"href":"https:\/\/hydroandme.com\/de\/wp-json\/wp\/v2\/comments?post=1565"}],"version-history":[{"count":3,"href":"https:\/\/hydroandme.com\/de\/wp-json\/wp\/v2\/pages\/1565\/revisions"}],"predecessor-version":[{"id":3474,"href":"https:\/\/hydroandme.com\/de\/wp-json\/wp\/v2\/pages\/1565\/revisions\/3474"}],"wp:attachment":[{"href":"https:\/\/hydroandme.com\/de\/wp-json\/wp\/v2\/media?parent=1565"}],"curies":[{"name":"wp","href":"https:\/\/api.w.org\/{rel}","templated":true}]}}