{"id":3049,"date":"2022-08-29T12:59:52","date_gmt":"2022-08-29T12:59:52","guid":{"rendered":"https:\/\/hydroandme.com\/politique-de-confidentialite\/"},"modified":"2023-08-29T16:06:54","modified_gmt":"2023-08-29T16:06:54","slug":"politique-de-confidentialite","status":"publish","type":"page","link":"https:\/\/hydroandme.com\/fr\/politique-de-confidentialite\/","title":{"rendered":"Politique de confidentialit\u00e9"},"content":{"rendered":"[vc_row type=\u00a0\u00bbfull_width_background\u00a0\u00bb full_screen_row_position=\u00a0\u00bbmiddle\u00a0\u00bb column_margin=\u00a0\u00bbdefault\u00a0\u00bb column_direction=\u00a0\u00bbdefault\u00a0\u00bb column_direction_tablet=\u00a0\u00bbdefault\u00a0\u00bb column_direction_phone=\u00a0\u00bbdefault\u00a0\u00bb scene_position=\u00a0\u00bbcenter\u00a0\u00bb text_color=\u00a0\u00bblight\u00a0\u00bb text_align=\u00a0\u00bbleft\u00a0\u00bb row_border_radius=\u00a0\u00bbnone\u00a0\u00bb row_border_radius_applies=\u00a0\u00bbbg\u00a0\u00bb enable_gradient=\u00a0\u00bbtrue\u00a0\u00bb color_overlay=\u00a0\u00bb#ffd937&Prime; color_overlay_2=\u00a0\u00bbrgba(255,217,55,0.18)\u00a0\u00bb overlay_strength=\u00a0\u00bb0.95&Prime; gradient_direction=\u00a0\u00bbleft_to_right\u00a0\u00bb enable_shape_divider=\u00a0\u00bbtrue\u00a0\u00bb shape_divider_position=\u00a0\u00bbbottom\u00a0\u00bb shape_divider_height=\u00a0\u00bb100&Prime; bg_image_animation=\u00a0\u00bbnone\u00a0\u00bb shape_type=\u00a0\u00bbcurve\u00a0\u00bb][vc_column column_padding=\u00a0\u00bbpadding-14-percent\u00a0\u00bb column_padding_tablet=\u00a0\u00bbinherit\u00a0\u00bb column_padding_phone=\u00a0\u00bbinherit\u00a0\u00bb column_padding_position=\u00a0\u00bball\u00a0\u00bb column_element_spacing=\u00a0\u00bbdefault\u00a0\u00bb background_color_opacity=\u00a0\u00bb1&Prime; background_hover_color_opacity=\u00a0\u00bb1&Prime; column_shadow=\u00a0\u00bbnone\u00a0\u00bb column_border_radius=\u00a0\u00bbnone\u00a0\u00bb column_link_target=\u00a0\u00bb_self\u00a0\u00bb gradient_direction=\u00a0\u00bbleft_to_right\u00a0\u00bb overlay_strength=\u00a0\u00bb0.3&Prime; width=\u00a0\u00bb1\/1&Prime; tablet_width_inherit=\u00a0\u00bbdefault\u00a0\u00bb tablet_text_alignment=\u00a0\u00bbdefault\u00a0\u00bb phone_text_alignment=\u00a0\u00bbdefault\u00a0\u00bb bg_image_animation=\u00a0\u00bbnone\u00a0\u00bb border_type=\u00a0\u00bbsimple\u00a0\u00bb column_border_width=\u00a0\u00bbnone\u00a0\u00bb column_border_style=\u00a0\u00bbsolid\u00a0\u00bb][vc_column_text]\n<h1>Politique de confidentialit\u00e9<\/h1>\n[\/vc_column_text][\/vc_column][\/vc_row][vc_row type=\u00a0\u00bbin_container\u00a0\u00bb full_screen_row_position=\u00a0\u00bbmiddle\u00a0\u00bb column_margin=\u00a0\u00bbdefault\u00a0\u00bb column_direction=\u00a0\u00bbdefault\u00a0\u00bb column_direction_tablet=\u00a0\u00bbdefault\u00a0\u00bb column_direction_phone=\u00a0\u00bbdefault\u00a0\u00bb scene_position=\u00a0\u00bbcenter\u00a0\u00bb text_color=\u00a0\u00bbdark\u00a0\u00bb text_align=\u00a0\u00bbleft\u00a0\u00bb row_border_radius=\u00a0\u00bbnone\u00a0\u00bb row_border_radius_applies=\u00a0\u00bbbg\u00a0\u00bb overlay_strength=\u00a0\u00bb0.3&Prime; gradient_direction=\u00a0\u00bbleft_to_right\u00a0\u00bb shape_divider_position=\u00a0\u00bbbottom\u00a0\u00bb bg_image_animation=\u00a0\u00bbnone\u00a0\u00bb][vc_column column_padding=\u00a0\u00bbno-extra-padding\u00a0\u00bb column_padding_tablet=\u00a0\u00bbinherit\u00a0\u00bb column_padding_phone=\u00a0\u00bbinherit\u00a0\u00bb column_padding_position=\u00a0\u00bball\u00a0\u00bb column_element_spacing=\u00a0\u00bbdefault\u00a0\u00bb background_color_opacity=\u00a0\u00bb1&Prime; background_hover_color_opacity=\u00a0\u00bb1&Prime; column_shadow=\u00a0\u00bbnone\u00a0\u00bb column_border_radius=\u00a0\u00bbnone\u00a0\u00bb column_link_target=\u00a0\u00bb_self\u00a0\u00bb gradient_direction=\u00a0\u00bbleft_to_right\u00a0\u00bb overlay_strength=\u00a0\u00bb0.3&Prime; width=\u00a0\u00bb1\/1&Prime; tablet_width_inherit=\u00a0\u00bbdefault\u00a0\u00bb tablet_text_alignment=\u00a0\u00bbdefault\u00a0\u00bb phone_text_alignment=\u00a0\u00bbdefault\u00a0\u00bb bg_image_animation=\u00a0\u00bbnone\u00a0\u00bb border_type=\u00a0\u00bbsimple\u00a0\u00bb column_border_width=\u00a0\u00bbnone\u00a0\u00bb column_border_style=\u00a0\u00bbsolid\u00a0\u00bb][vc_column_text]\n<h2>Bienvenue<\/h2>\n<p>Bienvenue sur hydroandme.com. Ce site est la propri\u00e9t\u00e9 d\u2019Integra LifeSciences Corporation. La pr\u00e9sente politique de confidentialit\u00e9 vise \u00e0 vous informer de nos pratiques concernant la collecte, l\u2019utilisation et la divulgation d\u2019informations que vous pouvez fournir sur ce site. Veuillez lire l\u2019int\u00e9gralit\u00e9 de la politique de confidentialit\u00e9 avant d\u2019utiliser ou d\u2019envoyer des informations sur ce site, qui est destin\u00e9 \u00e0 \u00eatre utilis\u00e9 par les r\u00e9sidents d\u2019Europe, du Moyen-Orient et d\u2019Afrique.<\/p>\n<h3>Votre consentement<\/h3>\n<p>En utilisant ce site, vous acceptez les conditions de la pr\u00e9sente politique de confidentialit\u00e9. D\u00e8s que vous envoyez des informations sur ce site, vous consentez \u00e0 ce qu\u2019elles soient collect\u00e9es, utilis\u00e9es et divulgu\u00e9es conform\u00e9ment \u00e0 la pr\u00e9sente politique de confidentialit\u00e9.<\/p>\n<p>Au sujet des enfants. Nous ne collecterons pas intentionnellement les informations des visiteurs de moins de 16 ans. Nous encourageons les parents \u00e0 discuter avec leurs enfants de la fa\u00e7on dont ils utilisent Internet et des informations qu\u2019ils publient sur des sites Web.<\/p>\n<h3>Collecte active d\u2019informations<\/h3>\n<p>Comme beaucoup de sites Web, ce site collecte activement des informations sur ses visiteurs en leur posant des questions sp\u00e9cifiques et en leur permettant de communiquer directement avec nous par courriel et\/ou par le biais de formulaire de commentaires. Certaines des informations que vous envoyez peuvent \u00eatre des informations d\u2019identification personnelle (c\u2019est-\u00e0-dire des informations qui peuvent permettre de vous identifier personnellement, telles que votre nom, vos adresses postale ou \u00e9lectronique, votre num\u00e9ro de t\u00e9l\u00e9phone, etc.). Dans certaines parties de ce site, il vous faudra peut-\u00eatre fournir des informations pour pouvoir b\u00e9n\u00e9ficier des fonctionnalit\u00e9s indiqu\u00e9es, telles les abonnements \u00e0 des bulletins. Vous pouvez vous d\u00e9sabonner des e-mails directs en cliquant sur le lien \u00ab se d\u00e9sabonner \u00bb inclus dans tous nos e-mails. Vous pouvez \u00e9galement refuser les communications directes ou exercer tout autre droit des personnes concern\u00e9es dont vous disposez en vertu des lois applicables en mati\u00e8re de protection des donn\u00e9es en nous contactant \u00e0 l\u2019adresse <a href=\"mailto:privacy@integralife.com\">privacy@integralife.com<\/a>. Dans tous les cas, vous serez inform\u00e9 \u00e0 chaque point de collecte d\u2019informations des informations requises et des informations facultatives.<\/p>\n<h3>Collecte passive d\u2019informations<\/h3>\n<p>Comme c\u2019est le cas pour la plupart des sites Web, nous recueillons certaines informations automatiquement, notamment les adresses IP (Internet protocol), le type de navigateur, le fournisseur d\u2019acc\u00e8s Internet (FAI), les pages de r\u00e9f\u00e9rence\/sortie, les fichiers visualis\u00e9s sur notre site (par ex., pages HTML, graphiques, etc.), le syst\u00e8me d\u2019exploitation, la date et l\u2019heure, et\/ou les donn\u00e9es de navigation pour analyser les tendances globales. Nous utilisons votre adresse IP pour analyser les probl\u00e8mes avec notre serveur, communiquer des donn\u00e9es d\u2019ensemble, d\u00e9terminer la voie la plus rapide pour relier votre ordinateur \u00e0 notre site, ainsi que pour l\u2019administration et l\u2019am\u00e9lioration du site.<\/p>\n<h3>Technologies de suivi<\/h3>\n<p>Integra LifeSciences et ses partenaires utilisent des cookies ou d\u2019autres technologies similaires pour analyser les tendances, am\u00e9liorer la navigation sur notre site Web et collecter un ensemble d\u2019informations statistiques, administrer le site, suivre les d\u00e9placements des utilisateurs sur le site et r\u00e9unir des informations d\u00e9mographiques \u00e0 propos de l\u2019ensemble de nos utilisateurs. Vous pouvez contr\u00f4ler l\u2019utilisation des cookies au niveau de votre propre navigateur, mais si vous choisissez de d\u00e9sactiver les cookies, cela peut vous emp\u00eacher d\u2019utiliser certaines fonctions de notre site Web ou service.<\/p>\n<h3>Utilisation des informations<\/h3>\n<p>Sauf indication contraire, nous pouvons utiliser vos informations pour am\u00e9liorer le contenu de notre site, pour le personnaliser en fonction de vos pr\u00e9f\u00e9rences, pour vous envoyer des informations (si vous l\u2019avez demand\u00e9), aux fins sp\u00e9cifi\u00e9es dans la pr\u00e9sente politique de confidentialit\u00e9.<\/p>\n<p>Si vous fournissez des informations d\u2019identification personnelle \u00e0 ce site, nous pouvons combiner ces informations \u00e0 d\u2019autres informations collect\u00e9es activement, sauf indication contraire \u00e0 la collecte des informations. \u00c0 moins que vous n\u2019y consentiez, nous prendrons des mesures raisonnables pour emp\u00eacher que des informations d\u2019identification personnelle ne soient combin\u00e9es \u00e0 des informations collect\u00e9es passivement.<\/p>\n<h3>Partage de vos informations<\/h3>\n<p>Nous pouvons divulguer vos informations d\u2019identification personnelle \u00e0 d\u2019autres filiales d\u2019Integra dans le monde qui s\u2019engagent \u00e0 les traiter conform\u00e9ment \u00e0 la pr\u00e9sente politique de confidentialit\u00e9. Par ailleurs, il se peut que nous communiquions vos informations d\u2019identification personnelle \u00e0 des tiers bas\u00e9s aux \u00c9tats-Unis et\/ou dans tout autre pays, mais uniquement :<br \/>\ni. aux fournisseurs auxquels nous faisons appel dans le cadre de nos activit\u00e9s (par exemple support technique), auquel cas nous exigerons des tiers concern\u00e9s qu\u2019ils s\u2019engagent \u00e0 traiter vos informations conform\u00e9ment \u00e0 la pr\u00e9sente politique de confidentialit\u00e9 ;<br \/>\nii. en rapport avec la vente, la cession ou le transfert des activit\u00e9s de ce site auxquelles ont trait les informations, auquel cas nous exigerons des acheteurs qu\u2019ils s\u2019engagent \u00e0 traiter vos informations conform\u00e9ment \u00e0 la pr\u00e9sente politique de confidentialit\u00e9 ; ou<br \/>\niii. lorsque des lois en vigueur, des d\u00e9cisions de justice ou des r\u00e9glementations nationales nous y obligent. De plus, nous utiliserons pleinement toutes les informations acquises par le biais de ce site qui ne permettent pas de vous identifier personnellement.<\/p>\n<h3>Acc\u00e8s et correction<\/h3>\n<p>Sur demande, Integra LifeSciences vous informera sur les donn\u00e9es personnelles stock\u00e9es vous concernant. Vous pouvez acc\u00e9der \u00e0 vos donn\u00e9es personnelles, les corriger ou en demander la suppression en nous contactant \u00e0 l\u2019adresse <a href=\"mailto:privacy@integralife.com\">privacy@integralife.com<\/a>. Nous t\u00e2cherons de vous r\u00e9pondre dans un d\u00e9lai raisonnable.<\/p>\n<h3>S\u00e9curit\u00e9<\/h3>\n<p>La s\u00e9curit\u00e9 de vos informations personnelles est importante pour nous. Nous suivons les r\u00e8gles de base g\u00e9n\u00e9ralement accept\u00e9es pour prot\u00e9ger les informations personnelles qui nous sont soumises, aussi bien pendant qu\u2019apr\u00e8s leur transmission. Si vous avez des questions concernant la s\u00e9curit\u00e9 de vos informations personnelles, vous pouvez nous contacter \u00e0 l\u2019adresse \u00e9lectronique ci-dessus.<\/p>\n<h3>Liens vers d\u2019autres sites Web<\/h3>\n<p>Ce site peut contenir des liens ou des r\u00e9f\u00e9rences vers d\u2019autres sites Web. Veuillez noter que nous ne contr\u00f4lons pas ces sites externes et qu\u2019en tout \u00e9tat de cause, cette politique de confidentialit\u00e9 ne s\u2019applique pas \u00e0 eux. Nous vous encourageons \u00e0 lire la politique de confidentialit\u00e9 de chaque site Web que vous visitez.<\/p>\n<h3>Autre conditions<\/h3>\n<p>Votre utilisation de ce site est soumise aux conditions g\u00e9n\u00e9rales.<\/p>\n<h3>Comment nous contacter<\/h3>\n<p>Si vous avez des questions, des commentaires ou des pr\u00e9occupations concernant la pr\u00e9sente politique de confidentialit\u00e9 ou les pratiques en mati\u00e8re d\u2019informations de ce site, veuillez nous contacter aux coordonn\u00e9es suivantes :<\/p>\n<ul>\n<li><a href=\"mailto:privacy@integralife.com\">privacy@integralife.com<\/a><\/li>\n<li><strong>Integra LifeSciences Corporation c\/o D\u00e9l\u00e9gu\u00e9 \u00e0 la protection des donn\u00e9es \u2013 Service de conformit\u00e9<\/strong><br \/>\n1100 Campus Road,<br \/>\nPrinceton, NJ 08540<br \/>\n1-609-216-5309<\/li>\n<\/ul>\n<h3>Modifications de la pr\u00e9sente politique de confidentialit\u00e9<\/h3>\n<p>Il se peut que nous mettions la pr\u00e9sente politique de confidentialit\u00e9 \u00e0 jour afin de refl\u00e9ter les modifications apport\u00e9es \u00e0 nos pratiques en mati\u00e8re d\u2019informations. Si nous apportons des modifications importantes \u00e0 la pr\u00e9sente politique, nous vous en informerons par courriel (\u00e0 l\u2019adresse sp\u00e9cifi\u00e9e dans votre compte) ou en publiant un avis sur ce site Web avant l\u2019entr\u00e9e en vigueur des modifications. Nous vous encourageons \u00e0 consulter r\u00e9guli\u00e8rement cette page pour prendre connaissance des informations les plus r\u00e9centes sur nos pratiques en mati\u00e8re de confidentialit\u00e9. La pr\u00e9sente politique de confidentialit\u00e9 a \u00e9t\u00e9 mise \u00e0 jour pour la derni\u00e8re fois en novembre 2022.[\/vc_column_text][\/vc_column][\/vc_row]\n","protected":false},"excerpt":{"rendered":"<p>[vc_row type=\u00a0\u00bbfull_width_background\u00a0\u00bb full_screen_row_position=\u00a0\u00bbmiddle\u00a0\u00bb column_margin=\u00a0\u00bbdefault\u00a0\u00bb column_direction=\u00a0\u00bbdefault\u00a0\u00bb column_direction_tablet=\u00a0\u00bbdefault\u00a0\u00bb column_direction_phone=\u00a0\u00bbdefault\u00a0\u00bb scene_position=\u00a0\u00bbcenter\u00a0\u00bb text_color=\u00a0\u00bblight\u00a0\u00bb text_align=\u00a0\u00bbleft\u00a0\u00bb row_border_radius=\u00a0\u00bbnone\u00a0\u00bb row_border_radius_applies=\u00a0\u00bbbg\u00a0\u00bb enable_gradient=\u00a0\u00bbtrue\u00a0\u00bb color_overlay=\u00a0\u00bb#ffd937&Prime; color_overlay_2=\u00a0\u00bbrgba(255,217,55,0.18)\u00a0\u00bb overlay_strength=\u00a0\u00bb0.95&Prime; gradient_direction=\u00a0\u00bbleft_to_right\u00a0\u00bb enable_shape_divider=\u00a0\u00bbtrue\u00a0\u00bb shape_divider_position=\u00a0\u00bbbottom\u00a0\u00bb shape_divider_height=\u00a0\u00bb100&Prime; bg_image_animation=\u00a0\u00bbnone\u00a0\u00bb shape_type=\u00a0\u00bbcurve\u00a0\u00bb][vc_column column_padding=\u00a0\u00bbpadding-14-percent\u00a0\u00bb column_padding_tablet=\u00a0\u00bbinherit\u00a0\u00bb column_padding_phone=\u00a0\u00bbinherit\u00a0\u00bb column_padding_position=\u00a0\u00bball\u00a0\u00bb column_element_spacing=\u00a0\u00bbdefault\u00a0\u00bb background_color_opacity=\u00a0\u00bb1&Prime; background_hover_color_opacity=\u00a0\u00bb1&Prime; column_shadow=\u00a0\u00bbnone\u00a0\u00bb&#8230;<\/p>\n","protected":false},"author":4,"featured_media":0,"parent":0,"menu_order":0,"comment_status":"closed","ping_status":"closed","template":"","meta":{"content-type":"","inline_featured_image":false,"footnotes":""},"class_list":["post-3049","page","type-page","status-publish"],"yoast_head":"<!-- This site is optimized with the Yoast SEO plugin v27.4 - https:\/\/yoast.com\/product\/yoast-seo-wordpress\/ -->\n<title>Politique de confidentialit\u00e9 - hydroandme<\/title>\n<meta name=\"robots\" content=\"index, follow, max-snippet:-1, max-image-preview:large, max-video-preview:-1\" \/>\n<link rel=\"canonical\" href=\"https:\/\/hydroandme.com\/fr\/politique-de-confidentialite\/\" \/>\n<meta property=\"og:locale\" content=\"fr_FR\" \/>\n<meta property=\"og:type\" content=\"article\" \/>\n<meta property=\"og:title\" content=\"Politique de confidentialit\u00e9 - hydroandme\" \/>\n<meta property=\"og:description\" content=\"[vc_row type=\u00a0\u00bbfull_width_background\u00a0\u00bb full_screen_row_position=\u00a0\u00bbmiddle\u00a0\u00bb column_margin=\u00a0\u00bbdefault\u00a0\u00bb column_direction=\u00a0\u00bbdefault\u00a0\u00bb column_direction_tablet=\u00a0\u00bbdefault\u00a0\u00bb column_direction_phone=\u00a0\u00bbdefault\u00a0\u00bb scene_position=\u00a0\u00bbcenter\u00a0\u00bb text_color=\u00a0\u00bblight\u00a0\u00bb text_align=\u00a0\u00bbleft\u00a0\u00bb row_border_radius=\u00a0\u00bbnone\u00a0\u00bb row_border_radius_applies=\u00a0\u00bbbg\u00a0\u00bb enable_gradient=\u00a0\u00bbtrue\u00a0\u00bb color_overlay=\u00a0\u00bb#ffd937&Prime; color_overlay_2=\u00a0\u00bbrgba(255,217,55,0.18)\u00a0\u00bb overlay_strength=\u00a0\u00bb0.95&Prime; gradient_direction=\u00a0\u00bbleft_to_right\u00a0\u00bb enable_shape_divider=\u00a0\u00bbtrue\u00a0\u00bb shape_divider_position=\u00a0\u00bbbottom\u00a0\u00bb shape_divider_height=\u00a0\u00bb100&Prime; bg_image_animation=\u00a0\u00bbnone\u00a0\u00bb shape_type=\u00a0\u00bbcurve\u00a0\u00bb][vc_column column_padding=\u00a0\u00bbpadding-14-percent\u00a0\u00bb column_padding_tablet=\u00a0\u00bbinherit\u00a0\u00bb column_padding_phone=\u00a0\u00bbinherit\u00a0\u00bb column_padding_position=\u00a0\u00bball\u00a0\u00bb column_element_spacing=\u00a0\u00bbdefault\u00a0\u00bb background_color_opacity=\u00a0\u00bb1&Prime; background_hover_color_opacity=\u00a0\u00bb1&Prime; column_shadow=\u00a0\u00bbnone\u00a0\u00bb...\" \/>\n<meta property=\"og:url\" content=\"https:\/\/hydroandme.com\/fr\/politique-de-confidentialite\/\" \/>\n<meta property=\"og:site_name\" content=\"hydroandme\" \/>\n<meta property=\"article:modified_time\" content=\"2023-08-29T16:06:54+00:00\" \/>\n<meta name=\"twitter:card\" content=\"summary_large_image\" \/>\n<meta name=\"twitter:label1\" content=\"Dur\u00e9e de lecture estim\u00e9e\" \/>\n\t<meta name=\"twitter:data1\" content=\"6 minutes\" \/>\n<script type=\"application\/ld+json\" class=\"yoast-schema-graph\">{\"@context\":\"https:\\\/\\\/schema.org\",\"@graph\":[{\"@type\":\"WebPage\",\"@id\":\"https:\\\/\\\/hydroandme.com\\\/fr\\\/politique-de-confidentialite\\\/\",\"url\":\"https:\\\/\\\/hydroandme.com\\\/fr\\\/politique-de-confidentialite\\\/\",\"name\":\"Politique de confidentialit\u00e9 - hydroandme\",\"isPartOf\":{\"@id\":\"https:\\\/\\\/hydroandme.com\\\/fr\\\/#website\"},\"datePublished\":\"2022-08-29T12:59:52+00:00\",\"dateModified\":\"2023-08-29T16:06:54+00:00\",\"breadcrumb\":{\"@id\":\"https:\\\/\\\/hydroandme.com\\\/fr\\\/politique-de-confidentialite\\\/#breadcrumb\"},\"inLanguage\":\"fr-FR\",\"potentialAction\":[{\"@type\":\"ReadAction\",\"target\":[\"https:\\\/\\\/hydroandme.com\\\/fr\\\/politique-de-confidentialite\\\/\"]}]},{\"@type\":\"BreadcrumbList\",\"@id\":\"https:\\\/\\\/hydroandme.com\\\/fr\\\/politique-de-confidentialite\\\/#breadcrumb\",\"itemListElement\":[{\"@type\":\"ListItem\",\"position\":1,\"name\":\"Home\",\"item\":\"https:\\\/\\\/hydroandme.com\\\/fr\\\/\"},{\"@type\":\"ListItem\",\"position\":2,\"name\":\"Politique de confidentialit\u00e9\"}]},{\"@type\":\"WebSite\",\"@id\":\"https:\\\/\\\/hydroandme.com\\\/fr\\\/#website\",\"url\":\"https:\\\/\\\/hydroandme.com\\\/fr\\\/\",\"name\":\"hydroandme\",\"description\":\"General information on hydrocephalus\",\"potentialAction\":[{\"@type\":\"SearchAction\",\"target\":{\"@type\":\"EntryPoint\",\"urlTemplate\":\"https:\\\/\\\/hydroandme.com\\\/fr\\\/?s={search_term_string}\"},\"query-input\":{\"@type\":\"PropertyValueSpecification\",\"valueRequired\":true,\"valueName\":\"search_term_string\"}}],\"inLanguage\":\"fr-FR\"}]}<\/script>\n<!-- \/ Yoast SEO plugin. -->","yoast_head_json":{"title":"Politique de confidentialit\u00e9 - hydroandme","robots":{"index":"index","follow":"follow","max-snippet":"max-snippet:-1","max-image-preview":"max-image-preview:large","max-video-preview":"max-video-preview:-1"},"canonical":"https:\/\/hydroandme.com\/fr\/politique-de-confidentialite\/","og_locale":"fr_FR","og_type":"article","og_title":"Politique de confidentialit\u00e9 - hydroandme","og_description":"[vc_row type=\u00a0\u00bbfull_width_background\u00a0\u00bb full_screen_row_position=\u00a0\u00bbmiddle\u00a0\u00bb column_margin=\u00a0\u00bbdefault\u00a0\u00bb column_direction=\u00a0\u00bbdefault\u00a0\u00bb column_direction_tablet=\u00a0\u00bbdefault\u00a0\u00bb column_direction_phone=\u00a0\u00bbdefault\u00a0\u00bb scene_position=\u00a0\u00bbcenter\u00a0\u00bb text_color=\u00a0\u00bblight\u00a0\u00bb text_align=\u00a0\u00bbleft\u00a0\u00bb row_border_radius=\u00a0\u00bbnone\u00a0\u00bb row_border_radius_applies=\u00a0\u00bbbg\u00a0\u00bb enable_gradient=\u00a0\u00bbtrue\u00a0\u00bb color_overlay=\u00a0\u00bb#ffd937&Prime; color_overlay_2=\u00a0\u00bbrgba(255,217,55,0.18)\u00a0\u00bb overlay_strength=\u00a0\u00bb0.95&Prime; gradient_direction=\u00a0\u00bbleft_to_right\u00a0\u00bb enable_shape_divider=\u00a0\u00bbtrue\u00a0\u00bb shape_divider_position=\u00a0\u00bbbottom\u00a0\u00bb shape_divider_height=\u00a0\u00bb100&Prime; bg_image_animation=\u00a0\u00bbnone\u00a0\u00bb shape_type=\u00a0\u00bbcurve\u00a0\u00bb][vc_column column_padding=\u00a0\u00bbpadding-14-percent\u00a0\u00bb column_padding_tablet=\u00a0\u00bbinherit\u00a0\u00bb column_padding_phone=\u00a0\u00bbinherit\u00a0\u00bb column_padding_position=\u00a0\u00bball\u00a0\u00bb column_element_spacing=\u00a0\u00bbdefault\u00a0\u00bb background_color_opacity=\u00a0\u00bb1&Prime; background_hover_color_opacity=\u00a0\u00bb1&Prime; column_shadow=\u00a0\u00bbnone\u00a0\u00bb...","og_url":"https:\/\/hydroandme.com\/fr\/politique-de-confidentialite\/","og_site_name":"hydroandme","article_modified_time":"2023-08-29T16:06:54+00:00","twitter_card":"summary_large_image","twitter_misc":{"Dur\u00e9e de lecture estim\u00e9e":"6 minutes"},"schema":{"@context":"https:\/\/schema.org","@graph":[{"@type":"WebPage","@id":"https:\/\/hydroandme.com\/fr\/politique-de-confidentialite\/","url":"https:\/\/hydroandme.com\/fr\/politique-de-confidentialite\/","name":"Politique de confidentialit\u00e9 - hydroandme","isPartOf":{"@id":"https:\/\/hydroandme.com\/fr\/#website"},"datePublished":"2022-08-29T12:59:52+00:00","dateModified":"2023-08-29T16:06:54+00:00","breadcrumb":{"@id":"https:\/\/hydroandme.com\/fr\/politique-de-confidentialite\/#breadcrumb"},"inLanguage":"fr-FR","potentialAction":[{"@type":"ReadAction","target":["https:\/\/hydroandme.com\/fr\/politique-de-confidentialite\/"]}]},{"@type":"BreadcrumbList","@id":"https:\/\/hydroandme.com\/fr\/politique-de-confidentialite\/#breadcrumb","itemListElement":[{"@type":"ListItem","position":1,"name":"Home","item":"https:\/\/hydroandme.com\/fr\/"},{"@type":"ListItem","position":2,"name":"Politique de confidentialit\u00e9"}]},{"@type":"WebSite","@id":"https:\/\/hydroandme.com\/fr\/#website","url":"https:\/\/hydroandme.com\/fr\/","name":"hydroandme","description":"General information on hydrocephalus","potentialAction":[{"@type":"SearchAction","target":{"@type":"EntryPoint","urlTemplate":"https:\/\/hydroandme.com\/fr\/?s={search_term_string}"},"query-input":{"@type":"PropertyValueSpecification","valueRequired":true,"valueName":"search_term_string"}}],"inLanguage":"fr-FR"}]}},"jetpack_sharing_enabled":true,"_links":{"self":[{"href":"https:\/\/hydroandme.com\/fr\/wp-json\/wp\/v2\/pages\/3049","targetHints":{"allow":["GET"]}}],"collection":[{"href":"https:\/\/hydroandme.com\/fr\/wp-json\/wp\/v2\/pages"}],"about":[{"href":"https:\/\/hydroandme.com\/fr\/wp-json\/wp\/v2\/types\/page"}],"author":[{"embeddable":true,"href":"https:\/\/hydroandme.com\/fr\/wp-json\/wp\/v2\/users\/4"}],"replies":[{"embeddable":true,"href":"https:\/\/hydroandme.com\/fr\/wp-json\/wp\/v2\/comments?post=3049"}],"version-history":[{"count":10,"href":"https:\/\/hydroandme.com\/fr\/wp-json\/wp\/v2\/pages\/3049\/revisions"}],"predecessor-version":[{"id":3703,"href":"https:\/\/hydroandme.com\/fr\/wp-json\/wp\/v2\/pages\/3049\/revisions\/3703"}],"wp:attachment":[{"href":"https:\/\/hydroandme.com\/fr\/wp-json\/wp\/v2\/media?parent=3049"}],"curies":[{"name":"wp","href":"https:\/\/api.w.org\/{rel}","templated":true}]}}