{"id":3073,"date":"2022-08-29T13:00:04","date_gmt":"2022-08-29T13:00:04","guid":{"rendered":"https:\/\/hydroandme.com\/conditions-dutilisation\/"},"modified":"2022-12-21T16:37:32","modified_gmt":"2022-12-21T16:37:32","slug":"conditions-dutilisation","status":"publish","type":"page","link":"https:\/\/hydroandme.com\/fr\/conditions-dutilisation\/","title":{"rendered":"Conditions d\u2019utilisation"},"content":{"rendered":"[vc_row type=\u00a0\u00bbfull_width_background\u00a0\u00bb full_screen_row_position=\u00a0\u00bbmiddle\u00a0\u00bb column_margin=\u00a0\u00bbdefault\u00a0\u00bb column_direction=\u00a0\u00bbdefault\u00a0\u00bb column_direction_tablet=\u00a0\u00bbdefault\u00a0\u00bb column_direction_phone=\u00a0\u00bbdefault\u00a0\u00bb scene_position=\u00a0\u00bbcenter\u00a0\u00bb text_color=\u00a0\u00bblight\u00a0\u00bb text_align=\u00a0\u00bbleft\u00a0\u00bb row_border_radius=\u00a0\u00bbnone\u00a0\u00bb row_border_radius_applies=\u00a0\u00bbbg\u00a0\u00bb enable_gradient=\u00a0\u00bbtrue\u00a0\u00bb color_overlay=\u00a0\u00bb#ffd937&Prime; color_overlay_2=\u00a0\u00bbrgba(255,217,55,0.18)\u00a0\u00bb overlay_strength=\u00a0\u00bb0.95&Prime; gradient_direction=\u00a0\u00bbleft_to_right\u00a0\u00bb enable_shape_divider=\u00a0\u00bbtrue\u00a0\u00bb shape_divider_position=\u00a0\u00bbbottom\u00a0\u00bb shape_divider_height=\u00a0\u00bb100&Prime; bg_image_animation=\u00a0\u00bbnone\u00a0\u00bb shape_type=\u00a0\u00bbcurve\u00a0\u00bb][vc_column column_padding=\u00a0\u00bbpadding-14-percent\u00a0\u00bb column_padding_tablet=\u00a0\u00bbinherit\u00a0\u00bb column_padding_phone=\u00a0\u00bbinherit\u00a0\u00bb column_padding_position=\u00a0\u00bball\u00a0\u00bb column_element_spacing=\u00a0\u00bbdefault\u00a0\u00bb background_color_opacity=\u00a0\u00bb1&Prime; background_hover_color_opacity=\u00a0\u00bb1&Prime; column_shadow=\u00a0\u00bbnone\u00a0\u00bb column_border_radius=\u00a0\u00bbnone\u00a0\u00bb column_link_target=\u00a0\u00bb_self\u00a0\u00bb gradient_direction=\u00a0\u00bbleft_to_right\u00a0\u00bb overlay_strength=\u00a0\u00bb0.3&Prime; width=\u00a0\u00bb1\/1&Prime; tablet_width_inherit=\u00a0\u00bbdefault\u00a0\u00bb tablet_text_alignment=\u00a0\u00bbdefault\u00a0\u00bb phone_text_alignment=\u00a0\u00bbdefault\u00a0\u00bb bg_image_animation=\u00a0\u00bbnone\u00a0\u00bb border_type=\u00a0\u00bbsimple\u00a0\u00bb column_border_width=\u00a0\u00bbnone\u00a0\u00bb column_border_style=\u00a0\u00bbsolid\u00a0\u00bb][vc_column_text]\n<h1>Conditions d\u2019utilisation<\/h1>\n[\/vc_column_text][\/vc_column][\/vc_row][vc_row type=\u00a0\u00bbin_container\u00a0\u00bb full_screen_row_position=\u00a0\u00bbmiddle\u00a0\u00bb column_margin=\u00a0\u00bbdefault\u00a0\u00bb column_direction=\u00a0\u00bbdefault\u00a0\u00bb column_direction_tablet=\u00a0\u00bbdefault\u00a0\u00bb column_direction_phone=\u00a0\u00bbdefault\u00a0\u00bb scene_position=\u00a0\u00bbcenter\u00a0\u00bb text_color=\u00a0\u00bbdark\u00a0\u00bb text_align=\u00a0\u00bbleft\u00a0\u00bb row_border_radius=\u00a0\u00bbnone\u00a0\u00bb row_border_radius_applies=\u00a0\u00bbbg\u00a0\u00bb overlay_strength=\u00a0\u00bb0.3&Prime; gradient_direction=\u00a0\u00bbleft_to_right\u00a0\u00bb shape_divider_position=\u00a0\u00bbbottom\u00a0\u00bb bg_image_animation=\u00a0\u00bbnone\u00a0\u00bb][vc_column column_padding=\u00a0\u00bbno-extra-padding\u00a0\u00bb column_padding_tablet=\u00a0\u00bbinherit\u00a0\u00bb column_padding_phone=\u00a0\u00bbinherit\u00a0\u00bb column_padding_position=\u00a0\u00bball\u00a0\u00bb column_element_spacing=\u00a0\u00bbdefault\u00a0\u00bb background_color_opacity=\u00a0\u00bb1&Prime; background_hover_color_opacity=\u00a0\u00bb1&Prime; column_shadow=\u00a0\u00bbnone\u00a0\u00bb column_border_radius=\u00a0\u00bbnone\u00a0\u00bb column_link_target=\u00a0\u00bb_self\u00a0\u00bb gradient_direction=\u00a0\u00bbleft_to_right\u00a0\u00bb overlay_strength=\u00a0\u00bb0.3&Prime; width=\u00a0\u00bb1\/1&Prime; tablet_width_inherit=\u00a0\u00bbdefault\u00a0\u00bb tablet_text_alignment=\u00a0\u00bbdefault\u00a0\u00bb phone_text_alignment=\u00a0\u00bbdefault\u00a0\u00bb bg_image_animation=\u00a0\u00bbnone\u00a0\u00bb border_type=\u00a0\u00bbsimple\u00a0\u00bb column_border_width=\u00a0\u00bbnone\u00a0\u00bb column_border_style=\u00a0\u00bbsolid\u00a0\u00bb][vc_column_text]<strong>Public cible du site Web<\/strong><\/p>\n<p><i>Le pr\u00e9sent site Web n\u2019est pas destin\u00e9 \u00e0 des personnes de moins de 18\u00a0ans.<\/i><\/p>\n<p>Vous \u00eates actuellement connect\u00e9 au site Web d\u2019Integra d\u00e9di\u00e9 aux r\u00e9gions Europe, Moyen-Orient et Afrique.<br \/>\n<strong>LES INFORMATIONS CONTENUES SUR LE PR\u00c9SENT SITE WEB SONT DESTIN\u00c9ES UNIQUEMENT AUX R\u00c9SIDENTS DE L\u2019EUROPE (sauf l\u2019Italie), DU MOYEN-ORIENT ET D\u2019AFRIQUE.<\/strong><\/p>\n<p><strong>\u00c9diteur\u00a0:<\/strong><br \/>\nIntegra LifeSciences Services (France)<br \/>\nSoci\u00e9t\u00e9 par actions simplifi\u00e9e au capital de 4\u00a0717\u00a0887,08\u00a0\u20ac<\/p>\n<p><b>Adresse<\/b><strong>\u00a0:<\/strong><br \/>\nImmeuble S\u00e9quoia\u00a02<br \/>\n97\u00a0All\u00e9e Alexandre Borodine<br \/>\nParc Technologique de la Porte des Alpes<br \/>\n69800 Saint Priest (France)<br \/>\nT\u00e9l\u00e9phone\u00a0: +33\u00a0(0)4\u00a037\u00a047\u00a059\u00a000 \u2013 Fax\u00a0: +33\u00a0(0)4\u00a037\u00a047\u00a059 99<br \/>\nRCS Lyon 492\u00a0534\u00a0466<\/p>\n<p><strong>Directeur de publication\u00a0:<\/strong><br \/>\n<span lang=\"FR\">Integra LifeSciences Services (France)<\/span><\/p>\n<p><strong>Webmaster:<\/strong><br \/>\n<span lang=\"FR\">Integra LifeSciences Services (France)<\/span><\/p>\n<p><strong>H\u00e9bergeur du site\u00a0:<\/strong><br \/>\nSAS OVH<br \/>\n2\u00a0rue Kellermann<br \/>\n59100 Roubaix (France)<\/p>\n<p>Tout le contenu du pr\u00e9sent site Web est d\u00e9tenu ou contr\u00f4l\u00e9 par Integra LifeSciences Corporation ou ses filiales, et prot\u00e9g\u00e9 par les lois internationales sur les droits d\u2019auteur. Vous pouvez t\u00e9l\u00e9charger le contenu uniquement pour votre usage personnel \u00e0 des fins non commerciales, mais aucune modification ou reproduction ult\u00e9rieure du contenu n\u2019est autoris\u00e9e.<br \/>\nLe contenu ne peut \u00eatre copi\u00e9 ou utilis\u00e9 d\u2019aucune autre fa\u00e7on.<\/p>\n<p>LES INFORMATIONS, Y COMPRIS LES CONSEILS ET LES RECOMMANDATIONS FIGURANT SUR LE SITE WEB SONT DESTIN\u00c9ES UNIQUEMENT \u00c0 DES FINS D\u2019AIDE \u00c9DUCATIVE G\u00c9N\u00c9RALE. IL NE S\u2019AGIT PAS DE CONSEILS M\u00c9DICAUX OU DE SANT\u00c9, ET ELLES NE DOIVENT PAS \u00caTRE UTILIS\u00c9ES POUR UN DIAGNOSTIC OU UN TRAITEMENT M\u00c9DICAL, QUELLE QUE SOIT LA SITUATION INDIVIDUELLE. ELLES NE VISENT PAS NON PLUS \u00c0 REMPLACER LES CONSEILS ET SERVICES D\u2019UN PROFESSIONNEL DE SANT\u00c9 QUALIFI\u00c9. DEMANDEZ TOUJOURS L\u2019AVIS DE VOTRE M\u00c9DECIN OU D\u2019UN AUTRE PROFESSIONNEL DE SANT\u00c9 QUALIFI\u00c9 POUR TOUT PROBL\u00c8ME M\u00c9DICAL ET AVANT DE COMMENCER UN NOUVEAU TRAITEMENT. VOTRE UTILISATION DU SITE WEB EST SOUMISE AUX AVERTISSEMENTS ET MISES EN GARDE SUPPL\u00c9MENTAIRES QUI PEUVENT Y APPARA\u00ceTRE.<\/p>\n<p>Les propri\u00e9taires du pr\u00e9sent site Web s\u2019engagent \u00e0 d\u00e9ployer des efforts raisonnables pour inclure des informations \u00e0 jour et exactes sur le site, mais d\u00e9clinent toute responsabilit\u00e9, garantie ou assurance quant \u00e0 l\u2019exactitude, l\u2019actualit\u00e9 ou l\u2019exhaustivit\u00e9 des informations fournies. Les propri\u00e9taires du pr\u00e9sent site ne peuvent \u00eatre tenus responsables de tout dommage ou pr\u00e9judice r\u00e9sultant de l\u2019acc\u00e8s ou de l\u2019impossibilit\u00e9 d\u2019acc\u00e9der au pr\u00e9sent site Web, ou de l\u2019utilisation qui en est faite en se fiant aux informations contenues sur le pr\u00e9sent Web.<\/p>\n<p>Le pr\u00e9sent site Web peut contenir des liens vers ou des r\u00e9f\u00e9rences \u00e0 d\u2019autres sites, mais les propri\u00e9taires du pr\u00e9sent site ne sont pas responsables du contenu de ces autres sites et ne peuvent \u00eatre tenus responsables de tout dommage ou pr\u00e9judice d\u00e9coulant de ce contenu. Les liens vers d\u2019autres sites ne sont fournis qu\u2019\u00e0 titre de commodit\u00e9 pour les utilisateurs du pr\u00e9sent site Web.<\/p>\n<p>Les marques commerciales, marques de service, noms commerciaux, images commerciales et produits repr\u00e9sent\u00e9s sur le pr\u00e9sent site Web sont prot\u00e9g\u00e9s aux \u00c9tats-Unis et dans le monde. Ils ne peuvent en aucun cas \u00eatre utilis\u00e9s sans l\u2019autorisation \u00e9crite pr\u00e9alable des propri\u00e9taires du pr\u00e9sent site, sauf lorsqu\u2019il est question d\u2019identifier les produits et services de la soci\u00e9t\u00e9.<\/p>\n<p>Toutes les informations d\u2019identification personnelle reprises dans des communications \u00e9lectroniques \u00e0 destination de ce site Web sont r\u00e9gies par la <a href=\"https:\/\/www.integralife.com\/privacy\">Politique de confidentialit\u00e9<\/a> du pr\u00e9sent site. Les propri\u00e9taires du pr\u00e9sent site sont libres d\u2019utiliser ou de copier toutes les autres informations contenues dans ces communications, notamment les id\u00e9es, les inventions, les concepts, les techniques et le savoir-faire qui y sont divulgu\u00e9s, \u00e0 quelque fin que ce soit, y compris la divulgation \u00e0 des tiers et\/ou le d\u00e9veloppement, la fabrication et\/ou la commercialisation de biens ou de services.<\/p>\n<p>L\u2019exp\u00e9diteur de toute communication adress\u00e9e au pr\u00e9sent site Web ou aux propri\u00e9taires du pr\u00e9sent site sera tenu responsable du contenu et des informations envoy\u00e9s, y compris de leur v\u00e9racit\u00e9 et de leur exactitude.[\/vc_column_text][\/vc_column][\/vc_row]\n","protected":false},"excerpt":{"rendered":"<p>[vc_row type=\u00a0\u00bbfull_width_background\u00a0\u00bb full_screen_row_position=\u00a0\u00bbmiddle\u00a0\u00bb column_margin=\u00a0\u00bbdefault\u00a0\u00bb column_direction=\u00a0\u00bbdefault\u00a0\u00bb column_direction_tablet=\u00a0\u00bbdefault\u00a0\u00bb column_direction_phone=\u00a0\u00bbdefault\u00a0\u00bb scene_position=\u00a0\u00bbcenter\u00a0\u00bb text_color=\u00a0\u00bblight\u00a0\u00bb text_align=\u00a0\u00bbleft\u00a0\u00bb row_border_radius=\u00a0\u00bbnone\u00a0\u00bb row_border_radius_applies=\u00a0\u00bbbg\u00a0\u00bb enable_gradient=\u00a0\u00bbtrue\u00a0\u00bb color_overlay=\u00a0\u00bb#ffd937&Prime; color_overlay_2=\u00a0\u00bbrgba(255,217,55,0.18)\u00a0\u00bb overlay_strength=\u00a0\u00bb0.95&Prime; gradient_direction=\u00a0\u00bbleft_to_right\u00a0\u00bb enable_shape_divider=\u00a0\u00bbtrue\u00a0\u00bb shape_divider_position=\u00a0\u00bbbottom\u00a0\u00bb shape_divider_height=\u00a0\u00bb100&Prime; bg_image_animation=\u00a0\u00bbnone\u00a0\u00bb shape_type=\u00a0\u00bbcurve\u00a0\u00bb][vc_column column_padding=\u00a0\u00bbpadding-14-percent\u00a0\u00bb column_padding_tablet=\u00a0\u00bbinherit\u00a0\u00bb column_padding_phone=\u00a0\u00bbinherit\u00a0\u00bb column_padding_position=\u00a0\u00bball\u00a0\u00bb column_element_spacing=\u00a0\u00bbdefault\u00a0\u00bb background_color_opacity=\u00a0\u00bb1&Prime; background_hover_color_opacity=\u00a0\u00bb1&Prime; column_shadow=\u00a0\u00bbnone\u00a0\u00bb&#8230;<\/p>\n","protected":false},"author":1,"featured_media":0,"parent":0,"menu_order":0,"comment_status":"closed","ping_status":"closed","template":"","meta":{"content-type":"","inline_featured_image":false,"footnotes":""},"class_list":["post-3073","page","type-page","status-publish"],"yoast_head":"<!-- This site is optimized with the Yoast SEO plugin v27.4 - https:\/\/yoast.com\/product\/yoast-seo-wordpress\/ -->\n<title>Conditions d\u2019utilisation - hydroandme<\/title>\n<meta name=\"robots\" content=\"index, follow, max-snippet:-1, max-image-preview:large, max-video-preview:-1\" \/>\n<link rel=\"canonical\" href=\"https:\/\/hydroandme.com\/fr\/conditions-dutilisation\/\" \/>\n<meta property=\"og:locale\" content=\"fr_FR\" \/>\n<meta property=\"og:type\" content=\"article\" \/>\n<meta property=\"og:title\" content=\"Conditions d\u2019utilisation - hydroandme\" \/>\n<meta property=\"og:description\" content=\"[vc_row type=\u00a0\u00bbfull_width_background\u00a0\u00bb full_screen_row_position=\u00a0\u00bbmiddle\u00a0\u00bb column_margin=\u00a0\u00bbdefault\u00a0\u00bb column_direction=\u00a0\u00bbdefault\u00a0\u00bb column_direction_tablet=\u00a0\u00bbdefault\u00a0\u00bb column_direction_phone=\u00a0\u00bbdefault\u00a0\u00bb scene_position=\u00a0\u00bbcenter\u00a0\u00bb text_color=\u00a0\u00bblight\u00a0\u00bb text_align=\u00a0\u00bbleft\u00a0\u00bb row_border_radius=\u00a0\u00bbnone\u00a0\u00bb row_border_radius_applies=\u00a0\u00bbbg\u00a0\u00bb enable_gradient=\u00a0\u00bbtrue\u00a0\u00bb color_overlay=\u00a0\u00bb#ffd937&Prime; color_overlay_2=\u00a0\u00bbrgba(255,217,55,0.18)\u00a0\u00bb overlay_strength=\u00a0\u00bb0.95&Prime; gradient_direction=\u00a0\u00bbleft_to_right\u00a0\u00bb enable_shape_divider=\u00a0\u00bbtrue\u00a0\u00bb shape_divider_position=\u00a0\u00bbbottom\u00a0\u00bb shape_divider_height=\u00a0\u00bb100&Prime; bg_image_animation=\u00a0\u00bbnone\u00a0\u00bb shape_type=\u00a0\u00bbcurve\u00a0\u00bb][vc_column column_padding=\u00a0\u00bbpadding-14-percent\u00a0\u00bb column_padding_tablet=\u00a0\u00bbinherit\u00a0\u00bb column_padding_phone=\u00a0\u00bbinherit\u00a0\u00bb column_padding_position=\u00a0\u00bball\u00a0\u00bb column_element_spacing=\u00a0\u00bbdefault\u00a0\u00bb background_color_opacity=\u00a0\u00bb1&Prime; background_hover_color_opacity=\u00a0\u00bb1&Prime; column_shadow=\u00a0\u00bbnone\u00a0\u00bb...\" \/>\n<meta property=\"og:url\" content=\"https:\/\/hydroandme.com\/fr\/conditions-dutilisation\/\" \/>\n<meta property=\"og:site_name\" content=\"hydroandme\" \/>\n<meta property=\"article:modified_time\" content=\"2022-12-21T16:37:32+00:00\" \/>\n<meta name=\"twitter:card\" content=\"summary_large_image\" \/>\n<meta name=\"twitter:label1\" content=\"Dur\u00e9e de lecture estim\u00e9e\" \/>\n\t<meta name=\"twitter:data1\" content=\"4 minutes\" \/>\n<script type=\"application\/ld+json\" class=\"yoast-schema-graph\">{\"@context\":\"https:\\\/\\\/schema.org\",\"@graph\":[{\"@type\":\"WebPage\",\"@id\":\"https:\\\/\\\/hydroandme.com\\\/fr\\\/conditions-dutilisation\\\/\",\"url\":\"https:\\\/\\\/hydroandme.com\\\/fr\\\/conditions-dutilisation\\\/\",\"name\":\"Conditions d\u2019utilisation - hydroandme\",\"isPartOf\":{\"@id\":\"https:\\\/\\\/hydroandme.com\\\/fr\\\/#website\"},\"datePublished\":\"2022-08-29T13:00:04+00:00\",\"dateModified\":\"2022-12-21T16:37:32+00:00\",\"breadcrumb\":{\"@id\":\"https:\\\/\\\/hydroandme.com\\\/fr\\\/conditions-dutilisation\\\/#breadcrumb\"},\"inLanguage\":\"fr-FR\",\"potentialAction\":[{\"@type\":\"ReadAction\",\"target\":[\"https:\\\/\\\/hydroandme.com\\\/fr\\\/conditions-dutilisation\\\/\"]}]},{\"@type\":\"BreadcrumbList\",\"@id\":\"https:\\\/\\\/hydroandme.com\\\/fr\\\/conditions-dutilisation\\\/#breadcrumb\",\"itemListElement\":[{\"@type\":\"ListItem\",\"position\":1,\"name\":\"Home\",\"item\":\"https:\\\/\\\/hydroandme.com\\\/fr\\\/\"},{\"@type\":\"ListItem\",\"position\":2,\"name\":\"Conditions d\u2019utilisation\"}]},{\"@type\":\"WebSite\",\"@id\":\"https:\\\/\\\/hydroandme.com\\\/fr\\\/#website\",\"url\":\"https:\\\/\\\/hydroandme.com\\\/fr\\\/\",\"name\":\"hydroandme\",\"description\":\"General information on hydrocephalus\",\"potentialAction\":[{\"@type\":\"SearchAction\",\"target\":{\"@type\":\"EntryPoint\",\"urlTemplate\":\"https:\\\/\\\/hydroandme.com\\\/fr\\\/?s={search_term_string}\"},\"query-input\":{\"@type\":\"PropertyValueSpecification\",\"valueRequired\":true,\"valueName\":\"search_term_string\"}}],\"inLanguage\":\"fr-FR\"}]}<\/script>\n<!-- \/ Yoast SEO plugin. -->","yoast_head_json":{"title":"Conditions d\u2019utilisation - hydroandme","robots":{"index":"index","follow":"follow","max-snippet":"max-snippet:-1","max-image-preview":"max-image-preview:large","max-video-preview":"max-video-preview:-1"},"canonical":"https:\/\/hydroandme.com\/fr\/conditions-dutilisation\/","og_locale":"fr_FR","og_type":"article","og_title":"Conditions d\u2019utilisation - hydroandme","og_description":"[vc_row type=\u00a0\u00bbfull_width_background\u00a0\u00bb full_screen_row_position=\u00a0\u00bbmiddle\u00a0\u00bb column_margin=\u00a0\u00bbdefault\u00a0\u00bb column_direction=\u00a0\u00bbdefault\u00a0\u00bb column_direction_tablet=\u00a0\u00bbdefault\u00a0\u00bb column_direction_phone=\u00a0\u00bbdefault\u00a0\u00bb scene_position=\u00a0\u00bbcenter\u00a0\u00bb text_color=\u00a0\u00bblight\u00a0\u00bb text_align=\u00a0\u00bbleft\u00a0\u00bb row_border_radius=\u00a0\u00bbnone\u00a0\u00bb row_border_radius_applies=\u00a0\u00bbbg\u00a0\u00bb enable_gradient=\u00a0\u00bbtrue\u00a0\u00bb color_overlay=\u00a0\u00bb#ffd937&Prime; color_overlay_2=\u00a0\u00bbrgba(255,217,55,0.18)\u00a0\u00bb overlay_strength=\u00a0\u00bb0.95&Prime; gradient_direction=\u00a0\u00bbleft_to_right\u00a0\u00bb enable_shape_divider=\u00a0\u00bbtrue\u00a0\u00bb shape_divider_position=\u00a0\u00bbbottom\u00a0\u00bb shape_divider_height=\u00a0\u00bb100&Prime; bg_image_animation=\u00a0\u00bbnone\u00a0\u00bb shape_type=\u00a0\u00bbcurve\u00a0\u00bb][vc_column column_padding=\u00a0\u00bbpadding-14-percent\u00a0\u00bb column_padding_tablet=\u00a0\u00bbinherit\u00a0\u00bb column_padding_phone=\u00a0\u00bbinherit\u00a0\u00bb column_padding_position=\u00a0\u00bball\u00a0\u00bb column_element_spacing=\u00a0\u00bbdefault\u00a0\u00bb background_color_opacity=\u00a0\u00bb1&Prime; background_hover_color_opacity=\u00a0\u00bb1&Prime; column_shadow=\u00a0\u00bbnone\u00a0\u00bb...","og_url":"https:\/\/hydroandme.com\/fr\/conditions-dutilisation\/","og_site_name":"hydroandme","article_modified_time":"2022-12-21T16:37:32+00:00","twitter_card":"summary_large_image","twitter_misc":{"Dur\u00e9e de lecture estim\u00e9e":"4 minutes"},"schema":{"@context":"https:\/\/schema.org","@graph":[{"@type":"WebPage","@id":"https:\/\/hydroandme.com\/fr\/conditions-dutilisation\/","url":"https:\/\/hydroandme.com\/fr\/conditions-dutilisation\/","name":"Conditions d\u2019utilisation - hydroandme","isPartOf":{"@id":"https:\/\/hydroandme.com\/fr\/#website"},"datePublished":"2022-08-29T13:00:04+00:00","dateModified":"2022-12-21T16:37:32+00:00","breadcrumb":{"@id":"https:\/\/hydroandme.com\/fr\/conditions-dutilisation\/#breadcrumb"},"inLanguage":"fr-FR","potentialAction":[{"@type":"ReadAction","target":["https:\/\/hydroandme.com\/fr\/conditions-dutilisation\/"]}]},{"@type":"BreadcrumbList","@id":"https:\/\/hydroandme.com\/fr\/conditions-dutilisation\/#breadcrumb","itemListElement":[{"@type":"ListItem","position":1,"name":"Home","item":"https:\/\/hydroandme.com\/fr\/"},{"@type":"ListItem","position":2,"name":"Conditions d\u2019utilisation"}]},{"@type":"WebSite","@id":"https:\/\/hydroandme.com\/fr\/#website","url":"https:\/\/hydroandme.com\/fr\/","name":"hydroandme","description":"General information on hydrocephalus","potentialAction":[{"@type":"SearchAction","target":{"@type":"EntryPoint","urlTemplate":"https:\/\/hydroandme.com\/fr\/?s={search_term_string}"},"query-input":{"@type":"PropertyValueSpecification","valueRequired":true,"valueName":"search_term_string"}}],"inLanguage":"fr-FR"}]}},"jetpack_sharing_enabled":true,"_links":{"self":[{"href":"https:\/\/hydroandme.com\/fr\/wp-json\/wp\/v2\/pages\/3073","targetHints":{"allow":["GET"]}}],"collection":[{"href":"https:\/\/hydroandme.com\/fr\/wp-json\/wp\/v2\/pages"}],"about":[{"href":"https:\/\/hydroandme.com\/fr\/wp-json\/wp\/v2\/types\/page"}],"author":[{"embeddable":true,"href":"https:\/\/hydroandme.com\/fr\/wp-json\/wp\/v2\/users\/1"}],"replies":[{"embeddable":true,"href":"https:\/\/hydroandme.com\/fr\/wp-json\/wp\/v2\/comments?post=3073"}],"version-history":[{"count":6,"href":"https:\/\/hydroandme.com\/fr\/wp-json\/wp\/v2\/pages\/3073\/revisions"}],"predecessor-version":[{"id":3683,"href":"https:\/\/hydroandme.com\/fr\/wp-json\/wp\/v2\/pages\/3073\/revisions\/3683"}],"wp:attachment":[{"href":"https:\/\/hydroandme.com\/fr\/wp-json\/wp\/v2\/media?parent=3073"}],"curies":[{"name":"wp","href":"https:\/\/api.w.org\/{rel}","templated":true}]}}