{"id":3238,"date":"2022-08-29T13:04:18","date_gmt":"2022-08-29T13:04:18","guid":{"rendered":"https:\/\/hydroandme.com\/exemple-de-page\/"},"modified":"2022-08-29T13:04:18","modified_gmt":"2022-08-29T13:04:18","slug":"exemple-de-page","status":"publish","type":"page","link":"https:\/\/hydroandme.com\/fr\/exemple-de-page\/","title":{"rendered":"Exemple de page"},"content":{"rendered":"<p>Il s\u2019agit d\u2019un exemple de page. Cette page se distingue d\u2019un article de blog car elle reste au m\u00eame endroit et appara\u00eet lors de l\u2019exploration de votre site (dans la plupart des th\u00e8mes). La plupart des personnes commencent par une page \u00c0 propos qui les pr\u00e9sente aux visiteurs potentiels du site. Elle peut ressembler \u00e0 ceci\u00a0:<\/p>\n<blockquote><p>Bonjour\u00a0! Je suis livreur \u00e0 v\u00e9lo le jour, acteur en herbe la nuit, et ceci est mon site Web. Je vis \u00e0 Los Angeles, j\u2019ai un chien g\u00e9nial qui s\u2019appelle Jack et j\u2019aime les pi\u00f1a coladas (et me faire surprendre par la pluie\u00a0!).<\/p><\/blockquote>\n<p>&#8230;ou \u00e0 ceci\u00a0:<\/p>\n<blockquote><p>La soci\u00e9t\u00e9 de choses XYZ a \u00e9t\u00e9 fond\u00e9e en 1971 et fournit depuis lors des choses de qualit\u00e9 au public. Bas\u00e9e \u00e0 Gotham City, XYZ compte plus de 2\u00a0000\u00a0employ\u00e9s et fait toutes sortes de choses g\u00e9niales pour la communaut\u00e9 de Gotham.<\/p><\/blockquote>\n<p>En tant que nouvel utilisateur de WordPress, vous devez vous rendre sur <a href=\"https:\/\/hydroandme.com\/wp-admin\/\">votre tableau de bord<\/a> pour supprimer cette page et cr\u00e9er de nouvelles pages pour votre contenu. Amusez-vous bien\u00a0!<\/p>\n","protected":false},"excerpt":{"rendered":"<p>Il s\u2019agit d\u2019un exemple de page. Cette page se distingue d\u2019un article de blog car elle reste au m\u00eame endroit et appara\u00eet lors de l\u2019exploration de votre site (dans la&#8230;<\/p>\n","protected":false},"author":1,"featured_media":0,"parent":0,"menu_order":0,"comment_status":"closed","ping_status":"closed","template":"","meta":{"content-type":"","inline_featured_image":false,"footnotes":""},"class_list":["post-3238","page","type-page","status-publish"],"yoast_head":"<!-- This site is optimized with the Yoast SEO plugin v27.5 - https:\/\/yoast.com\/product\/yoast-seo-wordpress\/ -->\n<title>Exemple de page - hydroandme<\/title>\n<meta name=\"robots\" content=\"index, follow, max-snippet:-1, max-image-preview:large, max-video-preview:-1\" \/>\n<link rel=\"canonical\" href=\"https:\/\/hydroandme.com\/fr\/exemple-de-page\/\" \/>\n<meta property=\"og:locale\" content=\"fr_FR\" \/>\n<meta property=\"og:type\" content=\"article\" \/>\n<meta property=\"og:title\" content=\"Exemple de page - hydroandme\" \/>\n<meta property=\"og:description\" content=\"Il s\u2019agit d\u2019un exemple de page. Cette page se distingue d\u2019un article de blog car elle reste au m\u00eame endroit et appara\u00eet lors de l\u2019exploration de votre site (dans la...\" \/>\n<meta property=\"og:url\" content=\"https:\/\/hydroandme.com\/fr\/exemple-de-page\/\" \/>\n<meta property=\"og:site_name\" content=\"hydroandme\" \/>\n<meta name=\"twitter:card\" content=\"summary_large_image\" \/>\n<meta name=\"twitter:label1\" content=\"Dur\u00e9e de lecture estim\u00e9e\" \/>\n\t<meta name=\"twitter:data1\" content=\"1 minute\" \/>\n<script type=\"application\/ld+json\" class=\"yoast-schema-graph\">{\"@context\":\"https:\\\/\\\/schema.org\",\"@graph\":[{\"@type\":\"WebPage\",\"@id\":\"https:\\\/\\\/hydroandme.com\\\/fr\\\/exemple-de-page\\\/\",\"url\":\"https:\\\/\\\/hydroandme.com\\\/fr\\\/exemple-de-page\\\/\",\"name\":\"Exemple de page - hydroandme\",\"isPartOf\":{\"@id\":\"https:\\\/\\\/hydroandme.com\\\/fr\\\/#website\"},\"datePublished\":\"2022-08-29T13:04:18+00:00\",\"breadcrumb\":{\"@id\":\"https:\\\/\\\/hydroandme.com\\\/fr\\\/exemple-de-page\\\/#breadcrumb\"},\"inLanguage\":\"fr-FR\",\"potentialAction\":[{\"@type\":\"ReadAction\",\"target\":[\"https:\\\/\\\/hydroandme.com\\\/fr\\\/exemple-de-page\\\/\"]}]},{\"@type\":\"BreadcrumbList\",\"@id\":\"https:\\\/\\\/hydroandme.com\\\/fr\\\/exemple-de-page\\\/#breadcrumb\",\"itemListElement\":[{\"@type\":\"ListItem\",\"position\":1,\"name\":\"Home\",\"item\":\"https:\\\/\\\/hydroandme.com\\\/fr\\\/\"},{\"@type\":\"ListItem\",\"position\":2,\"name\":\"Exemple de page\"}]},{\"@type\":\"WebSite\",\"@id\":\"https:\\\/\\\/hydroandme.com\\\/fr\\\/#website\",\"url\":\"https:\\\/\\\/hydroandme.com\\\/fr\\\/\",\"name\":\"hydroandme\",\"description\":\"General information on hydrocephalus\",\"potentialAction\":[{\"@type\":\"SearchAction\",\"target\":{\"@type\":\"EntryPoint\",\"urlTemplate\":\"https:\\\/\\\/hydroandme.com\\\/fr\\\/?s={search_term_string}\"},\"query-input\":{\"@type\":\"PropertyValueSpecification\",\"valueRequired\":true,\"valueName\":\"search_term_string\"}}],\"inLanguage\":\"fr-FR\"}]}<\/script>\n<!-- \/ Yoast SEO plugin. -->","yoast_head_json":{"title":"Exemple de page - hydroandme","robots":{"index":"index","follow":"follow","max-snippet":"max-snippet:-1","max-image-preview":"max-image-preview:large","max-video-preview":"max-video-preview:-1"},"canonical":"https:\/\/hydroandme.com\/fr\/exemple-de-page\/","og_locale":"fr_FR","og_type":"article","og_title":"Exemple de page - hydroandme","og_description":"Il s\u2019agit d\u2019un exemple de page. Cette page se distingue d\u2019un article de blog car elle reste au m\u00eame endroit et appara\u00eet lors de l\u2019exploration de votre site (dans la...","og_url":"https:\/\/hydroandme.com\/fr\/exemple-de-page\/","og_site_name":"hydroandme","twitter_card":"summary_large_image","twitter_misc":{"Dur\u00e9e de lecture estim\u00e9e":"1 minute"},"schema":{"@context":"https:\/\/schema.org","@graph":[{"@type":"WebPage","@id":"https:\/\/hydroandme.com\/fr\/exemple-de-page\/","url":"https:\/\/hydroandme.com\/fr\/exemple-de-page\/","name":"Exemple de page - hydroandme","isPartOf":{"@id":"https:\/\/hydroandme.com\/fr\/#website"},"datePublished":"2022-08-29T13:04:18+00:00","breadcrumb":{"@id":"https:\/\/hydroandme.com\/fr\/exemple-de-page\/#breadcrumb"},"inLanguage":"fr-FR","potentialAction":[{"@type":"ReadAction","target":["https:\/\/hydroandme.com\/fr\/exemple-de-page\/"]}]},{"@type":"BreadcrumbList","@id":"https:\/\/hydroandme.com\/fr\/exemple-de-page\/#breadcrumb","itemListElement":[{"@type":"ListItem","position":1,"name":"Home","item":"https:\/\/hydroandme.com\/fr\/"},{"@type":"ListItem","position":2,"name":"Exemple de page"}]},{"@type":"WebSite","@id":"https:\/\/hydroandme.com\/fr\/#website","url":"https:\/\/hydroandme.com\/fr\/","name":"hydroandme","description":"General information on hydrocephalus","potentialAction":[{"@type":"SearchAction","target":{"@type":"EntryPoint","urlTemplate":"https:\/\/hydroandme.com\/fr\/?s={search_term_string}"},"query-input":{"@type":"PropertyValueSpecification","valueRequired":true,"valueName":"search_term_string"}}],"inLanguage":"fr-FR"}]}},"jetpack_sharing_enabled":true,"_links":{"self":[{"href":"https:\/\/hydroandme.com\/fr\/wp-json\/wp\/v2\/pages\/3238","targetHints":{"allow":["GET"]}}],"collection":[{"href":"https:\/\/hydroandme.com\/fr\/wp-json\/wp\/v2\/pages"}],"about":[{"href":"https:\/\/hydroandme.com\/fr\/wp-json\/wp\/v2\/types\/page"}],"author":[{"embeddable":true,"href":"https:\/\/hydroandme.com\/fr\/wp-json\/wp\/v2\/users\/1"}],"replies":[{"embeddable":true,"href":"https:\/\/hydroandme.com\/fr\/wp-json\/wp\/v2\/comments?post=3238"}],"version-history":[{"count":0,"href":"https:\/\/hydroandme.com\/fr\/wp-json\/wp\/v2\/pages\/3238\/revisions"}],"wp:attachment":[{"href":"https:\/\/hydroandme.com\/fr\/wp-json\/wp\/v2\/media?parent=3238"}],"curies":[{"name":"wp","href":"https:\/\/api.w.org\/{rel}","templated":true}]}}