{"id":2547,"date":"2022-03-15T11:35:27","date_gmt":"2022-03-15T11:35:27","guid":{"rendered":"https:\/\/hydroandme.com\/pagina-di-esempio\/"},"modified":"2022-03-15T11:47:34","modified_gmt":"2022-03-15T11:47:34","slug":"pagina-di-esempio","status":"publish","type":"page","link":"https:\/\/hydroandme.com\/it\/pagina-di-esempio\/","title":{"rendered":"Pagina di esempio"},"content":{"rendered":"<p>Questa \u00e8 una pagina di esempio. \u00c8 diversa da un post di un blog perch\u00e9 resta sempre nello stesso posto e (nella maggior parte dei temi) verr\u00e0 visualizzata nel riquadro di navigazione del sito. Molti iniziano con una pagina di Informazioni che per presentarsi ai potenziali visitatori del sito. La pagina potrebbe contenere un testo del tipo:<\/p>\n<blockquote><p>Ciao! Di giorno faccio il corriere in bicicletta e di notte faccio l\u2019attore. Questo \u00e8 il mio sito web. Vivo a Roma, ho un cane di nome Jack, e mi piace il tiramis\u00f9. (E prendere la pioggia.)<\/p><\/blockquote>\n<p>&#8230;oppure un testo del tipo:<\/p>\n<blockquote><p>La XYZ Gadget \u00e8 stata fondata nel 1971 e da allora produce gadget di alta qualit\u00e0. Con sede a Gotham City, la XYZ ha pi\u00f9 di 2.000 dipendenti e produce una gran quantit\u00e0 di opere straordinarie per la comunit\u00e0 di Gotham.<\/p><\/blockquote>\n<p>Come nuovo utente di WordPress, dovresti andare alla <a href=\"https:\/\/hydroandme.com\/wp-admin\/\">tua dashboard<\/a>, eliminare questa pagina e creare nuove pagine per i tuoi contenuti. Buon divertimento!<\/p>\n","protected":false},"excerpt":{"rendered":"<p>Questa \u00e8 una pagina di esempio. \u00c8 diversa da un post di un blog perch\u00e9 resta sempre nello stesso posto e (nella maggior parte dei temi) verr\u00e0 visualizzata nel riquadro&#8230;<\/p>\n","protected":false},"author":1,"featured_media":0,"parent":0,"menu_order":0,"comment_status":"closed","ping_status":"closed","template":"","meta":{"content-type":"","inline_featured_image":false,"footnotes":""},"class_list":["post-2547","page","type-page","status-publish"],"yoast_head":"<!-- This site is optimized with the Yoast SEO plugin v27.5 - https:\/\/yoast.com\/product\/yoast-seo-wordpress\/ -->\n<title>Pagina di esempio - hydroandme<\/title>\n<meta name=\"robots\" content=\"index, follow, max-snippet:-1, max-image-preview:large, max-video-preview:-1\" \/>\n<link rel=\"canonical\" href=\"https:\/\/hydroandme.com\/it\/pagina-di-esempio\/\" \/>\n<meta property=\"og:locale\" content=\"it_IT\" \/>\n<meta property=\"og:type\" content=\"article\" \/>\n<meta property=\"og:title\" content=\"Pagina di esempio - hydroandme\" \/>\n<meta property=\"og:description\" content=\"Questa \u00e8 una pagina di esempio. \u00c8 diversa da un post di un blog perch\u00e9 resta sempre nello stesso posto e (nella maggior parte dei temi) verr\u00e0 visualizzata nel riquadro...\" \/>\n<meta property=\"og:url\" content=\"https:\/\/hydroandme.com\/it\/pagina-di-esempio\/\" \/>\n<meta property=\"og:site_name\" content=\"hydroandme\" \/>\n<meta property=\"article:modified_time\" content=\"2022-03-15T11:47:34+00:00\" \/>\n<meta name=\"twitter:card\" content=\"summary_large_image\" \/>\n<meta name=\"twitter:label1\" content=\"Tempo di lettura stimato\" \/>\n\t<meta name=\"twitter:data1\" content=\"1 minuto\" \/>\n<script type=\"application\/ld+json\" class=\"yoast-schema-graph\">{\"@context\":\"https:\\\/\\\/schema.org\",\"@graph\":[{\"@type\":\"WebPage\",\"@id\":\"https:\\\/\\\/hydroandme.com\\\/it\\\/pagina-di-esempio\\\/\",\"url\":\"https:\\\/\\\/hydroandme.com\\\/it\\\/pagina-di-esempio\\\/\",\"name\":\"Pagina di esempio - hydroandme\",\"isPartOf\":{\"@id\":\"https:\\\/\\\/hydroandme.com\\\/it\\\/#website\"},\"datePublished\":\"2022-03-15T11:35:27+00:00\",\"dateModified\":\"2022-03-15T11:47:34+00:00\",\"breadcrumb\":{\"@id\":\"https:\\\/\\\/hydroandme.com\\\/it\\\/pagina-di-esempio\\\/#breadcrumb\"},\"inLanguage\":\"it-IT\",\"potentialAction\":[{\"@type\":\"ReadAction\",\"target\":[\"https:\\\/\\\/hydroandme.com\\\/it\\\/pagina-di-esempio\\\/\"]}]},{\"@type\":\"BreadcrumbList\",\"@id\":\"https:\\\/\\\/hydroandme.com\\\/it\\\/pagina-di-esempio\\\/#breadcrumb\",\"itemListElement\":[{\"@type\":\"ListItem\",\"position\":1,\"name\":\"Home\",\"item\":\"https:\\\/\\\/hydroandme.com\\\/it\\\/\"},{\"@type\":\"ListItem\",\"position\":2,\"name\":\"Pagina di esempio\"}]},{\"@type\":\"WebSite\",\"@id\":\"https:\\\/\\\/hydroandme.com\\\/it\\\/#website\",\"url\":\"https:\\\/\\\/hydroandme.com\\\/it\\\/\",\"name\":\"hydroandme\",\"description\":\"General information on hydrocephalus\",\"potentialAction\":[{\"@type\":\"SearchAction\",\"target\":{\"@type\":\"EntryPoint\",\"urlTemplate\":\"https:\\\/\\\/hydroandme.com\\\/it\\\/?s={search_term_string}\"},\"query-input\":{\"@type\":\"PropertyValueSpecification\",\"valueRequired\":true,\"valueName\":\"search_term_string\"}}],\"inLanguage\":\"it-IT\"}]}<\/script>\n<!-- \/ Yoast SEO plugin. -->","yoast_head_json":{"title":"Pagina di esempio - hydroandme","robots":{"index":"index","follow":"follow","max-snippet":"max-snippet:-1","max-image-preview":"max-image-preview:large","max-video-preview":"max-video-preview:-1"},"canonical":"https:\/\/hydroandme.com\/it\/pagina-di-esempio\/","og_locale":"it_IT","og_type":"article","og_title":"Pagina di esempio - hydroandme","og_description":"Questa \u00e8 una pagina di esempio. \u00c8 diversa da un post di un blog perch\u00e9 resta sempre nello stesso posto e (nella maggior parte dei temi) verr\u00e0 visualizzata nel riquadro...","og_url":"https:\/\/hydroandme.com\/it\/pagina-di-esempio\/","og_site_name":"hydroandme","article_modified_time":"2022-03-15T11:47:34+00:00","twitter_card":"summary_large_image","twitter_misc":{"Tempo di lettura stimato":"1 minuto"},"schema":{"@context":"https:\/\/schema.org","@graph":[{"@type":"WebPage","@id":"https:\/\/hydroandme.com\/it\/pagina-di-esempio\/","url":"https:\/\/hydroandme.com\/it\/pagina-di-esempio\/","name":"Pagina di esempio - hydroandme","isPartOf":{"@id":"https:\/\/hydroandme.com\/it\/#website"},"datePublished":"2022-03-15T11:35:27+00:00","dateModified":"2022-03-15T11:47:34+00:00","breadcrumb":{"@id":"https:\/\/hydroandme.com\/it\/pagina-di-esempio\/#breadcrumb"},"inLanguage":"it-IT","potentialAction":[{"@type":"ReadAction","target":["https:\/\/hydroandme.com\/it\/pagina-di-esempio\/"]}]},{"@type":"BreadcrumbList","@id":"https:\/\/hydroandme.com\/it\/pagina-di-esempio\/#breadcrumb","itemListElement":[{"@type":"ListItem","position":1,"name":"Home","item":"https:\/\/hydroandme.com\/it\/"},{"@type":"ListItem","position":2,"name":"Pagina di esempio"}]},{"@type":"WebSite","@id":"https:\/\/hydroandme.com\/it\/#website","url":"https:\/\/hydroandme.com\/it\/","name":"hydroandme","description":"General information on hydrocephalus","potentialAction":[{"@type":"SearchAction","target":{"@type":"EntryPoint","urlTemplate":"https:\/\/hydroandme.com\/it\/?s={search_term_string}"},"query-input":{"@type":"PropertyValueSpecification","valueRequired":true,"valueName":"search_term_string"}}],"inLanguage":"it-IT"}]}},"jetpack_sharing_enabled":true,"_links":{"self":[{"href":"https:\/\/hydroandme.com\/it\/wp-json\/wp\/v2\/pages\/2547","targetHints":{"allow":["GET"]}}],"collection":[{"href":"https:\/\/hydroandme.com\/it\/wp-json\/wp\/v2\/pages"}],"about":[{"href":"https:\/\/hydroandme.com\/it\/wp-json\/wp\/v2\/types\/page"}],"author":[{"embeddable":true,"href":"https:\/\/hydroandme.com\/it\/wp-json\/wp\/v2\/users\/1"}],"replies":[{"embeddable":true,"href":"https:\/\/hydroandme.com\/it\/wp-json\/wp\/v2\/comments?post=2547"}],"version-history":[{"count":1,"href":"https:\/\/hydroandme.com\/it\/wp-json\/wp\/v2\/pages\/2547\/revisions"}],"predecessor-version":[{"id":2620,"href":"https:\/\/hydroandme.com\/it\/wp-json\/wp\/v2\/pages\/2547\/revisions\/2620"}],"wp:attachment":[{"href":"https:\/\/hydroandme.com\/it\/wp-json\/wp\/v2\/media?parent=2547"}],"curies":[{"name":"wp","href":"https:\/\/api.w.org\/{rel}","templated":true}]}}