{"id":2611,"date":"2022-03-15T11:38:54","date_gmt":"2022-03-15T11:38:54","guid":{"rendered":"https:\/\/hydroandme.com\/condizioni-duso\/"},"modified":"2022-12-21T17:12:09","modified_gmt":"2022-12-21T17:12:09","slug":"condizioni-duso","status":"publish","type":"page","link":"https:\/\/hydroandme.com\/it\/condizioni-duso\/","title":{"rendered":"Condizioni d\u2019uso"},"content":{"rendered":"[vc_row type=&#8221;full_width_background&#8221; full_screen_row_position=&#8221;middle&#8221; column_margin=&#8221;default&#8221; column_direction=&#8221;default&#8221; column_direction_tablet=&#8221;default&#8221; column_direction_phone=&#8221;default&#8221; scene_position=&#8221;center&#8221; text_color=&#8221;light&#8221; text_align=&#8221;left&#8221; row_border_radius=&#8221;none&#8221; row_border_radius_applies=&#8221;bg&#8221; enable_gradient=&#8221;true&#8221; color_overlay=&#8221;#ffd937&#8243; color_overlay_2=&#8221;rgba(255,217,55,0.18)&#8221; overlay_strength=&#8221;0.95&#8243; gradient_direction=&#8221;left_to_right&#8221; enable_shape_divider=&#8221;true&#8221; shape_divider_position=&#8221;bottom&#8221; shape_divider_height=&#8221;100&#8243; bg_image_animation=&#8221;none&#8221; shape_type=&#8221;curve&#8221;][vc_column column_padding=&#8221;padding-14-percent&#8221; column_padding_tablet=&#8221;inherit&#8221; column_padding_phone=&#8221;inherit&#8221; column_padding_position=&#8221;all&#8221; column_element_spacing=&#8221;default&#8221; background_color_opacity=&#8221;1&#8243; background_hover_color_opacity=&#8221;1&#8243; column_shadow=&#8221;none&#8221; column_border_radius=&#8221;none&#8221; column_link_target=&#8221;_self&#8221; gradient_direction=&#8221;left_to_right&#8221; overlay_strength=&#8221;0.3&#8243; width=&#8221;1\/1&#8243; tablet_width_inherit=&#8221;default&#8221; tablet_text_alignment=&#8221;default&#8221; phone_text_alignment=&#8221;default&#8221; bg_image_animation=&#8221;none&#8221; border_type=&#8221;simple&#8221; column_border_width=&#8221;none&#8221; column_border_style=&#8221;solid&#8221;][vc_column_text]\n<h1>Condizioni d\u2019uso<\/h1>\n[\/vc_column_text][\/vc_column][\/vc_row][vc_row type=&#8221;in_container&#8221; full_screen_row_position=&#8221;middle&#8221; column_margin=&#8221;default&#8221; column_direction=&#8221;default&#8221; column_direction_tablet=&#8221;default&#8221; column_direction_phone=&#8221;default&#8221; scene_position=&#8221;center&#8221; text_color=&#8221;dark&#8221; text_align=&#8221;left&#8221; row_border_radius=&#8221;none&#8221; row_border_radius_applies=&#8221;bg&#8221; overlay_strength=&#8221;0.3&#8243; gradient_direction=&#8221;left_to_right&#8221; shape_divider_position=&#8221;bottom&#8221; bg_image_animation=&#8221;none&#8221;][vc_column column_padding=&#8221;no-extra-padding&#8221; column_padding_tablet=&#8221;inherit&#8221; column_padding_phone=&#8221;inherit&#8221; column_padding_position=&#8221;all&#8221; column_element_spacing=&#8221;default&#8221; background_color_opacity=&#8221;1&#8243; background_hover_color_opacity=&#8221;1&#8243; column_shadow=&#8221;none&#8221; column_border_radius=&#8221;none&#8221; column_link_target=&#8221;_self&#8221; gradient_direction=&#8221;left_to_right&#8221; overlay_strength=&#8221;0.3&#8243; width=&#8221;1\/1&#8243; tablet_width_inherit=&#8221;default&#8221; tablet_text_alignment=&#8221;default&#8221; phone_text_alignment=&#8221;default&#8221; bg_image_animation=&#8221;none&#8221; border_type=&#8221;simple&#8221; column_border_width=&#8221;none&#8221; column_border_style=&#8221;solid&#8221;][vc_column_text]<strong>Destinatari del sito web<\/strong><\/p>\n<p><i>Questo sito web non \u00e8 destinato ai minori di 18 anni.<\/i><\/p>\n<p>Sei attualmente collegato al sito web di Integra dedicato alle regioni Europa, Medio Oriente e Africa.<br \/>\n<strong>LE INFORMAZIONI CONTENUTE IN QUESTO SITO WEB SONO DESTINATE SOLO AI RESIDENTI DELL\u2019EUROPA (tranne Francia), DEL MEDIO ORIENTE E DELL\u2019AFRICA.<\/strong><\/p>\n<p><strong>Editore:<\/strong><br \/>\nIntegra LifeSciences Services (Francia)<br \/>\nSoci\u00e9t\u00e9 par Actions simplifi\u00e9es au capital de 4,717,887.08 \u20ac<\/p>\n<p><b>Indirizzo<\/b><strong>:<\/strong><br \/>\nImmeuble S\u00e9quoia 2<br \/>\n97 All\u00e9e Alexandre Borodine<br \/>\nParc Technologique de la Porte des Alpes<br \/>\n69800 Saint Priest (Francia)<br \/>\nTel: +33 (0)4 37 47 59 00 \u2013 Fax: +33 (0)4 37 47 59 99<br \/>\nRCS Lyon 492 534 466<\/p>\n<p><strong>Direttore della pubblicazione:<\/strong><br \/>\n<span lang=\"FR\">Integra LifeSciences Services (Francia)<\/span><\/p>\n<p><strong>Webmaster:<\/strong><br \/>\n<span lang=\"FR\">Integra LifeSciences Services (Francia)<\/span><\/p>\n<p><strong>Site Host:<\/strong><br \/>\nSAS OVH<br \/>\n2 rue Kellermann<br \/>\n59100 Roubaix (Francia)<\/p>\n<p>L\u2019intero contenuto di questo sito Internet \u00e8 di propriet\u00e0 o controllato da Integra LifeSciences Corporation o dalle sue filiali ed \u00e8 protetto dalle leggi internazionali sul copyright. \u00c8 possibile scaricare il contenuto esclusivamente per uso personale a fini non commerciali, ma non \u00e8 consentita alcuna modifica o ulteriore riproduzione del contenuto.<br \/>\nIl contenuto non pu\u00f2 altrimenti essere copiato o utilizzato in alcun modo.<\/p>\n<p>LE INFORMAZIONI PRESENTI SUL SITO WEB, COMPRESI EVENTUALI CONSIGLI E RACCOMANDAZIONI, SONO DA INTENDERSI ESCLUSIVAMENTE COME UN SUPPORTO INFORMATIVO GENERALE. NON SONO DA INTENDERSI COME CONSIGLI MEDICI O SANITARI, O DA UTILIZZARE PER DIAGNOSI O TRATTAMENTI MEDICI IN ALCUNA SITUAZIONE INDIVIDUALE. NON SONO INOLTRE DA INTENDERSI COME UN SOSTITUTO DEI CONSIGLI E SERVIZI PROFESSIONALI RESI DA UN OPERATORE SANITARIO QUALIFICATO. CHIEDERE SEMPRE IL PARERE DEL PROPRIO MEDICO O DI UN ALTRO OPERATORE SANITARIO QUALIFICATO IN MERITO A QUALSIASI CONDIZIONE MEDICA E PRIMA DI INIZIARE QUALSIASI NUOVO TRATTAMENTO. L\u2019USO DEL SITO \u00c8 SOGGETTO ALLE DICHIARAZIONI DI NON RESPONSABILIT\u00c0 E ALLE AVVERTENZE AGGIUNTIVE CHE POSSONO APPARIRE IN TUTTO IL SITO.<\/p>\n<p>I proprietari di questo sito si impegnano a compiere ogni ragionevole sforzo per includere in questo sito Internet informazioni che siano aggiornate e accurate, ma non rilasciano alcuna dichiarazione, garanzia o assicurazione sull\u2019accuratezza, l\u2019attualit\u00e0 o la completezza delle informazioni fornite. I proprietari di questo sito non sono responsabili per eventuali danni o lesioni derivanti dall\u2019accesso o dall\u2019impossibilit\u00e0 di accedere a questo sito Internet, o dall\u2019aver fatto affidamento su una qualsiasi informazione fornita in questo sito Internet.<\/p>\n<p>Questo sito Internet pu\u00f2 fornire link o riferimenti ad altri siti, ma i proprietari di questo sito non hanno alcuna responsabilit\u00e0 per il contenuto di tali altri siti e non sono responsabili per eventuali danni o lesioni derivanti dai relativi contenuti. Tutti i link ad altri siti vengono forniti per facilitare gli utenti del presente sito Internet. Qualsiasi informazione che consente l\u2019identificazione personale nelle comunicazioni elettroniche a questo sito Internet \u00e8 regolata dalla Informativa sulla privacy di questo sito.<\/p>\n<p>I marchi di fabbrica, i marchi di servizio, i nomi commerciali, il trade dress e i prodotti di questo sito Internet sono protetti negli Stati Uniti e a livello internazionale. Non pu\u00f2 essere fatto uso degli stessi senza la previa autorizzazione scritta dei proprietari di questo sito, tranne che per identificare i prodotti o servizi dell\u2019azienda.<\/p>\n<p>Qualsiasi informazione che consente l\u2019identificazione personale nelle comunicazioni elettroniche a questo sito Internet \u00e8 regolata dalla <a href=\"https:\/\/www.integralife.com\/privacy\">Informativa sulla privacy<\/a> di questo sito. I proprietari di questo sito saranno liberi di utilizzare o copiare tutte le altre informazioni contenute in tali comunicazioni, comprese le idee, le invenzioni, i concetti, le tecniche o il know-how ivi divulgati, per qualsiasi scopo. Tali scopi possono includere la divulgazione a terzi e\/o lo sviluppo, la produzione e\/o la commercializzazione di beni o servizi.<\/p>\n<p>Il mittente di eventuali comunicazioni a questo sito Internet o comunque ai proprietari di questo sito \u00e8 responsabile del contenuto e delle informazioni ivi contenute, comprese la loro veridicit\u00e0 e accuratezza.[\/vc_column_text][\/vc_column][\/vc_row]\n","protected":false},"excerpt":{"rendered":"<p>[vc_row type=&#8221;full_width_background&#8221; full_screen_row_position=&#8221;middle&#8221; column_margin=&#8221;default&#8221; column_direction=&#8221;default&#8221; column_direction_tablet=&#8221;default&#8221; column_direction_phone=&#8221;default&#8221; scene_position=&#8221;center&#8221; text_color=&#8221;light&#8221; text_align=&#8221;left&#8221; row_border_radius=&#8221;none&#8221; row_border_radius_applies=&#8221;bg&#8221; enable_gradient=&#8221;true&#8221; color_overlay=&#8221;#ffd937&#8243; color_overlay_2=&#8221;rgba(255,217,55,0.18)&#8221; overlay_strength=&#8221;0.95&#8243; gradient_direction=&#8221;left_to_right&#8221; enable_shape_divider=&#8221;true&#8221; shape_divider_position=&#8221;bottom&#8221; shape_divider_height=&#8221;100&#8243; bg_image_animation=&#8221;none&#8221; shape_type=&#8221;curve&#8221;][vc_column column_padding=&#8221;padding-14-percent&#8221; column_padding_tablet=&#8221;inherit&#8221; column_padding_phone=&#8221;inherit&#8221; column_padding_position=&#8221;all&#8221; column_element_spacing=&#8221;default&#8221; background_color_opacity=&#8221;1&#8243; background_hover_color_opacity=&#8221;1&#8243; column_shadow=&#8221;none&#8221;&#8230;<\/p>\n","protected":false},"author":1,"featured_media":0,"parent":0,"menu_order":0,"comment_status":"closed","ping_status":"closed","template":"","meta":{"content-type":"","inline_featured_image":false,"footnotes":""},"class_list":["post-2611","page","type-page","status-publish"],"yoast_head":"<!-- This site is optimized with the Yoast SEO plugin v27.4 - https:\/\/yoast.com\/product\/yoast-seo-wordpress\/ -->\n<title>Condizioni d\u2019uso - hydroandme<\/title>\n<meta name=\"robots\" content=\"index, follow, max-snippet:-1, max-image-preview:large, max-video-preview:-1\" \/>\n<link rel=\"canonical\" href=\"https:\/\/hydroandme.com\/it\/condizioni-duso\/\" \/>\n<meta property=\"og:locale\" content=\"it_IT\" \/>\n<meta property=\"og:type\" content=\"article\" \/>\n<meta property=\"og:title\" content=\"Condizioni d\u2019uso - hydroandme\" \/>\n<meta property=\"og:description\" content=\"[vc_row type=&#8221;full_width_background&#8221; full_screen_row_position=&#8221;middle&#8221; column_margin=&#8221;default&#8221; column_direction=&#8221;default&#8221; column_direction_tablet=&#8221;default&#8221; column_direction_phone=&#8221;default&#8221; scene_position=&#8221;center&#8221; text_color=&#8221;light&#8221; text_align=&#8221;left&#8221; row_border_radius=&#8221;none&#8221; row_border_radius_applies=&#8221;bg&#8221; enable_gradient=&#8221;true&#8221; color_overlay=&#8221;#ffd937&#8243; color_overlay_2=&#8221;rgba(255,217,55,0.18)&#8221; overlay_strength=&#8221;0.95&#8243; gradient_direction=&#8221;left_to_right&#8221; enable_shape_divider=&#8221;true&#8221; shape_divider_position=&#8221;bottom&#8221; shape_divider_height=&#8221;100&#8243; bg_image_animation=&#8221;none&#8221; shape_type=&#8221;curve&#8221;][vc_column column_padding=&#8221;padding-14-percent&#8221; column_padding_tablet=&#8221;inherit&#8221; column_padding_phone=&#8221;inherit&#8221; column_padding_position=&#8221;all&#8221; column_element_spacing=&#8221;default&#8221; background_color_opacity=&#8221;1&#8243; background_hover_color_opacity=&#8221;1&#8243; column_shadow=&#8221;none&#8221;...\" \/>\n<meta property=\"og:url\" content=\"https:\/\/hydroandme.com\/it\/condizioni-duso\/\" \/>\n<meta property=\"og:site_name\" content=\"hydroandme\" \/>\n<meta property=\"article:modified_time\" content=\"2022-12-21T17:12:09+00:00\" \/>\n<meta name=\"twitter:card\" content=\"summary_large_image\" \/>\n<meta name=\"twitter:label1\" content=\"Tempo di lettura stimato\" \/>\n\t<meta name=\"twitter:data1\" content=\"5 minuti\" \/>\n<script type=\"application\/ld+json\" class=\"yoast-schema-graph\">{\"@context\":\"https:\\\/\\\/schema.org\",\"@graph\":[{\"@type\":\"WebPage\",\"@id\":\"https:\\\/\\\/hydroandme.com\\\/it\\\/condizioni-duso\\\/\",\"url\":\"https:\\\/\\\/hydroandme.com\\\/it\\\/condizioni-duso\\\/\",\"name\":\"Condizioni d\u2019uso - hydroandme\",\"isPartOf\":{\"@id\":\"https:\\\/\\\/hydroandme.com\\\/it\\\/#website\"},\"datePublished\":\"2022-03-15T11:38:54+00:00\",\"dateModified\":\"2022-12-21T17:12:09+00:00\",\"breadcrumb\":{\"@id\":\"https:\\\/\\\/hydroandme.com\\\/it\\\/condizioni-duso\\\/#breadcrumb\"},\"inLanguage\":\"it-IT\",\"potentialAction\":[{\"@type\":\"ReadAction\",\"target\":[\"https:\\\/\\\/hydroandme.com\\\/it\\\/condizioni-duso\\\/\"]}]},{\"@type\":\"BreadcrumbList\",\"@id\":\"https:\\\/\\\/hydroandme.com\\\/it\\\/condizioni-duso\\\/#breadcrumb\",\"itemListElement\":[{\"@type\":\"ListItem\",\"position\":1,\"name\":\"Home\",\"item\":\"https:\\\/\\\/hydroandme.com\\\/it\\\/\"},{\"@type\":\"ListItem\",\"position\":2,\"name\":\"Condizioni d\u2019uso\"}]},{\"@type\":\"WebSite\",\"@id\":\"https:\\\/\\\/hydroandme.com\\\/it\\\/#website\",\"url\":\"https:\\\/\\\/hydroandme.com\\\/it\\\/\",\"name\":\"hydroandme\",\"description\":\"General information on hydrocephalus\",\"potentialAction\":[{\"@type\":\"SearchAction\",\"target\":{\"@type\":\"EntryPoint\",\"urlTemplate\":\"https:\\\/\\\/hydroandme.com\\\/it\\\/?s={search_term_string}\"},\"query-input\":{\"@type\":\"PropertyValueSpecification\",\"valueRequired\":true,\"valueName\":\"search_term_string\"}}],\"inLanguage\":\"it-IT\"}]}<\/script>\n<!-- \/ Yoast SEO plugin. -->","yoast_head_json":{"title":"Condizioni d\u2019uso - hydroandme","robots":{"index":"index","follow":"follow","max-snippet":"max-snippet:-1","max-image-preview":"max-image-preview:large","max-video-preview":"max-video-preview:-1"},"canonical":"https:\/\/hydroandme.com\/it\/condizioni-duso\/","og_locale":"it_IT","og_type":"article","og_title":"Condizioni d\u2019uso - hydroandme","og_description":"[vc_row type=&#8221;full_width_background&#8221; full_screen_row_position=&#8221;middle&#8221; column_margin=&#8221;default&#8221; column_direction=&#8221;default&#8221; column_direction_tablet=&#8221;default&#8221; column_direction_phone=&#8221;default&#8221; scene_position=&#8221;center&#8221; text_color=&#8221;light&#8221; text_align=&#8221;left&#8221; row_border_radius=&#8221;none&#8221; row_border_radius_applies=&#8221;bg&#8221; enable_gradient=&#8221;true&#8221; color_overlay=&#8221;#ffd937&#8243; color_overlay_2=&#8221;rgba(255,217,55,0.18)&#8221; overlay_strength=&#8221;0.95&#8243; gradient_direction=&#8221;left_to_right&#8221; enable_shape_divider=&#8221;true&#8221; shape_divider_position=&#8221;bottom&#8221; shape_divider_height=&#8221;100&#8243; bg_image_animation=&#8221;none&#8221; shape_type=&#8221;curve&#8221;][vc_column column_padding=&#8221;padding-14-percent&#8221; column_padding_tablet=&#8221;inherit&#8221; column_padding_phone=&#8221;inherit&#8221; column_padding_position=&#8221;all&#8221; column_element_spacing=&#8221;default&#8221; background_color_opacity=&#8221;1&#8243; background_hover_color_opacity=&#8221;1&#8243; column_shadow=&#8221;none&#8221;...","og_url":"https:\/\/hydroandme.com\/it\/condizioni-duso\/","og_site_name":"hydroandme","article_modified_time":"2022-12-21T17:12:09+00:00","twitter_card":"summary_large_image","twitter_misc":{"Tempo di lettura stimato":"5 minuti"},"schema":{"@context":"https:\/\/schema.org","@graph":[{"@type":"WebPage","@id":"https:\/\/hydroandme.com\/it\/condizioni-duso\/","url":"https:\/\/hydroandme.com\/it\/condizioni-duso\/","name":"Condizioni d\u2019uso - hydroandme","isPartOf":{"@id":"https:\/\/hydroandme.com\/it\/#website"},"datePublished":"2022-03-15T11:38:54+00:00","dateModified":"2022-12-21T17:12:09+00:00","breadcrumb":{"@id":"https:\/\/hydroandme.com\/it\/condizioni-duso\/#breadcrumb"},"inLanguage":"it-IT","potentialAction":[{"@type":"ReadAction","target":["https:\/\/hydroandme.com\/it\/condizioni-duso\/"]}]},{"@type":"BreadcrumbList","@id":"https:\/\/hydroandme.com\/it\/condizioni-duso\/#breadcrumb","itemListElement":[{"@type":"ListItem","position":1,"name":"Home","item":"https:\/\/hydroandme.com\/it\/"},{"@type":"ListItem","position":2,"name":"Condizioni d\u2019uso"}]},{"@type":"WebSite","@id":"https:\/\/hydroandme.com\/it\/#website","url":"https:\/\/hydroandme.com\/it\/","name":"hydroandme","description":"General information on hydrocephalus","potentialAction":[{"@type":"SearchAction","target":{"@type":"EntryPoint","urlTemplate":"https:\/\/hydroandme.com\/it\/?s={search_term_string}"},"query-input":{"@type":"PropertyValueSpecification","valueRequired":true,"valueName":"search_term_string"}}],"inLanguage":"it-IT"}]}},"jetpack_sharing_enabled":true,"_links":{"self":[{"href":"https:\/\/hydroandme.com\/it\/wp-json\/wp\/v2\/pages\/2611","targetHints":{"allow":["GET"]}}],"collection":[{"href":"https:\/\/hydroandme.com\/it\/wp-json\/wp\/v2\/pages"}],"about":[{"href":"https:\/\/hydroandme.com\/it\/wp-json\/wp\/v2\/types\/page"}],"author":[{"embeddable":true,"href":"https:\/\/hydroandme.com\/it\/wp-json\/wp\/v2\/users\/1"}],"replies":[{"embeddable":true,"href":"https:\/\/hydroandme.com\/it\/wp-json\/wp\/v2\/comments?post=2611"}],"version-history":[{"count":12,"href":"https:\/\/hydroandme.com\/it\/wp-json\/wp\/v2\/pages\/2611\/revisions"}],"predecessor-version":[{"id":3702,"href":"https:\/\/hydroandme.com\/it\/wp-json\/wp\/v2\/pages\/2611\/revisions\/3702"}],"wp:attachment":[{"href":"https:\/\/hydroandme.com\/it\/wp-json\/wp\/v2\/media?parent=2611"}],"curies":[{"name":"wp","href":"https:\/\/api.w.org\/{rel}","templated":true}]}}