{"id":2869,"date":"2022-03-31T11:31:39","date_gmt":"2022-03-31T11:31:39","guid":{"rendered":"https:\/\/hydroandme.com\/glossario\/"},"modified":"2022-09-14T09:52:26","modified_gmt":"2022-09-14T09:52:26","slug":"glossario","status":"publish","type":"page","link":"https:\/\/hydroandme.com\/it\/glossario\/","title":{"rendered":"Glossario"},"content":{"rendered":"[vc_row type=&#8221;full_width_background&#8221; full_screen_row_position=&#8221;middle&#8221; column_margin=&#8221;default&#8221; column_direction=&#8221;default&#8221; column_direction_tablet=&#8221;default&#8221; column_direction_phone=&#8221;default&#8221; bg_color=&#8221;#ffd937&#8243; scene_position=&#8221;center&#8221; text_color=&#8221;dark&#8221; text_align=&#8221;left&#8221; row_border_radius=&#8221;none&#8221; row_border_radius_applies=&#8221;bg&#8221; overlay_strength=&#8221;0.3&#8243; gradient_direction=&#8221;left_to_right&#8221; enable_shape_divider=&#8221;true&#8221; shape_divider_color=&#8221;#ffffff&#8221; shape_divider_position=&#8221;bottom&#8221; shape_divider_height=&#8221;100&#8243; bg_image_animation=&#8221;none&#8221; shape_type=&#8221;curve&#8221;][vc_column column_padding=&#8221;padding-10-percent&#8221; column_padding_tablet=&#8221;inherit&#8221; column_padding_phone=&#8221;inherit&#8221; column_padding_position=&#8221;all&#8221; column_element_spacing=&#8221;default&#8221; background_color_opacity=&#8221;1&#8243; background_hover_color_opacity=&#8221;1&#8243; column_shadow=&#8221;none&#8221; column_border_radius=&#8221;none&#8221; column_link_target=&#8221;_self&#8221; gradient_direction=&#8221;left_to_right&#8221; overlay_strength=&#8221;0.3&#8243; width=&#8221;1\/1&#8243; tablet_width_inherit=&#8221;default&#8221; tablet_text_alignment=&#8221;default&#8221; phone_text_alignment=&#8221;default&#8221; bg_image_animation=&#8221;none&#8221; border_type=&#8221;simple&#8221; column_border_width=&#8221;none&#8221; column_border_style=&#8221;solid&#8221;][vc_column_text]\n<h1>Dizionario<\/h1>\n[\/vc_column_text][\/vc_column][\/vc_row][vc_row type=&#8221;in_container&#8221; full_screen_row_position=&#8221;middle&#8221; column_margin=&#8221;default&#8221; column_direction=&#8221;default&#8221; column_direction_tablet=&#8221;default&#8221; column_direction_phone=&#8221;default&#8221; scene_position=&#8221;center&#8221; text_color=&#8221;dark&#8221; text_align=&#8221;left&#8221; row_border_radius=&#8221;none&#8221; row_border_radius_applies=&#8221;bg&#8221; overlay_strength=&#8221;0.3&#8243; gradient_direction=&#8221;left_to_right&#8221; shape_divider_position=&#8221;bottom&#8221; bg_image_animation=&#8221;none&#8221;][vc_column column_padding=&#8221;no-extra-padding&#8221; column_padding_tablet=&#8221;inherit&#8221; column_padding_phone=&#8221;inherit&#8221; column_padding_position=&#8221;all&#8221; column_element_spacing=&#8221;default&#8221; background_color_opacity=&#8221;1&#8243; background_hover_color_opacity=&#8221;1&#8243; column_shadow=&#8221;none&#8221; column_border_radius=&#8221;none&#8221; column_link_target=&#8221;_self&#8221; gradient_direction=&#8221;left_to_right&#8221; overlay_strength=&#8221;0.3&#8243; width=&#8221;1\/1&#8243; tablet_width_inherit=&#8221;default&#8221; tablet_text_alignment=&#8221;default&#8221; phone_text_alignment=&#8221;default&#8221; bg_image_animation=&#8221;none&#8221; border_type=&#8221;simple&#8221; column_border_width=&#8221;none&#8221; column_border_style=&#8221;solid&#8221;][nectar_global_section id=&#8221;364&#8243;][\/vc_column][\/vc_row][vc_row type=&#8221;in_container&#8221; full_screen_row_position=&#8221;middle&#8221; column_margin=&#8221;default&#8221; column_direction=&#8221;default&#8221; column_direction_tablet=&#8221;default&#8221; column_direction_phone=&#8221;default&#8221; scene_position=&#8221;center&#8221; text_color=&#8221;dark&#8221; text_align=&#8221;left&#8221; row_border_radius=&#8221;none&#8221; row_border_radius_applies=&#8221;bg&#8221; overlay_strength=&#8221;0.3&#8243; gradient_direction=&#8221;left_to_right&#8221; shape_divider_position=&#8221;bottom&#8221; bg_image_animation=&#8221;none&#8221;][vc_column column_padding=&#8221;padding-3-percent&#8221; column_padding_tablet=&#8221;inherit&#8221; column_padding_phone=&#8221;inherit&#8221; column_padding_position=&#8221;all&#8221; column_element_spacing=&#8221;default&#8221; background_color_opacity=&#8221;1&#8243; background_hover_color_opacity=&#8221;1&#8243; column_shadow=&#8221;none&#8221; column_border_radius=&#8221;none&#8221; column_link_target=&#8221;_self&#8221; gradient_direction=&#8221;left_to_right&#8221; overlay_strength=&#8221;0.3&#8243; width=&#8221;1\/6&#8243; tablet_width_inherit=&#8221;default&#8221; tablet_text_alignment=&#8221;default&#8221; phone_text_alignment=&#8221;default&#8221; bg_image_animation=&#8221;none&#8221; border_type=&#8221;simple&#8221; column_border_width=&#8221;none&#8221; column_border_style=&#8221;solid&#8221;][\/vc_column][vc_column column_padding=&#8221;no-extra-padding&#8221; column_padding_tablet=&#8221;inherit&#8221; column_padding_phone=&#8221;inherit&#8221; column_padding_position=&#8221;all&#8221; column_element_spacing=&#8221;default&#8221; background_color_opacity=&#8221;1&#8243; background_hover_color_opacity=&#8221;1&#8243; column_shadow=&#8221;none&#8221; column_border_radius=&#8221;none&#8221; column_link_target=&#8221;_self&#8221; gradient_direction=&#8221;left_to_right&#8221; overlay_strength=&#8221;0.3&#8243; width=&#8221;2\/3&#8243; tablet_width_inherit=&#8221;default&#8221; tablet_text_alignment=&#8221;default&#8221; phone_text_alignment=&#8221;default&#8221; bg_image_animation=&#8221;none&#8221; border_type=&#8221;simple&#8221; column_border_width=&#8221;none&#8221; column_border_style=&#8221;solid&#8221;][vc_column_text]\n<h1>A<\/h1>\n<hr \/>\n<h4>Anestesista<\/h4>\n<p>Operatore sanitario che fornisce e controlla l\u2019anestesia somministrata durante un intervento chirurgico per assicurarsi che la persona sottoposta a intervento chirurgico non senta alcun dolore durante l\u2019intervento.<\/p>\n<h4>Antibiotici<\/h4>\n<p>Gli antibiotici, noti anche come antibatterici, sono farmaci che distruggono i batteri o ne rallentano la crescita. Comprendono una serie di farmaci potenti e vengono utilizzati per trattare le malattie causate dai batteri. Gli antibiotici non sono in grado di curare le infezioni virali, come il raffreddore, l\u2019influenza e la maggior parte delle tossi.<\/p>\n<h4>Atrio<\/h4>\n<p>Una delle due camere superiori del cuore.<\/p>\n<h1>C<\/h1>\n<hr \/>\n<h4>Catetere<\/h4>\n<p>Tubo di silicone utilizzato per deviare e drenare l\u2019LCR.<\/p>\n<h4>Compliance cerebrale<\/h4>\n<p>La compliance cerebrale descrive la capacit\u00e0 del cervello di sopportare aumenti di volume all\u2019interno del cranio evitando un aumento della pressione intracranica (PIC) mantenendo un\u2019ossigenazione adeguata.<\/p>\n<h1>D<\/h1>\n<hr \/>\n<h4>Derivazione<\/h4>\n<p>Dispositivo medico impiantato composto da cateteri e da una valvola per controllare il drenaggio dell\u2019LCR in eccesso che fuoriesce dai ventricoli<\/p>\n<p>Una derivazione \u00e8 composta da tre componenti principali:<\/p>\n<ul>\n<li>Un catetere in entrata o prossimalei, che drena l\u2019LCR dai ventricoli laterali. Questo catetere esce dal cervello attraverso un piccolo foro praticato nel cranio e poi corre per una breve distanza sotto la pelle.<\/li>\n<li>Un meccanismo a valvola, che regola la pressione intracranica controllando il flusso del fluido attraverso il catetere della derivazione. Questo dispositivo \u00e8 collegato al catetere prossimale e si trova tra la pelle e il cranio, di solito sulla parte superiore o posteriore della testa o appena dietro l\u2019orecchio. Le valvole si attivano all\u2019interno di un intervallo di pressione specifico. Esistono molti tipi di valvole e produttori di derivazioni. Il medico determina il tipo di valvola pi\u00f9 adatto in base alla sua esperienza, alle sue preferenze e alle esigenze del paziente.<\/li>\n<li>Un catetere di deflusso o distale, che passa sotto la pelle e porta l\u2019LCR dalla valvola alla cavit\u00e0 addominale (peritoneale), al cuore o a un altro sito di drenaggio adatto.<\/li>\n<\/ul>\n<h4>Drenaggio ventricolare esterno (DVE)<\/h4>\n<p>Sistema temporaneo che permette il drenaggio del liquido cefalorachidiano (LCR) dai ventricoli a un sistema esterno chiuso.<\/p>\n<h4>Dura madre<\/h4>\n<p>La dura madre viene a volte chiamata pachimeninge. \u00c8 uno degli strati di tessuto connettivo che compongono le meningi del cervello (pia madre, aracnoide e dura madre, dall\u2019interno all\u2019esterno). \u00c8 lo strato pi\u00f9 esterno delle tre meningi che circondano e proteggono il cervello e il midollo spinale. La dura madre \u00e8 composta da fibroblasti e da grandi quantit\u00e0 di collagene extracellulare.<\/p>\n<h1>E<\/h1>\n<hr \/>\n<h4>Elettrocardiogramma (ECG)<\/h4>\n<p>Dispositivo utilizzato per monitorare la frequenza cardiaca di una persona.<\/p>\n<h1>G<\/h1>\n<hr \/>\n<h4>Gravitazione<\/h4>\n<p>La gravit\u00e0, detta anche gravitazione \u00e8, in meccanica, la forza universale di attrazione che agisce sulla materia. Sulla Terra tutti i corpi hanno un peso o forza di gravit\u00e0 che li spinge verso il basso; tale forza \u00e8 proporzionale alla loro massa ed \u00e8 dovuta all\u2019attrazione che la Terra esercita su di essi. La gravit\u00e0 \u00e8 data dall\u2019accelerazione che d\u00e0 agli oggetti in caduta libera.<\/p>\n<h1>I<\/h1>\n<hr \/>\n<h4>Idrocefalo<\/h4>\n<p>Condizione in cui nei ventricoli e lungo il percorso dell\u2019LCR \u00e8 presente una quantit\u00e0 eccessiva di LCR.<\/p>\n<p>Questa condizione pu\u00f2 verificarsi quando il tasso di produzione di LCR supera il tasso di assorbimento, o quando il percorso dell\u2019LCR \u00e8 bloccato.<\/p>\n<p>Il risultato \u00e8 un eccesso di fluido e un aumento di pressione nel cranio.<\/p>\n<h4>Tipi di idrocefalo<\/h4>\n<ul>\n<li>Idrocefalo congenito: idrocefalo che si sviluppa nei bambini prima della nascita<\/li>\n<li>Idrocefalo acquisito: idrocefalo che si sviluppa dopo la nascita e che pu\u00f2 colpire bambini e adulti.<\/li>\n<li>Idrocefalo normoteso (NPH): idrocefalo che colpisce persone anziane e che non causa un aumento della pressione intracranica.<\/li>\n<li>Comunicante\/Non comunicante: comunicante e non comunicante sono altri due termini utilizzati a volta dei medici per descrivere l\u2019idrocefalo. Si riferiscono al punto in cui il liquido cefalorachidiano (LCR) si blocca.<\/li>\n<\/ul>\n<h4>Idrocefalo acquisito<\/h4>\n<p>Idrocefalo che si verifica dopo la nascita, a causa di patologia o incidente.<\/p>\n<h4>Idrocefalo comunicante<\/h4>\n<p>Idrocefalo causato da sovrapproduzione e\/o ridotto assorbimento dell\u2019LCR con vie ventricolari non ostruite.<\/p>\n<h4>Idrocefalo comunicante<\/h4>\n<p>Si verifica quando il flusso del liquido cefalorachidiano (LCR) si blocca dopo la sua uscita dai ventricoli.<\/p>\n<h4>Idrocefalo congenito<\/h4>\n<p>Idrocefalo causato da condizioni esistenti alla nascita.<\/p>\n<h4>Impostazioni di pressione<\/h4>\n<p>Valvole dei sistemi di shunt che permettono il drenaggio dell\u2019LCR quando l\u2019accumulo di LCR all\u2019interno del sistema nervoso centrale crea una pressione sufficiente a superare la pressione di apertura della valvola cos\u00ec da avviare il drenaggio del liquido in eccesso. Questa pressione ha diversi livelli o impostazioni.<\/p>\n<h1>L<\/h1>\n<hr \/>\n<p>La dura madre \u00e8 una membrana spessa che fa parte delle meningi, \u00e8 fatta di tessuto denso e circonda il cervello e il midollo spinale. Protegge il sistema nervoso centrale e ospita il liquido cefalorachidiano.<\/p>\n<h4>Liquido cefalorachidiano (LCR)<\/h4>\n<p>Fluido acquoso presente all\u2019interno del cervello e del midollo spinale.<\/p>\n<p>L\u2019idrocefalo non comunicante, noto anche come idrocefalo ostruttivo, si verifica quando il flusso di LCR si blocca lungo uno o pi\u00f9 degli stretti passaggi che collegano i ventricoli.<\/p>\n<h1>M<\/h1>\n<hr \/>\n<h4>Malfunzionamento meccanico<\/h4>\n<p>Un malfunzionamento dello shunt \u00e8 un blocco parziale o completo (ostruzione) dello shunt che ne causa il funzionamento intermittente o il mancato funzionamento. Quando si verifica un blocco, il liquido cefalorachidiano (LCR) si accumula e pu\u00f2 provocare i sintomi dell\u2019idrocefalo non trattato.<\/p>\n<h4>Meningite<\/h4>\n<p>Infezione delle membrane protettive che coprono il midollo spinale e il cervello.<\/p>\n<h4>Mielomeningocele<\/h4>\n<p>Forma di spina bifida in cui una parte del midollo spinale della persona protrude dalla schiena.<\/p>\n<h1>P<\/h1>\n<hr \/>\n<h4>Peritoneo<\/h4>\n<p>Doppio strato di tessuto che riveste le pareti dell\u2019addome e del bacino e circonda gli organi in essi contenuti.<\/p>\n<h4>Plesso coroideo<\/h4>\n<p>\u00c8 una membrana vascolare multilobata, proiettata nei ventricoli cerebrali, che secerne il liquido cefalorachidiano.<\/p>\n<h4>Pressione intracranica<\/h4>\n<p>La pressione intracranica (PIC) \u00e8 la pressione esercitata da fluidi come il liquido cefalorachidiano (LCR) all\u2019interno del cranio e sul tessuto cerebrale. La PIC si misura in millimetri di mercurio (mmHg) e, a riposo, \u00e8 normalmente pari a 7\u201315 mmHg per un adulto in posizione supina.<\/p>\n<h4>Pulsossimetro<\/h4>\n<p>Dispositivo utilizzato per misurare la quantit\u00e0 di ossigeno nel sangue di una persona.<\/p>\n<h1>R<\/h1>\n<hr \/>\n<h4>Revisione<\/h4>\n<p>Uno shunt cerebrale creato artificialmente e che non funziona correttamente dovr\u00e0 essere sostituito in parte o del tutto. L\u2019obiettivo della revisione dello shunt \u00e8 quello di riaprire lo shunt per consentire il deflusso dell\u2019LCR.<\/p>\n<h4>Riprogrammazione<\/h4>\n<p>Regolazione non invasiva della pressione di apertura di una\u00a0valvola impiantata. Questa viene effettuata tramite un dispositivo portatile posto al di sopra o in prossimit\u00e0 della\u00a0pelle sopra il sito della valvola shunt impiantata.<\/p>\n<h4>RM<\/h4>\n<p>Risonanza magnetica a raggi x: \u00e8 un tipo di scansione che utilizza forti campi magnetici e onde radio per produrre immagini e misurazioni dettagliate dell\u2019interno del corpo.<\/p>\n<h1>T<\/h1>\n<hr \/>\n<h4>TAC<\/h4>\n<p>Scansione tomografica computerizzata: combinazione elaborate al computer di pi\u00f9 misurazioni effettuate tramite raggi X.<\/p>\n<h1>V<\/h1>\n<hr \/>\n<h4>Valvola<\/h4>\n<p>Una derivazione \u00e8 solitamente composta da due cateteri e una valvola unidirezionale. La valvola regola la quantit\u00e0, la direzione del flusso e la pressione del liquido cefalorachidiano in uscita dai ventricoli del cervello.<\/p>\n<h4>Ventricolo<\/h4>\n<p>Il sistema ventricolare \u00e8 un insieme di cavit\u00e0 comunicanti all\u2019interno del cervello. Queste strutture sono responsabili della produzione, del trasporto e della rimozione del liquido cefalorachidiano, che irrora il sistema nervoso centrale.<\/p>\n<h4>Ventricolostomia<\/h4>\n<p>La ventricolostomia \u00e8 una procedura neurochirurgica che comporta la creazione di un foro (stoma) all\u2019interno di un ventricolo cerebrale per garantire il drenaggio. \u00c8 una procedura comunemente eseguita sulle persone affette da idrocefalo. Si esegue penetrando chirurgicamente il cranio, la dura madre e il cervello in modo che sia possibile accedere al ventricolo del cervello.[\/vc_column_text][\/vc_column][vc_column column_padding=&#8221;no-extra-padding&#8221; column_padding_tablet=&#8221;inherit&#8221; column_padding_phone=&#8221;inherit&#8221; column_padding_position=&#8221;all&#8221; column_element_spacing=&#8221;default&#8221; background_color_opacity=&#8221;1&#8243; background_hover_color_opacity=&#8221;1&#8243; column_shadow=&#8221;none&#8221; column_border_radius=&#8221;none&#8221; column_link_target=&#8221;_self&#8221; gradient_direction=&#8221;left_to_right&#8221; overlay_strength=&#8221;0.3&#8243; width=&#8221;1\/6&#8243; tablet_width_inherit=&#8221;default&#8221; tablet_text_alignment=&#8221;default&#8221; phone_text_alignment=&#8221;default&#8221; bg_image_animation=&#8221;none&#8221; border_type=&#8221;simple&#8221; column_border_width=&#8221;none&#8221; column_border_style=&#8221;solid&#8221;][\/vc_column][\/vc_row]\n","protected":false},"excerpt":{"rendered":"<p>[vc_row type=&#8221;full_width_background&#8221; full_screen_row_position=&#8221;middle&#8221; column_margin=&#8221;default&#8221; column_direction=&#8221;default&#8221; column_direction_tablet=&#8221;default&#8221; column_direction_phone=&#8221;default&#8221; bg_color=&#8221;#ffd937&#8243; scene_position=&#8221;center&#8221; text_color=&#8221;dark&#8221; text_align=&#8221;left&#8221; row_border_radius=&#8221;none&#8221; row_border_radius_applies=&#8221;bg&#8221; overlay_strength=&#8221;0.3&#8243; gradient_direction=&#8221;left_to_right&#8221; enable_shape_divider=&#8221;true&#8221; shape_divider_color=&#8221;#ffffff&#8221; shape_divider_position=&#8221;bottom&#8221; shape_divider_height=&#8221;100&#8243; bg_image_animation=&#8221;none&#8221; shape_type=&#8221;curve&#8221;][vc_column column_padding=&#8221;padding-10-percent&#8221; column_padding_tablet=&#8221;inherit&#8221; column_padding_phone=&#8221;inherit&#8221; column_padding_position=&#8221;all&#8221; column_element_spacing=&#8221;default&#8221; background_color_opacity=&#8221;1&#8243; background_hover_color_opacity=&#8221;1&#8243; column_shadow=&#8221;none&#8221; column_border_radius=&#8221;none&#8221;&#8230;<\/p>\n","protected":false},"author":1,"featured_media":0,"parent":0,"menu_order":0,"comment_status":"closed","ping_status":"closed","template":"","meta":{"content-type":"","inline_featured_image":false,"footnotes":""},"class_list":["post-2869","page","type-page","status-publish"],"yoast_head":"<!-- This site is optimized with the Yoast SEO plugin v27.4 - https:\/\/yoast.com\/product\/yoast-seo-wordpress\/ -->\n<title>Glossario - hydroandme<\/title>\n<meta name=\"robots\" content=\"index, follow, max-snippet:-1, max-image-preview:large, max-video-preview:-1\" \/>\n<link rel=\"canonical\" href=\"https:\/\/hydroandme.com\/it\/glossario\/\" \/>\n<meta property=\"og:locale\" content=\"it_IT\" \/>\n<meta property=\"og:type\" content=\"article\" \/>\n<meta property=\"og:title\" content=\"Glossario - hydroandme\" \/>\n<meta property=\"og:description\" content=\"[vc_row type=&#8221;full_width_background&#8221; full_screen_row_position=&#8221;middle&#8221; column_margin=&#8221;default&#8221; column_direction=&#8221;default&#8221; column_direction_tablet=&#8221;default&#8221; column_direction_phone=&#8221;default&#8221; bg_color=&#8221;#ffd937&#8243; scene_position=&#8221;center&#8221; text_color=&#8221;dark&#8221; text_align=&#8221;left&#8221; row_border_radius=&#8221;none&#8221; row_border_radius_applies=&#8221;bg&#8221; overlay_strength=&#8221;0.3&#8243; gradient_direction=&#8221;left_to_right&#8221; enable_shape_divider=&#8221;true&#8221; shape_divider_color=&#8221;#ffffff&#8221; shape_divider_position=&#8221;bottom&#8221; shape_divider_height=&#8221;100&#8243; bg_image_animation=&#8221;none&#8221; shape_type=&#8221;curve&#8221;][vc_column column_padding=&#8221;padding-10-percent&#8221; column_padding_tablet=&#8221;inherit&#8221; column_padding_phone=&#8221;inherit&#8221; column_padding_position=&#8221;all&#8221; column_element_spacing=&#8221;default&#8221; background_color_opacity=&#8221;1&#8243; background_hover_color_opacity=&#8221;1&#8243; column_shadow=&#8221;none&#8221; column_border_radius=&#8221;none&#8221;...\" \/>\n<meta property=\"og:url\" content=\"https:\/\/hydroandme.com\/it\/glossario\/\" \/>\n<meta property=\"og:site_name\" content=\"hydroandme\" \/>\n<meta property=\"article:modified_time\" content=\"2022-09-14T09:52:26+00:00\" \/>\n<meta name=\"twitter:card\" content=\"summary_large_image\" \/>\n<meta name=\"twitter:label1\" content=\"Tempo di lettura stimato\" \/>\n\t<meta name=\"twitter:data1\" content=\"6 minuti\" \/>\n<script type=\"application\/ld+json\" class=\"yoast-schema-graph\">{\"@context\":\"https:\\\/\\\/schema.org\",\"@graph\":[{\"@type\":\"WebPage\",\"@id\":\"https:\\\/\\\/hydroandme.com\\\/it\\\/glossario\\\/\",\"url\":\"https:\\\/\\\/hydroandme.com\\\/it\\\/glossario\\\/\",\"name\":\"Glossario - hydroandme\",\"isPartOf\":{\"@id\":\"https:\\\/\\\/hydroandme.com\\\/it\\\/#website\"},\"datePublished\":\"2022-03-31T11:31:39+00:00\",\"dateModified\":\"2022-09-14T09:52:26+00:00\",\"breadcrumb\":{\"@id\":\"https:\\\/\\\/hydroandme.com\\\/it\\\/glossario\\\/#breadcrumb\"},\"inLanguage\":\"it-IT\",\"potentialAction\":[{\"@type\":\"ReadAction\",\"target\":[\"https:\\\/\\\/hydroandme.com\\\/it\\\/glossario\\\/\"]}]},{\"@type\":\"BreadcrumbList\",\"@id\":\"https:\\\/\\\/hydroandme.com\\\/it\\\/glossario\\\/#breadcrumb\",\"itemListElement\":[{\"@type\":\"ListItem\",\"position\":1,\"name\":\"Home\",\"item\":\"https:\\\/\\\/hydroandme.com\\\/it\\\/\"},{\"@type\":\"ListItem\",\"position\":2,\"name\":\"Glossario\"}]},{\"@type\":\"WebSite\",\"@id\":\"https:\\\/\\\/hydroandme.com\\\/it\\\/#website\",\"url\":\"https:\\\/\\\/hydroandme.com\\\/it\\\/\",\"name\":\"hydroandme\",\"description\":\"General information on hydrocephalus\",\"potentialAction\":[{\"@type\":\"SearchAction\",\"target\":{\"@type\":\"EntryPoint\",\"urlTemplate\":\"https:\\\/\\\/hydroandme.com\\\/it\\\/?s={search_term_string}\"},\"query-input\":{\"@type\":\"PropertyValueSpecification\",\"valueRequired\":true,\"valueName\":\"search_term_string\"}}],\"inLanguage\":\"it-IT\"}]}<\/script>\n<!-- \/ Yoast SEO plugin. -->","yoast_head_json":{"title":"Glossario - hydroandme","robots":{"index":"index","follow":"follow","max-snippet":"max-snippet:-1","max-image-preview":"max-image-preview:large","max-video-preview":"max-video-preview:-1"},"canonical":"https:\/\/hydroandme.com\/it\/glossario\/","og_locale":"it_IT","og_type":"article","og_title":"Glossario - hydroandme","og_description":"[vc_row type=&#8221;full_width_background&#8221; full_screen_row_position=&#8221;middle&#8221; column_margin=&#8221;default&#8221; column_direction=&#8221;default&#8221; column_direction_tablet=&#8221;default&#8221; column_direction_phone=&#8221;default&#8221; bg_color=&#8221;#ffd937&#8243; scene_position=&#8221;center&#8221; text_color=&#8221;dark&#8221; text_align=&#8221;left&#8221; row_border_radius=&#8221;none&#8221; row_border_radius_applies=&#8221;bg&#8221; overlay_strength=&#8221;0.3&#8243; gradient_direction=&#8221;left_to_right&#8221; enable_shape_divider=&#8221;true&#8221; shape_divider_color=&#8221;#ffffff&#8221; shape_divider_position=&#8221;bottom&#8221; shape_divider_height=&#8221;100&#8243; bg_image_animation=&#8221;none&#8221; shape_type=&#8221;curve&#8221;][vc_column column_padding=&#8221;padding-10-percent&#8221; column_padding_tablet=&#8221;inherit&#8221; column_padding_phone=&#8221;inherit&#8221; column_padding_position=&#8221;all&#8221; column_element_spacing=&#8221;default&#8221; background_color_opacity=&#8221;1&#8243; background_hover_color_opacity=&#8221;1&#8243; column_shadow=&#8221;none&#8221; column_border_radius=&#8221;none&#8221;...","og_url":"https:\/\/hydroandme.com\/it\/glossario\/","og_site_name":"hydroandme","article_modified_time":"2022-09-14T09:52:26+00:00","twitter_card":"summary_large_image","twitter_misc":{"Tempo di lettura stimato":"6 minuti"},"schema":{"@context":"https:\/\/schema.org","@graph":[{"@type":"WebPage","@id":"https:\/\/hydroandme.com\/it\/glossario\/","url":"https:\/\/hydroandme.com\/it\/glossario\/","name":"Glossario - hydroandme","isPartOf":{"@id":"https:\/\/hydroandme.com\/it\/#website"},"datePublished":"2022-03-31T11:31:39+00:00","dateModified":"2022-09-14T09:52:26+00:00","breadcrumb":{"@id":"https:\/\/hydroandme.com\/it\/glossario\/#breadcrumb"},"inLanguage":"it-IT","potentialAction":[{"@type":"ReadAction","target":["https:\/\/hydroandme.com\/it\/glossario\/"]}]},{"@type":"BreadcrumbList","@id":"https:\/\/hydroandme.com\/it\/glossario\/#breadcrumb","itemListElement":[{"@type":"ListItem","position":1,"name":"Home","item":"https:\/\/hydroandme.com\/it\/"},{"@type":"ListItem","position":2,"name":"Glossario"}]},{"@type":"WebSite","@id":"https:\/\/hydroandme.com\/it\/#website","url":"https:\/\/hydroandme.com\/it\/","name":"hydroandme","description":"General information on hydrocephalus","potentialAction":[{"@type":"SearchAction","target":{"@type":"EntryPoint","urlTemplate":"https:\/\/hydroandme.com\/it\/?s={search_term_string}"},"query-input":{"@type":"PropertyValueSpecification","valueRequired":true,"valueName":"search_term_string"}}],"inLanguage":"it-IT"}]}},"jetpack_sharing_enabled":true,"_links":{"self":[{"href":"https:\/\/hydroandme.com\/it\/wp-json\/wp\/v2\/pages\/2869","targetHints":{"allow":["GET"]}}],"collection":[{"href":"https:\/\/hydroandme.com\/it\/wp-json\/wp\/v2\/pages"}],"about":[{"href":"https:\/\/hydroandme.com\/it\/wp-json\/wp\/v2\/types\/page"}],"author":[{"embeddable":true,"href":"https:\/\/hydroandme.com\/it\/wp-json\/wp\/v2\/users\/1"}],"replies":[{"embeddable":true,"href":"https:\/\/hydroandme.com\/it\/wp-json\/wp\/v2\/comments?post=2869"}],"version-history":[{"count":4,"href":"https:\/\/hydroandme.com\/it\/wp-json\/wp\/v2\/pages\/2869\/revisions"}],"predecessor-version":[{"id":3619,"href":"https:\/\/hydroandme.com\/it\/wp-json\/wp\/v2\/pages\/2869\/revisions\/3619"}],"wp:attachment":[{"href":"https:\/\/hydroandme.com\/it\/wp-json\/wp\/v2\/media?parent=2869"}],"curies":[{"name":"wp","href":"https:\/\/api.w.org\/{rel}","templated":true}]}}