{"id":1645,"date":"2022-01-26T11:22:25","date_gmt":"2022-01-26T11:22:25","guid":{"rendered":"https:\/\/hydroandme.com\/gebruiksvoorwaarden\/"},"modified":"2022-01-26T11:29:18","modified_gmt":"2022-01-26T11:29:18","slug":"gebruiksvoorwaarden","status":"publish","type":"page","link":"https:\/\/hydroandme.com\/nl\/gebruiksvoorwaarden\/","title":{"rendered":"Gebruiksvoorwaarden"},"content":{"rendered":"[vc_row type=&#8221;full_width_background&#8221; full_screen_row_position=&#8221;middle&#8221; column_margin=&#8221;default&#8221; column_direction=&#8221;default&#8221; column_direction_tablet=&#8221;default&#8221; column_direction_phone=&#8221;default&#8221; scene_position=&#8221;center&#8221; text_color=&#8221;light&#8221; text_align=&#8221;left&#8221; row_border_radius=&#8221;none&#8221; row_border_radius_applies=&#8221;bg&#8221; enable_gradient=&#8221;true&#8221; color_overlay=&#8221;#ffd937&#8243; color_overlay_2=&#8221;rgba(255,217,55,0.18)&#8221; overlay_strength=&#8221;0.95&#8243; gradient_direction=&#8221;left_to_right&#8221; enable_shape_divider=&#8221;true&#8221; shape_divider_position=&#8221;bottom&#8221; shape_divider_height=&#8221;100&#8243; bg_image_animation=&#8221;none&#8221; shape_type=&#8221;curve&#8221;][vc_column column_padding=&#8221;padding-14-percent&#8221; column_padding_tablet=&#8221;inherit&#8221; column_padding_phone=&#8221;inherit&#8221; column_padding_position=&#8221;all&#8221; column_element_spacing=&#8221;default&#8221; background_color_opacity=&#8221;1&#8243; background_hover_color_opacity=&#8221;1&#8243; column_shadow=&#8221;none&#8221; column_border_radius=&#8221;none&#8221; column_link_target=&#8221;_self&#8221; gradient_direction=&#8221;left_to_right&#8221; overlay_strength=&#8221;0.3&#8243; width=&#8221;1\/1&#8243; tablet_width_inherit=&#8221;default&#8221; tablet_text_alignment=&#8221;default&#8221; phone_text_alignment=&#8221;default&#8221; bg_image_animation=&#8221;none&#8221; border_type=&#8221;simple&#8221; column_border_width=&#8221;none&#8221; column_border_style=&#8221;solid&#8221;][vc_column_text]\n<h1>Gebruiksvoorwaarden<\/h1>\n[\/vc_column_text][\/vc_column][\/vc_row][vc_row type=&#8221;in_container&#8221; full_screen_row_position=&#8221;middle&#8221; column_margin=&#8221;default&#8221; column_direction=&#8221;default&#8221; column_direction_tablet=&#8221;default&#8221; column_direction_phone=&#8221;default&#8221; scene_position=&#8221;center&#8221; text_color=&#8221;dark&#8221; text_align=&#8221;left&#8221; row_border_radius=&#8221;none&#8221; row_border_radius_applies=&#8221;bg&#8221; overlay_strength=&#8221;0.3&#8243; gradient_direction=&#8221;left_to_right&#8221; shape_divider_position=&#8221;bottom&#8221; bg_image_animation=&#8221;none&#8221;][vc_column column_padding=&#8221;no-extra-padding&#8221; column_padding_tablet=&#8221;inherit&#8221; column_padding_phone=&#8221;inherit&#8221; column_padding_position=&#8221;all&#8221; column_element_spacing=&#8221;default&#8221; background_color_opacity=&#8221;1&#8243; background_hover_color_opacity=&#8221;1&#8243; column_shadow=&#8221;none&#8221; column_border_radius=&#8221;none&#8221; column_link_target=&#8221;_self&#8221; gradient_direction=&#8221;left_to_right&#8221; overlay_strength=&#8221;0.3&#8243; width=&#8221;1\/1&#8243; tablet_width_inherit=&#8221;default&#8221; tablet_text_alignment=&#8221;default&#8221; phone_text_alignment=&#8221;default&#8221; bg_image_animation=&#8221;none&#8221; border_type=&#8221;simple&#8221; column_border_width=&#8221;none&#8221; column_border_style=&#8221;solid&#8221;][vc_column_text]<strong>Doelgroep van deze website<\/strong><\/p>\n<p><i>Deze website is niet bedoeld voor personen onder de 18 jaar.<\/i><\/p>\n<p>U bent momenteel verbonden met de Integra-website voor de regio&#8217;s Europa, Midden-Oosten en Afrika.<br \/>\n<strong>DE INFORMATIE OP DEZE WEBSITE IS ALLEEN BESTEMD VOOR BEWONERS VAN EUROPA (met uitzondering van Frankrijk en Itali\u00eb), HET MIDDEN-OOSTEN EN AFRIKA.<\/strong><\/p>\n<p><strong>Redactie:<\/strong><br \/>\nIntegra LifeSciences Services (Frankrijk)<br \/>\nSoci\u00e9t\u00e9 par Actions simplifi\u00e9es au capital de 4,717,887.08 \u20ac<\/p>\n<p><b>Adres<\/b><strong>:<\/strong><br \/>\nImmeuble S\u00e9quoia 2<br \/>\n97 All\u00e9e Alexandre Borodine<br \/>\nParc Technologique de la Porte des Alpes<br \/>\n69800 Saint Priest (France)<br \/>\nTelefoon: +33 (0)4 37 47 59 00 \u2013 Fax: +33 (0)4 37 47 59 99<br \/>\nRCS Lyon 492\u00a0534\u00a0466<\/p>\n<p><strong>Publicatiedirecteur:<\/strong><br \/>\n<span lang=\"FR\">Integra LifeSciences Services (Frankrijk)<\/span><\/p>\n<p><strong>Webmaster:<\/strong><br \/>\n<span lang=\"FR\">Integra LifeSciences Services (France)<\/span><\/p>\n<p><strong>Site Host:<\/strong><br \/>\nSAS OVH<br \/>\n2 rue Kellermann<br \/>\n59100 Roubaix (Frankrijk)<\/p>\n<p>Alle inhoud van deze website is eigendom van of wordt gecontroleerd door Integra LifeSciences Corporation of haar dochterondernemingen en wordt beschermd door wereldwijde auteursrechtwetten. U mag de inhoud enkel downloaden voor uw persoonlijk gebruik voor niet-commerci\u00eble doeleinden, maar wijziging of verdere reproductie van de inhoud is niet toegestaan.<br \/>\nDe inhoud mag op geen enkele andere manier worden gekopieerd of gebruikt.<\/p>\n<p>DE INFORMATIE MET INBEGRIP VAN ENIG, ADVIES EN AANBEVELINGEN OP DE WEBSITE IS UITSLUITEND BEDOELD ALS EEN ALGEMEEN EDUCATIEF HULPMIDDEL. HET IS NIET BEDOELD ALS MEDISCH OF GEZONDHEIDSZORGADVIES, OF OM TE WORDEN GEBRUIKT VOOR MEDISCHE DIAGNOSE OF BEHANDELING, VOOR WELKE INDIVIDUELE SITUATIE DAN OOK. HET IS OOK NIET BEDOELD ALS EEN VERVANGING VOOR PROFESSIONEEL ADVIES EN DIENSTEN VAN EEN GEKWALIFICEERDE ZORGVERLENER. VRAAG ALTIJD ADVIES AAN UW ARTS OF EEN ANDERE GEKWALIFICEERDE ZORGVERLENER OVER EEN MEDISCHE AANDOENING EN VOORDAT U EEN NIEUWE BEHANDELING BEGINT. UW GEBRUIK VAN DE SITE IS ONDERWORPEN AAN DE AANVULLENDE DISCLAIMERS EN WAARSCHUWINGEN DIE OP DE WEBSITE KUNNEN VOORKOMEN.<\/p>\n<p>DAARNAAST KAN DE BESCHIKBAARHEID VAN PRODUCTEN DIE OP DEZE WEBSITE WORDEN GETOOND, PER LAND OF REGIO VERSCHILLEN, ALS GEVOLG VAN SPECIFIEKE LOKALE WETTELIJKE GOEDKEURINGS- OF VRIJGAVEVEREISTEN VOOR VERKOOP IN DAT LAND OF DIE REGIO.<\/p>\n<p>De eigenaars van deze site zullen redelijke inspanningen leveren om up-to-date en accurate informatie op te nemen in deze internetsite, maar geven geen verklaringen, garanties of zekerheden over de nauwkeurigheid, actualiteit of volledigheid van de verstrekte informatie. De eigenaars van deze site kunnen niet aansprakelijk worden gesteld voor schade of verwondingen die het gevolg zijn van uw toegang tot, of uw onvermogen om toegang te krijgen tot deze website, of van uw vertrouwen in de informatie die op deze website wordt verstrekt.<\/p>\n<p>Deze website kan links of verwijzingen naar andere sites bevatten, maar de eigenaars van deze site zijn niet verantwoordelijk voor de inhoud van die andere sites en kunnen niet aansprakelijk worden gesteld voor enige schade of letsel die uit die inhoud voortvloeit. Alle links naar andere sites worden louter voor het gemak van de gebruikers van deze website ter beschikking gesteld.<\/p>\n<p>De handelsmerken, dienstmerken, handelsnamen, trade dress en producten op deze internetsite zijn beschermd in de Verenigde Staten en internationaal. Er mag geen gebruik van worden gemaakt zonder de voorafgaande, schriftelijke toestemming van de eigenaars van deze site, behalve om de producten of diensten van het bedrijf te identificeren.<\/p>\n<p>Alle persoonlijk identificeerbare informatie in elektronische communicatie naar deze internetsite valt onder het <a href=\"https:\/\/www.integralife.com\/privacy\">Privacybeleid van deze site<\/a>. Het staat de eigenaars van deze site vrij om alle andere informatie in dergelijke communicaties te gebruiken of te kopi\u00ebren, met inbegrip van alle idee\u00ebn, uitvindingen, concepten, technieken of knowhow die daarin openbaar wordt gemaakt, voor alle doeleinden. Dergelijke doeleinden kunnen de bekendmaking aan derden en\/of de ontwikkeling, productie en\/of marketing van goederen of diensten omvatten.<\/p>\n<p>De afzender van enige communicatie aan deze internetsite of anderszins aan de eigenaars van deze site is verantwoordelijk voor de inhoud en de daarin vervatte informatie, met inbegrip van de waarheidsgetrouwheid en nauwkeurigheid ervan.[\/vc_column_text][\/vc_column][\/vc_row]\n","protected":false},"excerpt":{"rendered":"<p>[vc_row type=&#8221;full_width_background&#8221; full_screen_row_position=&#8221;middle&#8221; column_margin=&#8221;default&#8221; column_direction=&#8221;default&#8221; column_direction_tablet=&#8221;default&#8221; column_direction_phone=&#8221;default&#8221; scene_position=&#8221;center&#8221; text_color=&#8221;light&#8221; text_align=&#8221;left&#8221; row_border_radius=&#8221;none&#8221; row_border_radius_applies=&#8221;bg&#8221; enable_gradient=&#8221;true&#8221; color_overlay=&#8221;#ffd937&#8243; color_overlay_2=&#8221;rgba(255,217,55,0.18)&#8221; overlay_strength=&#8221;0.95&#8243; gradient_direction=&#8221;left_to_right&#8221; enable_shape_divider=&#8221;true&#8221; shape_divider_position=&#8221;bottom&#8221; shape_divider_height=&#8221;100&#8243; bg_image_animation=&#8221;none&#8221; shape_type=&#8221;curve&#8221;][vc_column column_padding=&#8221;padding-14-percent&#8221; column_padding_tablet=&#8221;inherit&#8221; column_padding_phone=&#8221;inherit&#8221; column_padding_position=&#8221;all&#8221; column_element_spacing=&#8221;default&#8221; background_color_opacity=&#8221;1&#8243; background_hover_color_opacity=&#8221;1&#8243; column_shadow=&#8221;none&#8221;&#8230;<\/p>\n","protected":false},"author":1,"featured_media":0,"parent":0,"menu_order":0,"comment_status":"closed","ping_status":"closed","template":"","meta":{"content-type":"","inline_featured_image":false,"footnotes":""},"class_list":["post-1645","page","type-page","status-publish"],"yoast_head":"<!-- This site is optimized with the Yoast SEO plugin v27.4 - https:\/\/yoast.com\/product\/yoast-seo-wordpress\/ -->\n<title>Gebruiksvoorwaarden - hydroandme<\/title>\n<meta name=\"robots\" content=\"index, follow, max-snippet:-1, max-image-preview:large, max-video-preview:-1\" \/>\n<link rel=\"canonical\" href=\"https:\/\/hydroandme.com\/nl\/gebruiksvoorwaarden\/\" \/>\n<meta property=\"og:locale\" content=\"nl_NL\" \/>\n<meta property=\"og:type\" content=\"article\" \/>\n<meta property=\"og:title\" content=\"Gebruiksvoorwaarden - hydroandme\" \/>\n<meta property=\"og:description\" content=\"[vc_row type=&#8221;full_width_background&#8221; full_screen_row_position=&#8221;middle&#8221; column_margin=&#8221;default&#8221; column_direction=&#8221;default&#8221; column_direction_tablet=&#8221;default&#8221; column_direction_phone=&#8221;default&#8221; scene_position=&#8221;center&#8221; text_color=&#8221;light&#8221; text_align=&#8221;left&#8221; row_border_radius=&#8221;none&#8221; row_border_radius_applies=&#8221;bg&#8221; enable_gradient=&#8221;true&#8221; color_overlay=&#8221;#ffd937&#8243; color_overlay_2=&#8221;rgba(255,217,55,0.18)&#8221; overlay_strength=&#8221;0.95&#8243; gradient_direction=&#8221;left_to_right&#8221; enable_shape_divider=&#8221;true&#8221; shape_divider_position=&#8221;bottom&#8221; shape_divider_height=&#8221;100&#8243; bg_image_animation=&#8221;none&#8221; shape_type=&#8221;curve&#8221;][vc_column column_padding=&#8221;padding-14-percent&#8221; column_padding_tablet=&#8221;inherit&#8221; column_padding_phone=&#8221;inherit&#8221; column_padding_position=&#8221;all&#8221; column_element_spacing=&#8221;default&#8221; background_color_opacity=&#8221;1&#8243; background_hover_color_opacity=&#8221;1&#8243; column_shadow=&#8221;none&#8221;...\" \/>\n<meta property=\"og:url\" content=\"https:\/\/hydroandme.com\/nl\/gebruiksvoorwaarden\/\" \/>\n<meta property=\"og:site_name\" content=\"hydroandme\" \/>\n<meta property=\"article:modified_time\" content=\"2022-01-26T11:29:18+00:00\" \/>\n<meta name=\"twitter:card\" content=\"summary_large_image\" \/>\n<meta name=\"twitter:label1\" content=\"Geschatte leestijd\" \/>\n\t<meta name=\"twitter:data1\" content=\"5 minuten\" \/>\n<script type=\"application\/ld+json\" class=\"yoast-schema-graph\">{\"@context\":\"https:\\\/\\\/schema.org\",\"@graph\":[{\"@type\":\"WebPage\",\"@id\":\"https:\\\/\\\/hydroandme.com\\\/nl\\\/gebruiksvoorwaarden\\\/\",\"url\":\"https:\\\/\\\/hydroandme.com\\\/nl\\\/gebruiksvoorwaarden\\\/\",\"name\":\"Gebruiksvoorwaarden - hydroandme\",\"isPartOf\":{\"@id\":\"https:\\\/\\\/hydroandme.com\\\/nl\\\/#website\"},\"datePublished\":\"2022-01-26T11:22:25+00:00\",\"dateModified\":\"2022-01-26T11:29:18+00:00\",\"breadcrumb\":{\"@id\":\"https:\\\/\\\/hydroandme.com\\\/nl\\\/gebruiksvoorwaarden\\\/#breadcrumb\"},\"inLanguage\":\"nl-NL\",\"potentialAction\":[{\"@type\":\"ReadAction\",\"target\":[\"https:\\\/\\\/hydroandme.com\\\/nl\\\/gebruiksvoorwaarden\\\/\"]}]},{\"@type\":\"BreadcrumbList\",\"@id\":\"https:\\\/\\\/hydroandme.com\\\/nl\\\/gebruiksvoorwaarden\\\/#breadcrumb\",\"itemListElement\":[{\"@type\":\"ListItem\",\"position\":1,\"name\":\"Home\",\"item\":\"https:\\\/\\\/hydroandme.com\\\/nl\\\/\"},{\"@type\":\"ListItem\",\"position\":2,\"name\":\"Gebruiksvoorwaarden\"}]},{\"@type\":\"WebSite\",\"@id\":\"https:\\\/\\\/hydroandme.com\\\/nl\\\/#website\",\"url\":\"https:\\\/\\\/hydroandme.com\\\/nl\\\/\",\"name\":\"hydroandme\",\"description\":\"General information on hydrocephalus\",\"potentialAction\":[{\"@type\":\"SearchAction\",\"target\":{\"@type\":\"EntryPoint\",\"urlTemplate\":\"https:\\\/\\\/hydroandme.com\\\/nl\\\/?s={search_term_string}\"},\"query-input\":{\"@type\":\"PropertyValueSpecification\",\"valueRequired\":true,\"valueName\":\"search_term_string\"}}],\"inLanguage\":\"nl-NL\"}]}<\/script>\n<!-- \/ Yoast SEO plugin. -->","yoast_head_json":{"title":"Gebruiksvoorwaarden - hydroandme","robots":{"index":"index","follow":"follow","max-snippet":"max-snippet:-1","max-image-preview":"max-image-preview:large","max-video-preview":"max-video-preview:-1"},"canonical":"https:\/\/hydroandme.com\/nl\/gebruiksvoorwaarden\/","og_locale":"nl_NL","og_type":"article","og_title":"Gebruiksvoorwaarden - hydroandme","og_description":"[vc_row type=&#8221;full_width_background&#8221; full_screen_row_position=&#8221;middle&#8221; column_margin=&#8221;default&#8221; column_direction=&#8221;default&#8221; column_direction_tablet=&#8221;default&#8221; column_direction_phone=&#8221;default&#8221; scene_position=&#8221;center&#8221; text_color=&#8221;light&#8221; text_align=&#8221;left&#8221; row_border_radius=&#8221;none&#8221; row_border_radius_applies=&#8221;bg&#8221; enable_gradient=&#8221;true&#8221; color_overlay=&#8221;#ffd937&#8243; color_overlay_2=&#8221;rgba(255,217,55,0.18)&#8221; overlay_strength=&#8221;0.95&#8243; gradient_direction=&#8221;left_to_right&#8221; enable_shape_divider=&#8221;true&#8221; shape_divider_position=&#8221;bottom&#8221; shape_divider_height=&#8221;100&#8243; bg_image_animation=&#8221;none&#8221; shape_type=&#8221;curve&#8221;][vc_column column_padding=&#8221;padding-14-percent&#8221; column_padding_tablet=&#8221;inherit&#8221; column_padding_phone=&#8221;inherit&#8221; column_padding_position=&#8221;all&#8221; column_element_spacing=&#8221;default&#8221; background_color_opacity=&#8221;1&#8243; background_hover_color_opacity=&#8221;1&#8243; column_shadow=&#8221;none&#8221;...","og_url":"https:\/\/hydroandme.com\/nl\/gebruiksvoorwaarden\/","og_site_name":"hydroandme","article_modified_time":"2022-01-26T11:29:18+00:00","twitter_card":"summary_large_image","twitter_misc":{"Geschatte leestijd":"5 minuten"},"schema":{"@context":"https:\/\/schema.org","@graph":[{"@type":"WebPage","@id":"https:\/\/hydroandme.com\/nl\/gebruiksvoorwaarden\/","url":"https:\/\/hydroandme.com\/nl\/gebruiksvoorwaarden\/","name":"Gebruiksvoorwaarden - hydroandme","isPartOf":{"@id":"https:\/\/hydroandme.com\/nl\/#website"},"datePublished":"2022-01-26T11:22:25+00:00","dateModified":"2022-01-26T11:29:18+00:00","breadcrumb":{"@id":"https:\/\/hydroandme.com\/nl\/gebruiksvoorwaarden\/#breadcrumb"},"inLanguage":"nl-NL","potentialAction":[{"@type":"ReadAction","target":["https:\/\/hydroandme.com\/nl\/gebruiksvoorwaarden\/"]}]},{"@type":"BreadcrumbList","@id":"https:\/\/hydroandme.com\/nl\/gebruiksvoorwaarden\/#breadcrumb","itemListElement":[{"@type":"ListItem","position":1,"name":"Home","item":"https:\/\/hydroandme.com\/nl\/"},{"@type":"ListItem","position":2,"name":"Gebruiksvoorwaarden"}]},{"@type":"WebSite","@id":"https:\/\/hydroandme.com\/nl\/#website","url":"https:\/\/hydroandme.com\/nl\/","name":"hydroandme","description":"General information on hydrocephalus","potentialAction":[{"@type":"SearchAction","target":{"@type":"EntryPoint","urlTemplate":"https:\/\/hydroandme.com\/nl\/?s={search_term_string}"},"query-input":{"@type":"PropertyValueSpecification","valueRequired":true,"valueName":"search_term_string"}}],"inLanguage":"nl-NL"}]}},"jetpack_sharing_enabled":true,"_links":{"self":[{"href":"https:\/\/hydroandme.com\/nl\/wp-json\/wp\/v2\/pages\/1645","targetHints":{"allow":["GET"]}}],"collection":[{"href":"https:\/\/hydroandme.com\/nl\/wp-json\/wp\/v2\/pages"}],"about":[{"href":"https:\/\/hydroandme.com\/nl\/wp-json\/wp\/v2\/types\/page"}],"author":[{"embeddable":true,"href":"https:\/\/hydroandme.com\/nl\/wp-json\/wp\/v2\/users\/1"}],"replies":[{"embeddable":true,"href":"https:\/\/hydroandme.com\/nl\/wp-json\/wp\/v2\/comments?post=1645"}],"version-history":[{"count":1,"href":"https:\/\/hydroandme.com\/nl\/wp-json\/wp\/v2\/pages\/1645\/revisions"}],"predecessor-version":[{"id":1648,"href":"https:\/\/hydroandme.com\/nl\/wp-json\/wp\/v2\/pages\/1645\/revisions\/1648"}],"wp:attachment":[{"href":"https:\/\/hydroandme.com\/nl\/wp-json\/wp\/v2\/media?parent=1645"}],"curies":[{"name":"wp","href":"https:\/\/api.w.org\/{rel}","templated":true}]}}